{"id":194,"date":"2022-07-19T17:19:37","date_gmt":"2022-07-19T15:19:37","guid":{"rendered":"http:\/\/osteopathe-barral-franconville.com\/?page_id=194"},"modified":"2022-08-23T17:20:33","modified_gmt":"2022-08-23T15:20:33","slug":"osteopathe-pour-le-suivi-de-la-grossesse-a-franconville","status":"publish","type":"page","link":"https:\/\/osteopathe-barral-franconville.com\/index.php\/osteopathe-pour-le-suivi-de-la-grossesse-a-franconville\/","title":{"rendered":"Ost\u00e9opathe pour le suivi de la grossesse \u00e0 Franconville."},"content":{"rendered":"\n<p>Votre ost\u00e9opathe, Pierre Barral, vous suit tout au long de votre grossesse \u00e0 Franconville dans le Val d&rsquo;Oise.  Il vous permettra qu&rsquo;elle soit le plus agr\u00e9able possible.<\/p>\n\n\n\n<div class=\"wp-block-media-text is-stacked-on-mobile\" style=\"grid-template-columns:30% auto\"><figure class=\"wp-block-media-text__media\"><img loading=\"lazy\" decoding=\"async\" width=\"1024\" height=\"683\" src=\"https:\/\/osteopathe-barral-franconville.com\/wp-content\/uploads\/2022\/07\/femme-enceinte-1024x683.jpg\" alt=\"grossesse et ost\u00e9opathe\" class=\"wp-image-257 size-full\" srcset=\"https:\/\/osteopathe-barral-franconville.com\/wp-content\/uploads\/2022\/07\/femme-enceinte-1024x683.jpg 1024w, https:\/\/osteopathe-barral-franconville.com\/wp-content\/uploads\/2022\/07\/femme-enceinte-300x200.jpg 300w, https:\/\/osteopathe-barral-franconville.com\/wp-content\/uploads\/2022\/07\/femme-enceinte-768x512.jpg 768w, https:\/\/osteopathe-barral-franconville.com\/wp-content\/uploads\/2022\/07\/femme-enceinte-1536x1024.jpg 1536w\" sizes=\"auto, (max-width: 1024px) 100vw, 1024px\" \/><\/figure><div class=\"wp-block-media-text__content\">\n<p>La grossesse est une p\u00e9riode de grands changements arrivant tr\u00e8s rapidement. Elle peut provoquer diff\u00e9rents d\u00e9sagr\u00e9ments digestifs, \u00e9motionnels et m\u00e9caniques comme les douleurs du dos ou des sensations de pesanteur. L&rsquo; ost\u00e9opathe vous aide \u00e0 r\u00e9pondre \u00e0 ces difficult\u00e9s et vous soulage de vos maux.<\/p>\n<\/div><\/div>\n\n\n\n<p>La grossesse est une p\u00e9riode de grands changements arrivant tr\u00e8s rapidement. Elle peut provoquer diff\u00e9rents d\u00e9sagr\u00e9ments digestifs, \u00e9motionnels et m\u00e9caniques comme les douleurs du dos ou des sensations de pesanteur. L&rsquo; ost\u00e9opathe vous aide \u00e0 r\u00e9pondre \u00e0 ces difficult\u00e9s et vous soulage de vos maux.<\/p>\n\n\n\n<h2 class=\"wp-block-heading\" style=\"font-size:30px\"><strong>Quel soulagement apporte l&rsquo;ost\u00e9opathe pendant la grossesse?<\/strong><\/h2>\n\n\n\n<p>La grossesse est une p\u00e9riode d&rsquo;importantes modifications au cours de laquelle de nombreux troubles peuvent appara\u00eetre.<\/p>\n\n\n\n<ul class=\"wp-block-list\"><li><strong>Les troubles digestifs pendant la grossesse<\/strong><\/li><\/ul>\n\n\n\n<p>En se d\u00e9veloppant le f\u0153tus va prendre de plus en plus de place dans le ventre de sa m\u00e8re en repoussant les diff\u00e9rents organes. Ces derniers ne pourront ainsi plus toujours remplir leur fonction de fa\u00e7on ad\u00e9quate. Cela peut se traduire par des remont\u00e9es acides, des \u00e9pisodes de diarrh\u00e9e ou de constipation, des naus\u00e9es ou simplement une sensation de lourdeur. L&rsquo;ost\u00e9opathe peut aider le corps \u00e0 s&rsquo;adapter \u00e0 cette nouvelle configuration et faire dispara\u00eetre les sympt\u00f4mes ou bien les diminuer fortement.<\/p>\n\n\n\n<ul class=\"wp-block-list\"><li><strong>Les <a href=\"https:\/\/osteopathe-barral-franconville.com\/index.php\/2022\/07\/26\/lumbago-blocage-osteopathe\/\" target=\"_blank\" rel=\"noreferrer noopener\">douleurs lombaires<\/a> et les sciatiques pendant la grossesse<\/strong><\/li><\/ul>\n\n\n\n<p>Autre douleur tr\u00e8s fr\u00e9quente chez la femme enceinte. La grossesse modifie tout l&rsquo;\u00e9quilibre postural ainsi que la laxit\u00e9 des diff\u00e9rentes structures afin de permettre d&rsquo;accueillir le f\u0153tus. Malheureusement, il est fr\u00e9quent que le corps ait du mal \u00e0 s&rsquo;adapter. Le bassin et les lombaires sont les zones les plus sollicit\u00e9es et donc aussi les plus fr\u00e9quemment atteintes. Il en r\u00e9sulte des douleurs et parfois l&rsquo;irritation de certains nerfs pouvant provoquer des sciatalgies.<\/p>\n\n\n\n<ul class=\"wp-block-list\"><li><strong>Les troubles circulatoires et les difficult\u00e9s respiratoires pendant la grossesse<\/strong><\/li><\/ul>\n\n\n\n<p>Les changements dans le ventre augmentent la pression abdominale. On retrouve deux cons\u00e9quences \u00e0 cette augmentation.<\/p>\n\n\n\n<p>La premi\u00e8re, le sang remonte plus difficilement des jambes. Cela peut provoquer des gonflements et des sensations de jambes lourdes.<\/p>\n\n\n\n<p>La deuxi\u00e8me, le diaphragme a plus de difficult\u00e9 \u00e0 fonctionner et la respiration devient plus difficile. On peut retrouver une sensation d&rsquo;effort ou l&rsquo;impression de ne pas pouvoir prendre une grande inspiration.<\/p>\n\n\n\n<h2 class=\"wp-block-heading\" style=\"font-size:30px\"><strong>Quand consulter un ost\u00e9opathe pendant et apr\u00e8s sa grossesse?<\/strong><\/h2>\n\n\n\n<p>On retrouve diff\u00e9rents moments fr\u00e9quents o\u00f9 le besoin de consulter sera plus important en raison de diff\u00e9rents troubles. Il est int\u00e9ressant de faire une consultation environ tous les 3 mois, m\u00eame si tout va bien, afin de s&rsquo;assurer que tout va bien et pr\u00e9venir l&rsquo;apparition de certains probl\u00e8mes. Autrement d\u00e8s l&rsquo;apparition d&rsquo;une g\u00eane ou d&rsquo;une douleur il est bien de consulter rapidement afin d&rsquo;apporter la meilleure r\u00e9ponse possible.<\/p>\n\n\n\n<p>Il existe 2 autres cas o\u00f9 la consultation est recommand\u00e9e au cours de la grossesse.<\/p>\n\n\n\n<ul class=\"wp-block-list\"><li><strong>La pr\u00e9paration \u00e0 l&rsquo;accouchement<\/strong><\/li><\/ul>\n\n\n\n<p>Au cours du 8\u00e8 mois il est bon de consulter un ost\u00e9opathe afin de s&rsquo;assurer de la bonne mobilit\u00e9 des diff\u00e9rents tissus et structure. On donne ainsi les meilleures conditions possibles au corps pour un bon accouchement. Il sera question de s&rsquo;assurer de la bonne mobilit\u00e9 du dos, du diaphragme, des os du bassin. Il sera \u00e9galement important de s&rsquo;assurer une bonne \u00e9lasticit\u00e9 du plancher pelvien afin de limiter les risques de d\u00e9chirure ou le besoin d&rsquo;une \u00e9pisiotomie.<\/p>\n\n\n\n<ul class=\"wp-block-list\"><li><strong>La consultation post-partum<\/strong><\/li><\/ul>\n\n\n\n<p>A la suite de l&rsquo;accouchement, il faut plusieurs semaines au corps pour se r\u00e9adapter. Les hormones sont dans des concentrations inhabituelles, la variation de poids suite \u00e0 l&rsquo;accouchement perturbe l&rsquo;\u00e9quilibre, et la fatigue li\u00e9e aux efforts fournis sont tr\u00e8s \u00e9prouvantes.<\/p>\n\n\n\n<p>Il peut \u00eatre int\u00e9ressant de patienter un peu apr\u00e8s l&rsquo;accouchement le temps de laisser au corps la possibilit\u00e9 de se r\u00e9adapter. N\u00e9anmoins, si des probl\u00e8mes importants sont pr\u00e9sents il ne faut pas h\u00e9siter \u00e0 contacter votre ost\u00e9opathe.<\/p>\n\n\n\n<h2 class=\"wp-block-heading\" style=\"font-size:30px\"><strong>Quels sont les contres indications \u00e0 l&rsquo;ost\u00e9opathie durant la grossesse?<\/strong><\/h2>\n\n\n\n<p>L&rsquo;ost\u00e9opathie durant la grossesse ne pr\u00e9sente pas de contre indications mais n\u00e9cessite une pratique adapt\u00e9e \u00e0 la condition de la femme enceinte.<\/p>\n\n\n\n<p>Il est tr\u00e8s important de faire un suivi r\u00e9gulier avec la sage-femme et\/ou l&rsquo;obst\u00e9tricien qui s&rsquo;occupe du suivi de la grossesse afin de d\u00e9tecter tout probl\u00e8me n\u00e9cessitant une intervention m\u00e9dicale.<\/p>\n","protected":false},"excerpt":{"rendered":"<p>Votre ost\u00e9opathe, Pierre Barral, vous suit tout au long de votre grossesse \u00e0 Franconville dans le Val d&rsquo;Oise. Il vous permettra qu&rsquo;elle soit le plus agr\u00e9able possible. La grossesse est une p\u00e9riode de grands changements arrivant tr\u00e8s rapidement. Elle peut provoquer diff\u00e9rents d\u00e9sagr\u00e9ments digestifs, \u00e9motionnels et m\u00e9caniques comme les douleurs [&hellip;]<\/p>\n","protected":false},"author":1,"featured_media":0,"parent":0,"menu_order":0,"comment_status":"closed","ping_status":"closed","template":"","meta":{"footnotes":""},"class_list":["post-194","page","type-page","status-publish","hentry"],"yoast_head":"<!-- This site is optimized with the Yoast SEO plugin v27.4 - https:\/\/yoast.com\/product\/yoast-seo-wordpress\/ -->\n<title>Ost\u00e9opathe pour le suivi de la grossesse \u00e0 Franconville. -<\/title>\n<meta name=\"description\" content=\"La grossesse provoque de nombreux changement qui peuvent \u00eatre \u00e0 l&#039;origine de douleurs ou trouble digestifs. L&#039;ost\u00e9opathe peut les soulager.\" \/>\n<meta name=\"robots\" content=\"index, follow, max-snippet:-1, max-image-preview:large, max-video-preview:-1\" \/>\n<link rel=\"canonical\" href=\"https:\/\/osteopathe-barral-franconville.com\/index.php\/osteopathe-pour-le-suivi-de-la-grossesse-a-franconville\/\" \/>\n<meta property=\"og:locale\" content=\"fr_FR\" \/>\n<meta property=\"og:type\" content=\"article\" \/>\n<meta property=\"og:title\" content=\"Ost\u00e9opathe pour le suivi de la grossesse \u00e0 Franconville. -\" \/>\n<meta property=\"og:description\" content=\"La grossesse provoque de nombreux changement qui peuvent \u00eatre \u00e0 l&#039;origine de douleurs ou trouble digestifs. L&#039;ost\u00e9opathe peut les soulager.\" \/>\n<meta property=\"og:url\" content=\"https:\/\/osteopathe-barral-franconville.com\/index.php\/osteopathe-pour-le-suivi-de-la-grossesse-a-franconville\/\" \/>\n<meta property=\"article:modified_time\" content=\"2022-08-23T15:20:33+00:00\" \/>\n<meta property=\"og:image\" content=\"https:\/\/osteopathe-barral-franconville.com\/wp-content\/uploads\/2022\/07\/femme-enceinte-1024x683.jpg\" \/>\n<meta name=\"twitter:card\" content=\"summary_large_image\" \/>\n<meta name=\"twitter:label1\" content=\"Dur\u00e9e de lecture estim\u00e9e\" \/>\n\t<meta name=\"twitter:data1\" content=\"4 minutes\" \/>\n<script type=\"application\/ld+json\" class=\"yoast-schema-graph\">{\"@context\":\"https:\\\/\\\/schema.org\",\"@graph\":[{\"@type\":\"Article\",\"@id\":\"https:\\\/\\\/osteopathe-barral-franconville.com\\\/index.php\\\/osteopathe-pour-le-suivi-de-la-grossesse-a-franconville\\\/#article\",\"isPartOf\":{\"@id\":\"https:\\\/\\\/osteopathe-barral-franconville.com\\\/index.php\\\/osteopathe-pour-le-suivi-de-la-grossesse-a-franconville\\\/\"},\"author\":{\"name\":\"Pierre Barral\",\"@id\":\"https:\\\/\\\/osteopathe-barral-franconville.com\\\/#\\\/schema\\\/person\\\/76a390cd53e6922c2703c54c055821a4\"},\"headline\":\"Ost\u00e9opathe pour le suivi de la grossesse \u00e0 Franconville.\",\"datePublished\":\"2022-07-19T15:19:37+00:00\",\"dateModified\":\"2022-08-23T15:20:33+00:00\",\"mainEntityOfPage\":{\"@id\":\"https:\\\/\\\/osteopathe-barral-franconville.com\\\/index.php\\\/osteopathe-pour-le-suivi-de-la-grossesse-a-franconville\\\/\"},\"wordCount\":783,\"image\":{\"@id\":\"https:\\\/\\\/osteopathe-barral-franconville.com\\\/index.php\\\/osteopathe-pour-le-suivi-de-la-grossesse-a-franconville\\\/#primaryimage\"},\"thumbnailUrl\":\"https:\\\/\\\/osteopathe-barral-franconville.com\\\/wp-content\\\/uploads\\\/2022\\\/07\\\/femme-enceinte-1024x683.jpg\",\"inLanguage\":\"fr-FR\"},{\"@type\":[\"WebPage\",\"MedicalWebPage\"],\"@id\":\"https:\\\/\\\/osteopathe-barral-franconville.com\\\/index.php\\\/osteopathe-pour-le-suivi-de-la-grossesse-a-franconville\\\/\",\"url\":\"https:\\\/\\\/osteopathe-barral-franconville.com\\\/index.php\\\/osteopathe-pour-le-suivi-de-la-grossesse-a-franconville\\\/\",\"name\":\"Ost\u00e9opathe pour le suivi de la grossesse \u00e0 Franconville. -\",\"isPartOf\":{\"@id\":\"https:\\\/\\\/osteopathe-barral-franconville.com\\\/#website\"},\"primaryImageOfPage\":{\"@id\":\"https:\\\/\\\/osteopathe-barral-franconville.com\\\/index.php\\\/osteopathe-pour-le-suivi-de-la-grossesse-a-franconville\\\/#primaryimage\"},\"image\":{\"@id\":\"https:\\\/\\\/osteopathe-barral-franconville.com\\\/index.php\\\/osteopathe-pour-le-suivi-de-la-grossesse-a-franconville\\\/#primaryimage\"},\"thumbnailUrl\":\"https:\\\/\\\/osteopathe-barral-franconville.com\\\/wp-content\\\/uploads\\\/2022\\\/07\\\/femme-enceinte-1024x683.jpg\",\"datePublished\":\"2022-07-19T15:19:37+00:00\",\"dateModified\":\"2022-08-23T15:20:33+00:00\",\"description\":\"La grossesse provoque de nombreux changement qui peuvent \u00eatre \u00e0 l'origine de douleurs ou trouble digestifs. L'ost\u00e9opathe peut les soulager.\",\"breadcrumb\":{\"@id\":\"https:\\\/\\\/osteopathe-barral-franconville.com\\\/index.php\\\/osteopathe-pour-le-suivi-de-la-grossesse-a-franconville\\\/#breadcrumb\"},\"inLanguage\":\"fr-FR\",\"potentialAction\":[{\"@type\":\"ReadAction\",\"target\":[\"https:\\\/\\\/osteopathe-barral-franconville.com\\\/index.php\\\/osteopathe-pour-le-suivi-de-la-grossesse-a-franconville\\\/\"]}]},{\"@type\":\"ImageObject\",\"inLanguage\":\"fr-FR\",\"@id\":\"https:\\\/\\\/osteopathe-barral-franconville.com\\\/index.php\\\/osteopathe-pour-le-suivi-de-la-grossesse-a-franconville\\\/#primaryimage\",\"url\":\"https:\\\/\\\/osteopathe-barral-franconville.com\\\/wp-content\\\/uploads\\\/2022\\\/07\\\/femme-enceinte-1024x683.jpg\",\"contentUrl\":\"https:\\\/\\\/osteopathe-barral-franconville.com\\\/wp-content\\\/uploads\\\/2022\\\/07\\\/femme-enceinte-1024x683.jpg\"},{\"@type\":\"BreadcrumbList\",\"@id\":\"https:\\\/\\\/osteopathe-barral-franconville.com\\\/index.php\\\/osteopathe-pour-le-suivi-de-la-grossesse-a-franconville\\\/#breadcrumb\",\"itemListElement\":[{\"@type\":\"ListItem\",\"position\":1,\"name\":\"Accueil\",\"item\":\"https:\\\/\\\/osteopathe-barral-franconville.com\\\/\"},{\"@type\":\"ListItem\",\"position\":2,\"name\":\"Ost\u00e9opathe pour le suivi de la grossesse \u00e0 Franconville.\"}]},{\"@type\":\"WebSite\",\"@id\":\"https:\\\/\\\/osteopathe-barral-franconville.com\\\/#website\",\"url\":\"https:\\\/\\\/osteopathe-barral-franconville.com\\\/\",\"name\":\"\",\"description\":\"\",\"potentialAction\":[{\"@type\":\"SearchAction\",\"target\":{\"@type\":\"EntryPoint\",\"urlTemplate\":\"https:\\\/\\\/osteopathe-barral-franconville.com\\\/?s={search_term_string}\"},\"query-input\":{\"@type\":\"PropertyValueSpecification\",\"valueRequired\":true,\"valueName\":\"search_term_string\"}}],\"inLanguage\":\"fr-FR\"},{\"@type\":\"Person\",\"@id\":\"https:\\\/\\\/osteopathe-barral-franconville.com\\\/#\\\/schema\\\/person\\\/76a390cd53e6922c2703c54c055821a4\",\"name\":\"Pierre Barral\",\"image\":{\"@type\":\"ImageObject\",\"inLanguage\":\"fr-FR\",\"@id\":\"https:\\\/\\\/secure.gravatar.com\\\/avatar\\\/557ad41208809711e225d06cc3af8c999c121a71c4eb251e74c5ff323e0bb1d5?s=96&d=mm&r=g\",\"url\":\"https:\\\/\\\/secure.gravatar.com\\\/avatar\\\/557ad41208809711e225d06cc3af8c999c121a71c4eb251e74c5ff323e0bb1d5?s=96&d=mm&r=g\",\"contentUrl\":\"https:\\\/\\\/secure.gravatar.com\\\/avatar\\\/557ad41208809711e225d06cc3af8c999c121a71c4eb251e74c5ff323e0bb1d5?s=96&d=mm&r=g\",\"caption\":\"Pierre Barral\"},\"sameAs\":[\"http:\\\/\\\/osteopathe-barral-franconville.com\"],\"url\":\"https:\\\/\\\/osteopathe-barral-franconville.com\\\/index.php\\\/author\\\/admin7043\\\/\"}]}<\/script>\n<!-- \/ Yoast SEO plugin. -->","yoast_head_json":{"title":"Ost\u00e9opathe pour le suivi de la grossesse \u00e0 Franconville. -","description":"La grossesse provoque de nombreux changement qui peuvent \u00eatre \u00e0 l'origine de douleurs ou trouble digestifs. L'ost\u00e9opathe peut les soulager.","robots":{"index":"index","follow":"follow","max-snippet":"max-snippet:-1","max-image-preview":"max-image-preview:large","max-video-preview":"max-video-preview:-1"},"canonical":"https:\/\/osteopathe-barral-franconville.com\/index.php\/osteopathe-pour-le-suivi-de-la-grossesse-a-franconville\/","og_locale":"fr_FR","og_type":"article","og_title":"Ost\u00e9opathe pour le suivi de la grossesse \u00e0 Franconville. -","og_description":"La grossesse provoque de nombreux changement qui peuvent \u00eatre \u00e0 l'origine de douleurs ou trouble digestifs. L'ost\u00e9opathe peut les soulager.","og_url":"https:\/\/osteopathe-barral-franconville.com\/index.php\/osteopathe-pour-le-suivi-de-la-grossesse-a-franconville\/","article_modified_time":"2022-08-23T15:20:33+00:00","og_image":[{"url":"https:\/\/osteopathe-barral-franconville.com\/wp-content\/uploads\/2022\/07\/femme-enceinte-1024x683.jpg","type":"","width":"","height":""}],"twitter_card":"summary_large_image","twitter_misc":{"Dur\u00e9e de lecture estim\u00e9e":"4 minutes"},"schema":{"@context":"https:\/\/schema.org","@graph":[{"@type":"Article","@id":"https:\/\/osteopathe-barral-franconville.com\/index.php\/osteopathe-pour-le-suivi-de-la-grossesse-a-franconville\/#article","isPartOf":{"@id":"https:\/\/osteopathe-barral-franconville.com\/index.php\/osteopathe-pour-le-suivi-de-la-grossesse-a-franconville\/"},"author":{"name":"Pierre Barral","@id":"https:\/\/osteopathe-barral-franconville.com\/#\/schema\/person\/76a390cd53e6922c2703c54c055821a4"},"headline":"Ost\u00e9opathe pour le suivi de la grossesse \u00e0 Franconville.","datePublished":"2022-07-19T15:19:37+00:00","dateModified":"2022-08-23T15:20:33+00:00","mainEntityOfPage":{"@id":"https:\/\/osteopathe-barral-franconville.com\/index.php\/osteopathe-pour-le-suivi-de-la-grossesse-a-franconville\/"},"wordCount":783,"image":{"@id":"https:\/\/osteopathe-barral-franconville.com\/index.php\/osteopathe-pour-le-suivi-de-la-grossesse-a-franconville\/#primaryimage"},"thumbnailUrl":"https:\/\/osteopathe-barral-franconville.com\/wp-content\/uploads\/2022\/07\/femme-enceinte-1024x683.jpg","inLanguage":"fr-FR"},{"@type":["WebPage","MedicalWebPage"],"@id":"https:\/\/osteopathe-barral-franconville.com\/index.php\/osteopathe-pour-le-suivi-de-la-grossesse-a-franconville\/","url":"https:\/\/osteopathe-barral-franconville.com\/index.php\/osteopathe-pour-le-suivi-de-la-grossesse-a-franconville\/","name":"Ost\u00e9opathe pour le suivi de la grossesse \u00e0 Franconville. -","isPartOf":{"@id":"https:\/\/osteopathe-barral-franconville.com\/#website"},"primaryImageOfPage":{"@id":"https:\/\/osteopathe-barral-franconville.com\/index.php\/osteopathe-pour-le-suivi-de-la-grossesse-a-franconville\/#primaryimage"},"image":{"@id":"https:\/\/osteopathe-barral-franconville.com\/index.php\/osteopathe-pour-le-suivi-de-la-grossesse-a-franconville\/#primaryimage"},"thumbnailUrl":"https:\/\/osteopathe-barral-franconville.com\/wp-content\/uploads\/2022\/07\/femme-enceinte-1024x683.jpg","datePublished":"2022-07-19T15:19:37+00:00","dateModified":"2022-08-23T15:20:33+00:00","description":"La grossesse provoque de nombreux changement qui peuvent \u00eatre \u00e0 l'origine de douleurs ou trouble digestifs. L'ost\u00e9opathe peut les soulager.","breadcrumb":{"@id":"https:\/\/osteopathe-barral-franconville.com\/index.php\/osteopathe-pour-le-suivi-de-la-grossesse-a-franconville\/#breadcrumb"},"inLanguage":"fr-FR","potentialAction":[{"@type":"ReadAction","target":["https:\/\/osteopathe-barral-franconville.com\/index.php\/osteopathe-pour-le-suivi-de-la-grossesse-a-franconville\/"]}]},{"@type":"ImageObject","inLanguage":"fr-FR","@id":"https:\/\/osteopathe-barral-franconville.com\/index.php\/osteopathe-pour-le-suivi-de-la-grossesse-a-franconville\/#primaryimage","url":"https:\/\/osteopathe-barral-franconville.com\/wp-content\/uploads\/2022\/07\/femme-enceinte-1024x683.jpg","contentUrl":"https:\/\/osteopathe-barral-franconville.com\/wp-content\/uploads\/2022\/07\/femme-enceinte-1024x683.jpg"},{"@type":"BreadcrumbList","@id":"https:\/\/osteopathe-barral-franconville.com\/index.php\/osteopathe-pour-le-suivi-de-la-grossesse-a-franconville\/#breadcrumb","itemListElement":[{"@type":"ListItem","position":1,"name":"Accueil","item":"https:\/\/osteopathe-barral-franconville.com\/"},{"@type":"ListItem","position":2,"name":"Ost\u00e9opathe pour le suivi de la grossesse \u00e0 Franconville."}]},{"@type":"WebSite","@id":"https:\/\/osteopathe-barral-franconville.com\/#website","url":"https:\/\/osteopathe-barral-franconville.com\/","name":"","description":"","potentialAction":[{"@type":"SearchAction","target":{"@type":"EntryPoint","urlTemplate":"https:\/\/osteopathe-barral-franconville.com\/?s={search_term_string}"},"query-input":{"@type":"PropertyValueSpecification","valueRequired":true,"valueName":"search_term_string"}}],"inLanguage":"fr-FR"},{"@type":"Person","@id":"https:\/\/osteopathe-barral-franconville.com\/#\/schema\/person\/76a390cd53e6922c2703c54c055821a4","name":"Pierre Barral","image":{"@type":"ImageObject","inLanguage":"fr-FR","@id":"https:\/\/secure.gravatar.com\/avatar\/557ad41208809711e225d06cc3af8c999c121a71c4eb251e74c5ff323e0bb1d5?s=96&d=mm&r=g","url":"https:\/\/secure.gravatar.com\/avatar\/557ad41208809711e225d06cc3af8c999c121a71c4eb251e74c5ff323e0bb1d5?s=96&d=mm&r=g","contentUrl":"https:\/\/secure.gravatar.com\/avatar\/557ad41208809711e225d06cc3af8c999c121a71c4eb251e74c5ff323e0bb1d5?s=96&d=mm&r=g","caption":"Pierre Barral"},"sameAs":["http:\/\/osteopathe-barral-franconville.com"],"url":"https:\/\/osteopathe-barral-franconville.com\/index.php\/author\/admin7043\/"}]}},"_links":{"self":[{"href":"https:\/\/osteopathe-barral-franconville.com\/index.php\/wp-json\/wp\/v2\/pages\/194","targetHints":{"allow":["GET"]}}],"collection":[{"href":"https:\/\/osteopathe-barral-franconville.com\/index.php\/wp-json\/wp\/v2\/pages"}],"about":[{"href":"https:\/\/osteopathe-barral-franconville.com\/index.php\/wp-json\/wp\/v2\/types\/page"}],"author":[{"embeddable":true,"href":"https:\/\/osteopathe-barral-franconville.com\/index.php\/wp-json\/wp\/v2\/users\/1"}],"replies":[{"embeddable":true,"href":"https:\/\/osteopathe-barral-franconville.com\/index.php\/wp-json\/wp\/v2\/comments?post=194"}],"version-history":[{"count":3,"href":"https:\/\/osteopathe-barral-franconville.com\/index.php\/wp-json\/wp\/v2\/pages\/194\/revisions"}],"predecessor-version":[{"id":346,"href":"https:\/\/osteopathe-barral-franconville.com\/index.php\/wp-json\/wp\/v2\/pages\/194\/revisions\/346"}],"wp:attachment":[{"href":"https:\/\/osteopathe-barral-franconville.com\/index.php\/wp-json\/wp\/v2\/media?parent=194"}],"curies":[{"name":"wp","href":"https:\/\/api.w.org\/{rel}","templated":true}]}}