{"id":198,"date":"2022-07-19T17:55:53","date_gmt":"2022-07-19T15:55:53","guid":{"rendered":"http:\/\/osteopathe-barral-franconville.com\/?page_id=198"},"modified":"2022-08-23T17:18:31","modified_gmt":"2022-08-23T15:18:31","slug":"osteopathe-pour-le-plus-jeune-age-nourrissons-et-enfants-a-franconville","status":"publish","type":"page","link":"https:\/\/osteopathe-barral-franconville.com\/index.php\/osteopathe-pour-le-plus-jeune-age-nourrissons-et-enfants-a-franconville\/","title":{"rendered":"Ost\u00e9opathe pour b\u00e9b\u00e9s et enfants."},"content":{"rendered":"\n<div class=\"wp-block-media-text has-media-on-the-right is-stacked-on-mobile is-vertically-aligned-center\" style=\"grid-template-columns:auto 34%\"><figure class=\"wp-block-media-text__media\"><img loading=\"lazy\" decoding=\"async\" width=\"683\" height=\"1024\" src=\"https:\/\/osteopathe-barral-franconville.com\/wp-content\/uploads\/2022\/07\/bebe-osteo-683x1024.jpg\" alt=\"ost\u00e9opathe b\u00e9b\u00e9\" class=\"wp-image-254 size-full\" srcset=\"https:\/\/osteopathe-barral-franconville.com\/wp-content\/uploads\/2022\/07\/bebe-osteo-683x1024.jpg 683w, https:\/\/osteopathe-barral-franconville.com\/wp-content\/uploads\/2022\/07\/bebe-osteo-200x300.jpg 200w, https:\/\/osteopathe-barral-franconville.com\/wp-content\/uploads\/2022\/07\/bebe-osteo-768x1152.jpg 768w, https:\/\/osteopathe-barral-franconville.com\/wp-content\/uploads\/2022\/07\/bebe-osteo-1024x1536.jpg 1024w, https:\/\/osteopathe-barral-franconville.com\/wp-content\/uploads\/2022\/07\/bebe-osteo-1365x2048.jpg 1365w, https:\/\/osteopathe-barral-franconville.com\/wp-content\/uploads\/2022\/07\/bebe-osteo-scaled.jpg 1707w\" sizes=\"auto, (max-width: 683px) 100vw, 683px\" \/><\/figure><div class=\"wp-block-media-text__content\">\n<p>D\u00e8s sa naissance un b\u00e9b\u00e9 peut b\u00e9n\u00e9ficier des soins d&rsquo;un ost\u00e9opathe. La jeunesse n&#8217;emp\u00eachant malheureusement pas de subir certaines tensions de la vie quotidienne ou d&rsquo;autres \u00e9v\u00e9nements comme l&rsquo;accouchement. <a href=\"https:\/\/osteopathe-barral-franconville.com\/index.php\/votre-osteopathe-franconville-val-doise\/\" target=\"_blank\" rel=\"noreferrer noopener\">Pierre Barral, ost\u00e9opathe \u00e0 Franconville<\/a> vous re\u00e7oit dans son cabinet du Val d&rsquo;Oise. Les nourrissons et les enfants peuvent pr\u00e9senter certains troubles en fonction de leur v\u00e9cu et de leur d\u00e9veloppement. Il est important de prendre en charge ces diff\u00e9rents probl\u00e8mes rapidement. Les enfants ayant une capacit\u00e9 de r\u00e9adaptation plus importante que les adultes. L&rsquo;ost\u00e9opathie peut prendre en charge de nombreux probl\u00e8mes rencontr\u00e9s dans l&rsquo;enfance afin de permettre une croissance dans les meilleures conditions.<\/p>\n<\/div><\/div>\n\n\n\n<h2 class=\"wp-block-heading\" style=\"font-size:30px\"><strong>A partir de quel \u00e2ge un b\u00e9b\u00e9 peut voir un ost\u00e9opathe?<\/strong><\/h2>\n\n\n\n<p>Les enfants peuvent b\u00e9n\u00e9ficier de soin ost\u00e9opathique d\u00e8s la naissance. On pourra m\u00eame dire qu&rsquo;il est recommandable qu&rsquo;ils en b\u00e9n\u00e9ficient d\u00e8s leur naissance.<\/p>\n\n\n\n<p>La naissance peut \u00eatre assimiler au premier \u00ab\u00a0traumatisme\u00a0\u00bb de la vie. Le passage lors de la naissance soumet l&rsquo;enfant a de nombreuses tensions. Si le corps est parfaitement capable de r\u00e9pondre \u00e0 ces nombreuses tensions. Il arrive que l&rsquo;accouchement ne se passe pas dans des conditions normales. Ainsi un accouchement trop long ou trop court peut avoir des cons\u00e9quences dans la mise en place de certaines mobilit\u00e9s chez le nourrisson.<\/p>\n\n\n\n<p>Il est donc int\u00e9ressant de faire une consultation d&rsquo;un ost\u00e9opathe pour s&rsquo;assurer que b\u00e9b\u00e9 n&rsquo;a pas de restriction de mobilit\u00e9.<\/p>\n\n\n\n<h2 class=\"wp-block-heading\" style=\"font-size:30px\"><strong>Quels types de probl\u00e8mes l&rsquo;ost\u00e9opathie peut-elle prendre en charge chez les nourrissons?<\/strong><\/h2>\n\n\n\n<p>La prise en charge ost\u00e9opathique est tr\u00e8s large nous allons aborder ici quelques exemples fr\u00e9quents.<\/p>\n\n\n\n<ul class=\"wp-block-list\"><li><strong>La plagioc\u00e9phalie (t\u00eate plate) ou torticolis cong\u00e9nital<\/strong><\/li><\/ul>\n\n\n\n<p>Il s&rsquo;agit d&rsquo;un aplatissement de la t\u00eate qui peut \u00eatre pr\u00e9sent d\u00e8s la naissance ou appara\u00eetre au fur et \u00e0 mesure. Le torticolis cong\u00e9nital est pr\u00e9sent d\u00e8s la naissance. Un traitement en kin\u00e9sith\u00e9rapie permettra de rel\u00e2cher le muscle la t\u00eate s&rsquo;arrondissant rapidement.<\/p>\n\n\n\n<p>Dans d&rsquo;autres cas, le spasme musculaire sera secondaire \u00e0 un probl\u00e8me de mobilit\u00e9 des structures cr\u00e2niennes. Le traitement du muscle est alors inefficace, il est n\u00e9cessaire de voir un ost\u00e9opathe.<\/p>\n\n\n\n<p>Pour \u00eatre sure, le mieux est de consulter un professionnel afin de conna\u00eetre l&rsquo;origine du probl\u00e8me.<\/p>\n\n\n\n<ul class=\"wp-block-list\"><li><strong>Les r\u00e9gurgitations et troubles digestifs<\/strong><\/li><\/ul>\n\n\n\n<p>Le nourrisson est fr\u00e9quemment perturb\u00e9 au niveau du syst\u00e8me digestif celui-ci \u00e9tant le plus sollicit\u00e9 \u00e0 son \u00e2ge. On peut retrouver des r\u00e9gurgitations qui ont plusieurs origines allant du lait utilis\u00e9 \u00e0 une immaturit\u00e9 de l&rsquo;estomac.<\/p>\n\n\n\n<p>Les coliques du nourrisson sont \u00e9galement fr\u00e9quentes et ont plusieurs origines possibles, du lait \u00e0 la mani\u00e8re de t\u00e9ter en passant par le type de t\u00e9tine s&rsquo;il s&rsquo;agit de biberon ou m\u00eame l&rsquo;alimentation de la m\u00e8re dans le cas d&rsquo;un allaitement.<\/p>\n\n\n\n<ul class=\"wp-block-list\"><li><strong>Les troubles du sommeil<\/strong><\/li><\/ul>\n\n\n\n<p>Nous l&rsquo;avons vu, l&rsquo;accouchement peut influer sur certaines mobilit\u00e9s rendant le sommeil plus difficile. L&rsquo;ost\u00e9opathie peut travailler sur ces mobilit\u00e9s facilitant le sommeil et lui donnant une meilleure qualit\u00e9. Il est important cependant de se rappeler qu&rsquo;un nourrisson ne fait pas de nuit de 8h d\u00e8s la naissance, cela peut prendre plusieurs mois. Il sera donc important de voir \u00e9galement les variations dans le sommeil de votre enfant.<\/p>\n\n\n\n<p>Cette liste est non exhaustive, mais regroupe les demandes les plus fr\u00e9quentes.<\/p>\n\n\n\n<h2 class=\"wp-block-heading\" style=\"font-size:30px\"><strong>A quelle fr\u00e9quence faut-il b\u00e9b\u00e9 peut il consulter un ost\u00e9opathe?<\/strong><\/h2>\n\n\n\n<p>Chez l&rsquo;adulte on recommande une \u00e0 deux consultations par an \u00e0 titre pr\u00e9ventif. Chez l&rsquo;enfant la fr\u00e9quence est diff\u00e9rente et va varier en fonction des \u00e9tapes de son d\u00e9veloppement.<\/p>\n\n\n\n<p>On peut regrouper ces \u00e9tapes comme suit:<\/p>\n\n\n\n<p>-La naissance comme nous l&rsquo;avons vu un peu plus haut.<\/p>\n\n\n\n<p>-le d\u00e9but du d\u00e9placements, lorsque le nourrisson commence \u00e0 ramper ou la marche 4 pattes. Les diff\u00e9rents muscles et articulations jusque-l\u00e0, non sollicit\u00e9s vont d\u00e9marrer un d\u00e9veloppement qui doit \u00eatre contr\u00f4l\u00e9 afin de s&rsquo;assurer que tout se passe bien.<\/p>\n\n\n\n<p>-La marche ou station debout, en tant que bip\u00e8des notre \u00e9quilibre est assez pr\u00e9caire. Le d\u00e9but de la marche va marquer le d\u00e9veloppement de notre m\u00e9canique aussi bien au niveau des jambes que du dos. Il est donc important de s&rsquo;assurer de leur bon fonctionnement dans cette \u00e9tape.<\/p>\n\n\n\n<p>Il s&rsquo;agit des \u00e9tapes les plus importantes. D&rsquo;autres pourront s&rsquo;ajouter et correspondront \u00e0 une nouvelle \u00e9tape du d\u00e9veloppement de l&rsquo;enfant. Par exemple, le d\u00e9but de parole ou le d\u00e9but en collectivit\u00e9 qui peut s&rsquo;accompagner d&rsquo;\u00e9pisode de maladie. Celle-ci pourront laisser un dysfonctionnement dans certains cas.<\/p>\n\n\n\n<p>Tr\u00e8s vite, l&rsquo;enfant rejoint les besoins de l&rsquo;adulte en terme de fr\u00e9quence des consultations \u00e0 savoir une \u00e0 deux fois par an.<\/p>\n","protected":false},"excerpt":{"rendered":"<p>D\u00e8s sa naissance un b\u00e9b\u00e9 peut b\u00e9n\u00e9ficier des soins d&rsquo;un ost\u00e9opathe. La jeunesse n&#8217;emp\u00eachant malheureusement pas de subir certaines tensions de la vie quotidienne ou d&rsquo;autres \u00e9v\u00e9nements comme l&rsquo;accouchement. Pierre Barral, ost\u00e9opathe \u00e0 Franconville vous re\u00e7oit dans son cabinet du Val d&rsquo;Oise. Les nourrissons et les enfants peuvent pr\u00e9senter certains [&hellip;]<\/p>\n","protected":false},"author":1,"featured_media":0,"parent":0,"menu_order":0,"comment_status":"closed","ping_status":"closed","template":"","meta":{"footnotes":""},"class_list":["post-198","page","type-page","status-publish","hentry"],"yoast_head":"<!-- This site is optimized with the Yoast SEO plugin v27.4 - https:\/\/yoast.com\/product\/yoast-seo-wordpress\/ -->\n<title>Ost\u00e9opathe pour b\u00e9b\u00e9s et enfants. -<\/title>\n<meta name=\"description\" content=\"D\u00e8s la naissance l&#039;ost\u00e9opathe peut voir un b\u00e9b\u00e9. C&#039;est m\u00eame parfois souhaitable. Pourquoi les nourrissons ont besoin d&#039;un ost\u00e9opathe?\" \/>\n<meta name=\"robots\" content=\"index, follow, max-snippet:-1, max-image-preview:large, max-video-preview:-1\" \/>\n<link rel=\"canonical\" href=\"https:\/\/osteopathe-barral-franconville.com\/index.php\/osteopathe-pour-le-plus-jeune-age-nourrissons-et-enfants-a-franconville\/\" \/>\n<meta property=\"og:locale\" content=\"fr_FR\" \/>\n<meta property=\"og:type\" content=\"article\" \/>\n<meta property=\"og:title\" content=\"Ost\u00e9opathe pour b\u00e9b\u00e9s et enfants. -\" \/>\n<meta property=\"og:description\" content=\"D\u00e8s la naissance l&#039;ost\u00e9opathe peut voir un b\u00e9b\u00e9. C&#039;est m\u00eame parfois souhaitable. Pourquoi les nourrissons ont besoin d&#039;un ost\u00e9opathe?\" \/>\n<meta property=\"og:url\" content=\"https:\/\/osteopathe-barral-franconville.com\/index.php\/osteopathe-pour-le-plus-jeune-age-nourrissons-et-enfants-a-franconville\/\" \/>\n<meta property=\"article:modified_time\" content=\"2022-08-23T15:18:31+00:00\" \/>\n<meta property=\"og:image\" content=\"https:\/\/osteopathe-barral-franconville.com\/wp-content\/uploads\/2022\/07\/bebe-osteo-683x1024.jpg\" \/>\n<meta name=\"twitter:card\" content=\"summary_large_image\" \/>\n<meta name=\"twitter:label1\" content=\"Dur\u00e9e de lecture estim\u00e9e\" \/>\n\t<meta name=\"twitter:data1\" content=\"4 minutes\" \/>\n<script type=\"application\/ld+json\" class=\"yoast-schema-graph\">{\"@context\":\"https:\\\/\\\/schema.org\",\"@graph\":[{\"@type\":\"Article\",\"@id\":\"https:\\\/\\\/osteopathe-barral-franconville.com\\\/index.php\\\/osteopathe-pour-le-plus-jeune-age-nourrissons-et-enfants-a-franconville\\\/#article\",\"isPartOf\":{\"@id\":\"https:\\\/\\\/osteopathe-barral-franconville.com\\\/index.php\\\/osteopathe-pour-le-plus-jeune-age-nourrissons-et-enfants-a-franconville\\\/\"},\"author\":{\"name\":\"Pierre Barral\",\"@id\":\"https:\\\/\\\/osteopathe-barral-franconville.com\\\/#\\\/schema\\\/person\\\/76a390cd53e6922c2703c54c055821a4\"},\"headline\":\"Ost\u00e9opathe pour b\u00e9b\u00e9s et enfants.\",\"datePublished\":\"2022-07-19T15:55:53+00:00\",\"dateModified\":\"2022-08-23T15:18:31+00:00\",\"mainEntityOfPage\":{\"@id\":\"https:\\\/\\\/osteopathe-barral-franconville.com\\\/index.php\\\/osteopathe-pour-le-plus-jeune-age-nourrissons-et-enfants-a-franconville\\\/\"},\"wordCount\":818,\"image\":{\"@id\":\"https:\\\/\\\/osteopathe-barral-franconville.com\\\/index.php\\\/osteopathe-pour-le-plus-jeune-age-nourrissons-et-enfants-a-franconville\\\/#primaryimage\"},\"thumbnailUrl\":\"https:\\\/\\\/osteopathe-barral-franconville.com\\\/wp-content\\\/uploads\\\/2022\\\/07\\\/bebe-osteo-683x1024.jpg\",\"inLanguage\":\"fr-FR\"},{\"@type\":[\"WebPage\",\"MedicalWebPage\"],\"@id\":\"https:\\\/\\\/osteopathe-barral-franconville.com\\\/index.php\\\/osteopathe-pour-le-plus-jeune-age-nourrissons-et-enfants-a-franconville\\\/\",\"url\":\"https:\\\/\\\/osteopathe-barral-franconville.com\\\/index.php\\\/osteopathe-pour-le-plus-jeune-age-nourrissons-et-enfants-a-franconville\\\/\",\"name\":\"Ost\u00e9opathe pour b\u00e9b\u00e9s et enfants. -\",\"isPartOf\":{\"@id\":\"https:\\\/\\\/osteopathe-barral-franconville.com\\\/#website\"},\"primaryImageOfPage\":{\"@id\":\"https:\\\/\\\/osteopathe-barral-franconville.com\\\/index.php\\\/osteopathe-pour-le-plus-jeune-age-nourrissons-et-enfants-a-franconville\\\/#primaryimage\"},\"image\":{\"@id\":\"https:\\\/\\\/osteopathe-barral-franconville.com\\\/index.php\\\/osteopathe-pour-le-plus-jeune-age-nourrissons-et-enfants-a-franconville\\\/#primaryimage\"},\"thumbnailUrl\":\"https:\\\/\\\/osteopathe-barral-franconville.com\\\/wp-content\\\/uploads\\\/2022\\\/07\\\/bebe-osteo-683x1024.jpg\",\"datePublished\":\"2022-07-19T15:55:53+00:00\",\"dateModified\":\"2022-08-23T15:18:31+00:00\",\"description\":\"D\u00e8s la naissance l'ost\u00e9opathe peut voir un b\u00e9b\u00e9. C'est m\u00eame parfois souhaitable. Pourquoi les nourrissons ont besoin d'un ost\u00e9opathe?\",\"breadcrumb\":{\"@id\":\"https:\\\/\\\/osteopathe-barral-franconville.com\\\/index.php\\\/osteopathe-pour-le-plus-jeune-age-nourrissons-et-enfants-a-franconville\\\/#breadcrumb\"},\"inLanguage\":\"fr-FR\",\"potentialAction\":[{\"@type\":\"ReadAction\",\"target\":[\"https:\\\/\\\/osteopathe-barral-franconville.com\\\/index.php\\\/osteopathe-pour-le-plus-jeune-age-nourrissons-et-enfants-a-franconville\\\/\"]}]},{\"@type\":\"ImageObject\",\"inLanguage\":\"fr-FR\",\"@id\":\"https:\\\/\\\/osteopathe-barral-franconville.com\\\/index.php\\\/osteopathe-pour-le-plus-jeune-age-nourrissons-et-enfants-a-franconville\\\/#primaryimage\",\"url\":\"https:\\\/\\\/osteopathe-barral-franconville.com\\\/wp-content\\\/uploads\\\/2022\\\/07\\\/bebe-osteo-scaled.jpg\",\"contentUrl\":\"https:\\\/\\\/osteopathe-barral-franconville.com\\\/wp-content\\\/uploads\\\/2022\\\/07\\\/bebe-osteo-scaled.jpg\",\"width\":1707,\"height\":2560,\"caption\":\"ost\u00e9opathe b\u00e9b\u00e9\"},{\"@type\":\"BreadcrumbList\",\"@id\":\"https:\\\/\\\/osteopathe-barral-franconville.com\\\/index.php\\\/osteopathe-pour-le-plus-jeune-age-nourrissons-et-enfants-a-franconville\\\/#breadcrumb\",\"itemListElement\":[{\"@type\":\"ListItem\",\"position\":1,\"name\":\"Accueil\",\"item\":\"https:\\\/\\\/osteopathe-barral-franconville.com\\\/\"},{\"@type\":\"ListItem\",\"position\":2,\"name\":\"Ost\u00e9opathe pour b\u00e9b\u00e9s et enfants.\"}]},{\"@type\":\"WebSite\",\"@id\":\"https:\\\/\\\/osteopathe-barral-franconville.com\\\/#website\",\"url\":\"https:\\\/\\\/osteopathe-barral-franconville.com\\\/\",\"name\":\"\",\"description\":\"\",\"potentialAction\":[{\"@type\":\"SearchAction\",\"target\":{\"@type\":\"EntryPoint\",\"urlTemplate\":\"https:\\\/\\\/osteopathe-barral-franconville.com\\\/?s={search_term_string}\"},\"query-input\":{\"@type\":\"PropertyValueSpecification\",\"valueRequired\":true,\"valueName\":\"search_term_string\"}}],\"inLanguage\":\"fr-FR\"},{\"@type\":\"Person\",\"@id\":\"https:\\\/\\\/osteopathe-barral-franconville.com\\\/#\\\/schema\\\/person\\\/76a390cd53e6922c2703c54c055821a4\",\"name\":\"Pierre Barral\",\"image\":{\"@type\":\"ImageObject\",\"inLanguage\":\"fr-FR\",\"@id\":\"https:\\\/\\\/secure.gravatar.com\\\/avatar\\\/557ad41208809711e225d06cc3af8c999c121a71c4eb251e74c5ff323e0bb1d5?s=96&d=mm&r=g\",\"url\":\"https:\\\/\\\/secure.gravatar.com\\\/avatar\\\/557ad41208809711e225d06cc3af8c999c121a71c4eb251e74c5ff323e0bb1d5?s=96&d=mm&r=g\",\"contentUrl\":\"https:\\\/\\\/secure.gravatar.com\\\/avatar\\\/557ad41208809711e225d06cc3af8c999c121a71c4eb251e74c5ff323e0bb1d5?s=96&d=mm&r=g\",\"caption\":\"Pierre Barral\"},\"sameAs\":[\"http:\\\/\\\/osteopathe-barral-franconville.com\"],\"url\":\"https:\\\/\\\/osteopathe-barral-franconville.com\\\/index.php\\\/author\\\/admin7043\\\/\"}]}<\/script>\n<!-- \/ Yoast SEO plugin. -->","yoast_head_json":{"title":"Ost\u00e9opathe pour b\u00e9b\u00e9s et enfants. -","description":"D\u00e8s la naissance l'ost\u00e9opathe peut voir un b\u00e9b\u00e9. C'est m\u00eame parfois souhaitable. Pourquoi les nourrissons ont besoin d'un ost\u00e9opathe?","robots":{"index":"index","follow":"follow","max-snippet":"max-snippet:-1","max-image-preview":"max-image-preview:large","max-video-preview":"max-video-preview:-1"},"canonical":"https:\/\/osteopathe-barral-franconville.com\/index.php\/osteopathe-pour-le-plus-jeune-age-nourrissons-et-enfants-a-franconville\/","og_locale":"fr_FR","og_type":"article","og_title":"Ost\u00e9opathe pour b\u00e9b\u00e9s et enfants. -","og_description":"D\u00e8s la naissance l'ost\u00e9opathe peut voir un b\u00e9b\u00e9. C'est m\u00eame parfois souhaitable. Pourquoi les nourrissons ont besoin d'un ost\u00e9opathe?","og_url":"https:\/\/osteopathe-barral-franconville.com\/index.php\/osteopathe-pour-le-plus-jeune-age-nourrissons-et-enfants-a-franconville\/","article_modified_time":"2022-08-23T15:18:31+00:00","og_image":[{"url":"https:\/\/osteopathe-barral-franconville.com\/wp-content\/uploads\/2022\/07\/bebe-osteo-683x1024.jpg","type":"","width":"","height":""}],"twitter_card":"summary_large_image","twitter_misc":{"Dur\u00e9e de lecture estim\u00e9e":"4 minutes"},"schema":{"@context":"https:\/\/schema.org","@graph":[{"@type":"Article","@id":"https:\/\/osteopathe-barral-franconville.com\/index.php\/osteopathe-pour-le-plus-jeune-age-nourrissons-et-enfants-a-franconville\/#article","isPartOf":{"@id":"https:\/\/osteopathe-barral-franconville.com\/index.php\/osteopathe-pour-le-plus-jeune-age-nourrissons-et-enfants-a-franconville\/"},"author":{"name":"Pierre Barral","@id":"https:\/\/osteopathe-barral-franconville.com\/#\/schema\/person\/76a390cd53e6922c2703c54c055821a4"},"headline":"Ost\u00e9opathe pour b\u00e9b\u00e9s et enfants.","datePublished":"2022-07-19T15:55:53+00:00","dateModified":"2022-08-23T15:18:31+00:00","mainEntityOfPage":{"@id":"https:\/\/osteopathe-barral-franconville.com\/index.php\/osteopathe-pour-le-plus-jeune-age-nourrissons-et-enfants-a-franconville\/"},"wordCount":818,"image":{"@id":"https:\/\/osteopathe-barral-franconville.com\/index.php\/osteopathe-pour-le-plus-jeune-age-nourrissons-et-enfants-a-franconville\/#primaryimage"},"thumbnailUrl":"https:\/\/osteopathe-barral-franconville.com\/wp-content\/uploads\/2022\/07\/bebe-osteo-683x1024.jpg","inLanguage":"fr-FR"},{"@type":["WebPage","MedicalWebPage"],"@id":"https:\/\/osteopathe-barral-franconville.com\/index.php\/osteopathe-pour-le-plus-jeune-age-nourrissons-et-enfants-a-franconville\/","url":"https:\/\/osteopathe-barral-franconville.com\/index.php\/osteopathe-pour-le-plus-jeune-age-nourrissons-et-enfants-a-franconville\/","name":"Ost\u00e9opathe pour b\u00e9b\u00e9s et enfants. -","isPartOf":{"@id":"https:\/\/osteopathe-barral-franconville.com\/#website"},"primaryImageOfPage":{"@id":"https:\/\/osteopathe-barral-franconville.com\/index.php\/osteopathe-pour-le-plus-jeune-age-nourrissons-et-enfants-a-franconville\/#primaryimage"},"image":{"@id":"https:\/\/osteopathe-barral-franconville.com\/index.php\/osteopathe-pour-le-plus-jeune-age-nourrissons-et-enfants-a-franconville\/#primaryimage"},"thumbnailUrl":"https:\/\/osteopathe-barral-franconville.com\/wp-content\/uploads\/2022\/07\/bebe-osteo-683x1024.jpg","datePublished":"2022-07-19T15:55:53+00:00","dateModified":"2022-08-23T15:18:31+00:00","description":"D\u00e8s la naissance l'ost\u00e9opathe peut voir un b\u00e9b\u00e9. C'est m\u00eame parfois souhaitable. Pourquoi les nourrissons ont besoin d'un ost\u00e9opathe?","breadcrumb":{"@id":"https:\/\/osteopathe-barral-franconville.com\/index.php\/osteopathe-pour-le-plus-jeune-age-nourrissons-et-enfants-a-franconville\/#breadcrumb"},"inLanguage":"fr-FR","potentialAction":[{"@type":"ReadAction","target":["https:\/\/osteopathe-barral-franconville.com\/index.php\/osteopathe-pour-le-plus-jeune-age-nourrissons-et-enfants-a-franconville\/"]}]},{"@type":"ImageObject","inLanguage":"fr-FR","@id":"https:\/\/osteopathe-barral-franconville.com\/index.php\/osteopathe-pour-le-plus-jeune-age-nourrissons-et-enfants-a-franconville\/#primaryimage","url":"https:\/\/osteopathe-barral-franconville.com\/wp-content\/uploads\/2022\/07\/bebe-osteo-scaled.jpg","contentUrl":"https:\/\/osteopathe-barral-franconville.com\/wp-content\/uploads\/2022\/07\/bebe-osteo-scaled.jpg","width":1707,"height":2560,"caption":"ost\u00e9opathe b\u00e9b\u00e9"},{"@type":"BreadcrumbList","@id":"https:\/\/osteopathe-barral-franconville.com\/index.php\/osteopathe-pour-le-plus-jeune-age-nourrissons-et-enfants-a-franconville\/#breadcrumb","itemListElement":[{"@type":"ListItem","position":1,"name":"Accueil","item":"https:\/\/osteopathe-barral-franconville.com\/"},{"@type":"ListItem","position":2,"name":"Ost\u00e9opathe pour b\u00e9b\u00e9s et enfants."}]},{"@type":"WebSite","@id":"https:\/\/osteopathe-barral-franconville.com\/#website","url":"https:\/\/osteopathe-barral-franconville.com\/","name":"","description":"","potentialAction":[{"@type":"SearchAction","target":{"@type":"EntryPoint","urlTemplate":"https:\/\/osteopathe-barral-franconville.com\/?s={search_term_string}"},"query-input":{"@type":"PropertyValueSpecification","valueRequired":true,"valueName":"search_term_string"}}],"inLanguage":"fr-FR"},{"@type":"Person","@id":"https:\/\/osteopathe-barral-franconville.com\/#\/schema\/person\/76a390cd53e6922c2703c54c055821a4","name":"Pierre Barral","image":{"@type":"ImageObject","inLanguage":"fr-FR","@id":"https:\/\/secure.gravatar.com\/avatar\/557ad41208809711e225d06cc3af8c999c121a71c4eb251e74c5ff323e0bb1d5?s=96&d=mm&r=g","url":"https:\/\/secure.gravatar.com\/avatar\/557ad41208809711e225d06cc3af8c999c121a71c4eb251e74c5ff323e0bb1d5?s=96&d=mm&r=g","contentUrl":"https:\/\/secure.gravatar.com\/avatar\/557ad41208809711e225d06cc3af8c999c121a71c4eb251e74c5ff323e0bb1d5?s=96&d=mm&r=g","caption":"Pierre Barral"},"sameAs":["http:\/\/osteopathe-barral-franconville.com"],"url":"https:\/\/osteopathe-barral-franconville.com\/index.php\/author\/admin7043\/"}]}},"_links":{"self":[{"href":"https:\/\/osteopathe-barral-franconville.com\/index.php\/wp-json\/wp\/v2\/pages\/198","targetHints":{"allow":["GET"]}}],"collection":[{"href":"https:\/\/osteopathe-barral-franconville.com\/index.php\/wp-json\/wp\/v2\/pages"}],"about":[{"href":"https:\/\/osteopathe-barral-franconville.com\/index.php\/wp-json\/wp\/v2\/types\/page"}],"author":[{"embeddable":true,"href":"https:\/\/osteopathe-barral-franconville.com\/index.php\/wp-json\/wp\/v2\/users\/1"}],"replies":[{"embeddable":true,"href":"https:\/\/osteopathe-barral-franconville.com\/index.php\/wp-json\/wp\/v2\/comments?post=198"}],"version-history":[{"count":5,"href":"https:\/\/osteopathe-barral-franconville.com\/index.php\/wp-json\/wp\/v2\/pages\/198\/revisions"}],"predecessor-version":[{"id":344,"href":"https:\/\/osteopathe-barral-franconville.com\/index.php\/wp-json\/wp\/v2\/pages\/198\/revisions\/344"}],"wp:attachment":[{"href":"https:\/\/osteopathe-barral-franconville.com\/index.php\/wp-json\/wp\/v2\/media?parent=198"}],"curies":[{"name":"wp","href":"https:\/\/api.w.org\/{rel}","templated":true}]}}