{"id":202,"date":"2022-07-19T18:03:33","date_gmt":"2022-07-19T16:03:33","guid":{"rendered":"http:\/\/osteopathe-barral-franconville.com\/?page_id=202"},"modified":"2022-09-11T16:06:42","modified_gmt":"2022-09-11T14:06:42","slug":"osteopathe-pour-sportif-a-franconville","status":"publish","type":"page","link":"https:\/\/osteopathe-barral-franconville.com\/index.php\/osteopathe-pour-sportif-a-franconville\/","title":{"rendered":"Ost\u00e9opathe pour sportif \u00e0 Franconville"},"content":{"rendered":"\n<p>Votre ost\u00e9opathe \u00e0 Franconville, Pierre Barral r\u00e9alise le suivi et la prise en charge de sportif. Exer\u00e7ant au sein d&rsquo;un cabinet \u00e0 Franconville dans le Val d&rsquo;Oise.<\/p>\n\n\n\n<div class=\"wp-block-media-text is-stacked-on-mobile\" style=\"grid-template-columns:41% auto\"><figure class=\"wp-block-media-text__media\"><img loading=\"lazy\" decoding=\"async\" width=\"1024\" height=\"683\" src=\"https:\/\/osteopathe-barral-franconville.com\/wp-content\/uploads\/2022\/07\/sportif-1024x683.jpg\" alt=\"ost\u00e9opathe sportif\" class=\"wp-image-248 size-full\" srcset=\"https:\/\/osteopathe-barral-franconville.com\/wp-content\/uploads\/2022\/07\/sportif-1024x683.jpg 1024w, https:\/\/osteopathe-barral-franconville.com\/wp-content\/uploads\/2022\/07\/sportif-300x200.jpg 300w, https:\/\/osteopathe-barral-franconville.com\/wp-content\/uploads\/2022\/07\/sportif-768x512.jpg 768w, https:\/\/osteopathe-barral-franconville.com\/wp-content\/uploads\/2022\/07\/sportif-1536x1024.jpg 1536w, https:\/\/osteopathe-barral-franconville.com\/wp-content\/uploads\/2022\/07\/sportif-2048x1365.jpg 2048w, https:\/\/osteopathe-barral-franconville.com\/wp-content\/uploads\/2022\/07\/sportif-360x240.jpg 360w\" sizes=\"auto, (max-width: 1024px) 100vw, 1024px\" \/><\/figure><div class=\"wp-block-media-text__content\">\n<p>La pratique d&rsquo;un sport qu&rsquo;elle soit un loisir ou qu&rsquo;elle ait pour objectif la comp\u00e9tition est source d&rsquo;effort et de tension dans le corps. Ces tensions peuvent diminuer le bon fonctionnement ou m\u00eame amener des blessures sur les diff\u00e9rentes structures du corps. Votre ost\u00e9opathe \u00e0 Franconville peut aider \u00e0 diminuer les tensions et soigner certaines blessures pour permettre la meilleure performance possible.<\/p>\n<\/div><\/div>\n\n\n\n<h2 class=\"wp-block-heading\" style=\"font-size:30px\"><strong>L&rsquo;ost\u00e9opathe peut-il am\u00e9liorer les performances du sportif?<\/strong><\/h2>\n\n\n\n<p>L&rsquo;ost\u00e9opathie est une discipline visant \u00e0 redonner de la mobilit\u00e9 aux diff\u00e9rentes structures du corps afin de leur permettre le meilleur fonctionnement possible. Toute perte de mobilit\u00e9 dans le corps entra\u00eene une compensation des structures connect\u00e9es \u00e0 cette dysfonction. On a alors un effort plus important \u00e0 r\u00e9aliser pour effectuer un geste banal. Dans le cadre d&rsquo;une activit\u00e9 sportive l&rsquo;endurance et la puissance sont tr\u00e8s importantes. La perte de mobilit\u00e9 dans le corps diminuera ces deux aspects. Votre ost\u00e9opathe \u00e0 Sannois en redonnant de la mobilit\u00e9 aux diff\u00e9rentes structures du corps va permettre une plus grande endurance et une plus grande puissance musculaire.<\/p>\n\n\n\n<p>Les diff\u00e9rents conseils que peut donner l&rsquo;ost\u00e9opathe pourront \u00e9galement permettre une meilleure r\u00e9cup\u00e9ration entre deux efforts et une moins grande fatigabilit\u00e9 des diff\u00e9rentes structures.<\/p>\n\n\n\n<p>Tous ces \u00e9l\u00e9ments mis ensemble permettront une performance optimale du sportif.<\/p>\n\n\n\n<h2 class=\"wp-block-heading\" style=\"font-size:30px\"><strong>La prise en charge ost\u00e9opathique des blessures<\/strong>.<\/h2>\n\n\n\n<p>Les sportifs dans leur pratique ont souvent subi des blessures qui ont plus ou moins bien gu\u00e9ri. Il est important de s&rsquo;assurer de la bonne prise en charge de celle-ci et qu&rsquo;elle n&rsquo;influe pas sur le fonctionnement du patient.<\/p>\n\n\n\n<p>On retrouve :<\/p>\n\n\n\n<ul class=\"wp-block-list\"><li>les atteintes musculaires telles que les s\u00e9quelles de claquages  ou <a href=\"https:\/\/osteopathe-barral-franconville.com\/index.php\/2022\/09\/11\/la-tendinite-traitee-par-un-osteopathe\/\" target=\"_blank\" rel=\"noreferrer noopener\">les tendinites<\/a>.<\/li><\/ul>\n\n\n\n<ul class=\"wp-block-list\"><li><a href=\"https:\/\/osteopathe-barral-franconville.com\/index.php\/2022\/08\/28\/entorse-osteopathie\/\" target=\"_blank\" rel=\"noreferrer noopener\">Les atteintes ligamentaires sous forme d&rsquo;entorse voire de rupture<\/a>.<\/li><\/ul>\n\n\n\n<ul class=\"wp-block-list\"><li>Les luxations.<\/li><\/ul>\n\n\n\n<ul class=\"wp-block-list\"><li>Les fractures.<\/li><\/ul>\n\n\n\n<p>Toutes ces blessures peuvent \u00eatre \u00e0 l&rsquo;origine de g\u00eane sur la zone concern\u00e9e o\u00f9 \u00e0 distance. Elles ont parfois n\u00e9cessit\u00e9 une op\u00e9ration. L&rsquo;important est de s&rsquo;assurer du bon fonctionnement des structures concern\u00e9es et au besoin de les traiter.<\/p>\n\n\n\n<p>Certains de ces traumatismes peuvent favoriser l&rsquo;apparition d&rsquo;autres blessures.<\/p>\n\n\n\n<h2 class=\"wp-block-heading\" style=\"font-size:30px\"><strong>L&rsquo;ost\u00e9opathe peut-il diminuer le risque de blessure du sportif?<\/strong><\/h2>\n\n\n\n<p>Dans la pratique d&rsquo;un sport les blessures peuvent avoir diff\u00e9rentes origines. Un rugbyman se blessant lors d&rsquo;un contact violent n&rsquo;est pas la m\u00eame chose qu&rsquo;un coureur se faisant une entorse lors d&rsquo;une course.<\/p>\n\n\n\n<p>Nous allons nous int\u00e9resser plut\u00f4t \u00e0 ce deuxi\u00e8me type de blessure, celles ne n\u00e9cessitant pas l&rsquo;intervention d&rsquo;une autre personne.<\/p>\n\n\n\n<p>Les diff\u00e9rentes structures du corps envoient en permanence des informations aux syst\u00e8mes nerveux afin d&rsquo;adapter nos mouvements \u00e0 nos besoins. Dans le cas d&rsquo;un dysfonctionnement ou d&rsquo;une ancienne blessure, certaines structures ne peuvent pas envoyer des donn\u00e9es pr\u00e9cises. Il en r\u00e9sulte un risque augment\u00e9 de faire un mouvement dangereux pour une structure.<\/p>\n\n\n\n<p>C&rsquo;est pour cette raison que l&rsquo;on peut retrouver des entorses \u00e0 r\u00e9p\u00e9tition sur une m\u00eame cheville par exemple. Les ligaments affaiblis par une premi\u00e8re entorse envoient des informations ne permettant pas une bonne adaptation de la position du pied au terrain. Un mouvement dangereux pour le corps est alors plus probable.<\/p>\n\n\n\n<p>Votre ost\u00e9opathe \u00e0 Franconville en rendant de la mobilit\u00e9 et une bonne fonction aux diff\u00e9rentes structures du corps permet de diminuer ce risque de blessure.<\/p>\n","protected":false},"excerpt":{"rendered":"<p>Votre ost\u00e9opathe \u00e0 Franconville, Pierre Barral r\u00e9alise le suivi et la prise en charge de sportif. Exer\u00e7ant au sein d&rsquo;un cabinet \u00e0 Franconville dans le Val d&rsquo;Oise. La pratique d&rsquo;un sport qu&rsquo;elle soit un loisir ou qu&rsquo;elle ait pour objectif la comp\u00e9tition est source d&rsquo;effort et de tension dans le [&hellip;]<\/p>\n","protected":false},"author":1,"featured_media":0,"parent":0,"menu_order":0,"comment_status":"closed","ping_status":"closed","template":"","meta":{"footnotes":""},"class_list":["post-202","page","type-page","status-publish","hentry"],"yoast_head":"<!-- This site is optimized with the Yoast SEO plugin v27.4 - https:\/\/yoast.com\/product\/yoast-seo-wordpress\/ -->\n<title>Ost\u00e9opathe pour sportif \u00e0 Franconville -<\/title>\n<meta name=\"description\" content=\"L&#039;ost\u00e9opathe est devenu essentiel pour le sportif. Comment permet il de maintenir une bonne sant\u00e9 et une bonne pratique sportive?\" \/>\n<meta name=\"robots\" content=\"index, follow, max-snippet:-1, max-image-preview:large, max-video-preview:-1\" \/>\n<link rel=\"canonical\" href=\"https:\/\/osteopathe-barral-franconville.com\/index.php\/osteopathe-pour-sportif-a-franconville\/\" \/>\n<meta property=\"og:locale\" content=\"fr_FR\" \/>\n<meta property=\"og:type\" content=\"article\" \/>\n<meta property=\"og:title\" content=\"Ost\u00e9opathe pour sportif \u00e0 Franconville -\" \/>\n<meta property=\"og:description\" content=\"L&#039;ost\u00e9opathe est devenu essentiel pour le sportif. Comment permet il de maintenir une bonne sant\u00e9 et une bonne pratique sportive?\" \/>\n<meta property=\"og:url\" content=\"https:\/\/osteopathe-barral-franconville.com\/index.php\/osteopathe-pour-sportif-a-franconville\/\" \/>\n<meta property=\"article:modified_time\" content=\"2022-09-11T14:06:42+00:00\" \/>\n<meta property=\"og:image\" content=\"https:\/\/osteopathe-barral-franconville.com\/wp-content\/uploads\/2022\/07\/sportif-1024x683.jpg\" \/>\n<meta name=\"twitter:card\" content=\"summary_large_image\" \/>\n<meta name=\"twitter:label1\" content=\"Dur\u00e9e de lecture estim\u00e9e\" \/>\n\t<meta name=\"twitter:data1\" content=\"3 minutes\" \/>\n<script type=\"application\/ld+json\" class=\"yoast-schema-graph\">{\"@context\":\"https:\\\/\\\/schema.org\",\"@graph\":[{\"@type\":\"Article\",\"@id\":\"https:\\\/\\\/osteopathe-barral-franconville.com\\\/index.php\\\/osteopathe-pour-sportif-a-franconville\\\/#article\",\"isPartOf\":{\"@id\":\"https:\\\/\\\/osteopathe-barral-franconville.com\\\/index.php\\\/osteopathe-pour-sportif-a-franconville\\\/\"},\"author\":{\"name\":\"Pierre Barral\",\"@id\":\"https:\\\/\\\/osteopathe-barral-franconville.com\\\/#\\\/schema\\\/person\\\/76a390cd53e6922c2703c54c055821a4\"},\"headline\":\"Ost\u00e9opathe pour sportif \u00e0 Franconville\",\"datePublished\":\"2022-07-19T16:03:33+00:00\",\"dateModified\":\"2022-09-11T14:06:42+00:00\",\"mainEntityOfPage\":{\"@id\":\"https:\\\/\\\/osteopathe-barral-franconville.com\\\/index.php\\\/osteopathe-pour-sportif-a-franconville\\\/\"},\"wordCount\":583,\"image\":{\"@id\":\"https:\\\/\\\/osteopathe-barral-franconville.com\\\/index.php\\\/osteopathe-pour-sportif-a-franconville\\\/#primaryimage\"},\"thumbnailUrl\":\"https:\\\/\\\/osteopathe-barral-franconville.com\\\/wp-content\\\/uploads\\\/2022\\\/07\\\/sportif-1024x683.jpg\",\"inLanguage\":\"fr-FR\"},{\"@type\":[\"WebPage\",\"MedicalWebPage\"],\"@id\":\"https:\\\/\\\/osteopathe-barral-franconville.com\\\/index.php\\\/osteopathe-pour-sportif-a-franconville\\\/\",\"url\":\"https:\\\/\\\/osteopathe-barral-franconville.com\\\/index.php\\\/osteopathe-pour-sportif-a-franconville\\\/\",\"name\":\"Ost\u00e9opathe pour sportif \u00e0 Franconville -\",\"isPartOf\":{\"@id\":\"https:\\\/\\\/osteopathe-barral-franconville.com\\\/#website\"},\"primaryImageOfPage\":{\"@id\":\"https:\\\/\\\/osteopathe-barral-franconville.com\\\/index.php\\\/osteopathe-pour-sportif-a-franconville\\\/#primaryimage\"},\"image\":{\"@id\":\"https:\\\/\\\/osteopathe-barral-franconville.com\\\/index.php\\\/osteopathe-pour-sportif-a-franconville\\\/#primaryimage\"},\"thumbnailUrl\":\"https:\\\/\\\/osteopathe-barral-franconville.com\\\/wp-content\\\/uploads\\\/2022\\\/07\\\/sportif-1024x683.jpg\",\"datePublished\":\"2022-07-19T16:03:33+00:00\",\"dateModified\":\"2022-09-11T14:06:42+00:00\",\"description\":\"L'ost\u00e9opathe est devenu essentiel pour le sportif. Comment permet il de maintenir une bonne sant\u00e9 et une bonne pratique sportive?\",\"breadcrumb\":{\"@id\":\"https:\\\/\\\/osteopathe-barral-franconville.com\\\/index.php\\\/osteopathe-pour-sportif-a-franconville\\\/#breadcrumb\"},\"inLanguage\":\"fr-FR\",\"potentialAction\":[{\"@type\":\"ReadAction\",\"target\":[\"https:\\\/\\\/osteopathe-barral-franconville.com\\\/index.php\\\/osteopathe-pour-sportif-a-franconville\\\/\"]}]},{\"@type\":\"ImageObject\",\"inLanguage\":\"fr-FR\",\"@id\":\"https:\\\/\\\/osteopathe-barral-franconville.com\\\/index.php\\\/osteopathe-pour-sportif-a-franconville\\\/#primaryimage\",\"url\":\"https:\\\/\\\/osteopathe-barral-franconville.com\\\/wp-content\\\/uploads\\\/2022\\\/07\\\/sportif-scaled.jpg\",\"contentUrl\":\"https:\\\/\\\/osteopathe-barral-franconville.com\\\/wp-content\\\/uploads\\\/2022\\\/07\\\/sportif-scaled.jpg\",\"width\":2560,\"height\":1707,\"caption\":\"ost\u00e9opathe sportif\"},{\"@type\":\"BreadcrumbList\",\"@id\":\"https:\\\/\\\/osteopathe-barral-franconville.com\\\/index.php\\\/osteopathe-pour-sportif-a-franconville\\\/#breadcrumb\",\"itemListElement\":[{\"@type\":\"ListItem\",\"position\":1,\"name\":\"Accueil\",\"item\":\"https:\\\/\\\/osteopathe-barral-franconville.com\\\/\"},{\"@type\":\"ListItem\",\"position\":2,\"name\":\"Ost\u00e9opathe pour sportif \u00e0 Franconville\"}]},{\"@type\":\"WebSite\",\"@id\":\"https:\\\/\\\/osteopathe-barral-franconville.com\\\/#website\",\"url\":\"https:\\\/\\\/osteopathe-barral-franconville.com\\\/\",\"name\":\"\",\"description\":\"\",\"potentialAction\":[{\"@type\":\"SearchAction\",\"target\":{\"@type\":\"EntryPoint\",\"urlTemplate\":\"https:\\\/\\\/osteopathe-barral-franconville.com\\\/?s={search_term_string}\"},\"query-input\":{\"@type\":\"PropertyValueSpecification\",\"valueRequired\":true,\"valueName\":\"search_term_string\"}}],\"inLanguage\":\"fr-FR\"},{\"@type\":\"Person\",\"@id\":\"https:\\\/\\\/osteopathe-barral-franconville.com\\\/#\\\/schema\\\/person\\\/76a390cd53e6922c2703c54c055821a4\",\"name\":\"Pierre Barral\",\"image\":{\"@type\":\"ImageObject\",\"inLanguage\":\"fr-FR\",\"@id\":\"https:\\\/\\\/secure.gravatar.com\\\/avatar\\\/557ad41208809711e225d06cc3af8c999c121a71c4eb251e74c5ff323e0bb1d5?s=96&d=mm&r=g\",\"url\":\"https:\\\/\\\/secure.gravatar.com\\\/avatar\\\/557ad41208809711e225d06cc3af8c999c121a71c4eb251e74c5ff323e0bb1d5?s=96&d=mm&r=g\",\"contentUrl\":\"https:\\\/\\\/secure.gravatar.com\\\/avatar\\\/557ad41208809711e225d06cc3af8c999c121a71c4eb251e74c5ff323e0bb1d5?s=96&d=mm&r=g\",\"caption\":\"Pierre Barral\"},\"sameAs\":[\"http:\\\/\\\/osteopathe-barral-franconville.com\"],\"url\":\"https:\\\/\\\/osteopathe-barral-franconville.com\\\/index.php\\\/author\\\/admin7043\\\/\"}]}<\/script>\n<!-- \/ Yoast SEO plugin. -->","yoast_head_json":{"title":"Ost\u00e9opathe pour sportif \u00e0 Franconville -","description":"L'ost\u00e9opathe est devenu essentiel pour le sportif. Comment permet il de maintenir une bonne sant\u00e9 et une bonne pratique sportive?","robots":{"index":"index","follow":"follow","max-snippet":"max-snippet:-1","max-image-preview":"max-image-preview:large","max-video-preview":"max-video-preview:-1"},"canonical":"https:\/\/osteopathe-barral-franconville.com\/index.php\/osteopathe-pour-sportif-a-franconville\/","og_locale":"fr_FR","og_type":"article","og_title":"Ost\u00e9opathe pour sportif \u00e0 Franconville -","og_description":"L'ost\u00e9opathe est devenu essentiel pour le sportif. Comment permet il de maintenir une bonne sant\u00e9 et une bonne pratique sportive?","og_url":"https:\/\/osteopathe-barral-franconville.com\/index.php\/osteopathe-pour-sportif-a-franconville\/","article_modified_time":"2022-09-11T14:06:42+00:00","og_image":[{"url":"https:\/\/osteopathe-barral-franconville.com\/wp-content\/uploads\/2022\/07\/sportif-1024x683.jpg","type":"","width":"","height":""}],"twitter_card":"summary_large_image","twitter_misc":{"Dur\u00e9e de lecture estim\u00e9e":"3 minutes"},"schema":{"@context":"https:\/\/schema.org","@graph":[{"@type":"Article","@id":"https:\/\/osteopathe-barral-franconville.com\/index.php\/osteopathe-pour-sportif-a-franconville\/#article","isPartOf":{"@id":"https:\/\/osteopathe-barral-franconville.com\/index.php\/osteopathe-pour-sportif-a-franconville\/"},"author":{"name":"Pierre Barral","@id":"https:\/\/osteopathe-barral-franconville.com\/#\/schema\/person\/76a390cd53e6922c2703c54c055821a4"},"headline":"Ost\u00e9opathe pour sportif \u00e0 Franconville","datePublished":"2022-07-19T16:03:33+00:00","dateModified":"2022-09-11T14:06:42+00:00","mainEntityOfPage":{"@id":"https:\/\/osteopathe-barral-franconville.com\/index.php\/osteopathe-pour-sportif-a-franconville\/"},"wordCount":583,"image":{"@id":"https:\/\/osteopathe-barral-franconville.com\/index.php\/osteopathe-pour-sportif-a-franconville\/#primaryimage"},"thumbnailUrl":"https:\/\/osteopathe-barral-franconville.com\/wp-content\/uploads\/2022\/07\/sportif-1024x683.jpg","inLanguage":"fr-FR"},{"@type":["WebPage","MedicalWebPage"],"@id":"https:\/\/osteopathe-barral-franconville.com\/index.php\/osteopathe-pour-sportif-a-franconville\/","url":"https:\/\/osteopathe-barral-franconville.com\/index.php\/osteopathe-pour-sportif-a-franconville\/","name":"Ost\u00e9opathe pour sportif \u00e0 Franconville -","isPartOf":{"@id":"https:\/\/osteopathe-barral-franconville.com\/#website"},"primaryImageOfPage":{"@id":"https:\/\/osteopathe-barral-franconville.com\/index.php\/osteopathe-pour-sportif-a-franconville\/#primaryimage"},"image":{"@id":"https:\/\/osteopathe-barral-franconville.com\/index.php\/osteopathe-pour-sportif-a-franconville\/#primaryimage"},"thumbnailUrl":"https:\/\/osteopathe-barral-franconville.com\/wp-content\/uploads\/2022\/07\/sportif-1024x683.jpg","datePublished":"2022-07-19T16:03:33+00:00","dateModified":"2022-09-11T14:06:42+00:00","description":"L'ost\u00e9opathe est devenu essentiel pour le sportif. Comment permet il de maintenir une bonne sant\u00e9 et une bonne pratique sportive?","breadcrumb":{"@id":"https:\/\/osteopathe-barral-franconville.com\/index.php\/osteopathe-pour-sportif-a-franconville\/#breadcrumb"},"inLanguage":"fr-FR","potentialAction":[{"@type":"ReadAction","target":["https:\/\/osteopathe-barral-franconville.com\/index.php\/osteopathe-pour-sportif-a-franconville\/"]}]},{"@type":"ImageObject","inLanguage":"fr-FR","@id":"https:\/\/osteopathe-barral-franconville.com\/index.php\/osteopathe-pour-sportif-a-franconville\/#primaryimage","url":"https:\/\/osteopathe-barral-franconville.com\/wp-content\/uploads\/2022\/07\/sportif-scaled.jpg","contentUrl":"https:\/\/osteopathe-barral-franconville.com\/wp-content\/uploads\/2022\/07\/sportif-scaled.jpg","width":2560,"height":1707,"caption":"ost\u00e9opathe sportif"},{"@type":"BreadcrumbList","@id":"https:\/\/osteopathe-barral-franconville.com\/index.php\/osteopathe-pour-sportif-a-franconville\/#breadcrumb","itemListElement":[{"@type":"ListItem","position":1,"name":"Accueil","item":"https:\/\/osteopathe-barral-franconville.com\/"},{"@type":"ListItem","position":2,"name":"Ost\u00e9opathe pour sportif \u00e0 Franconville"}]},{"@type":"WebSite","@id":"https:\/\/osteopathe-barral-franconville.com\/#website","url":"https:\/\/osteopathe-barral-franconville.com\/","name":"","description":"","potentialAction":[{"@type":"SearchAction","target":{"@type":"EntryPoint","urlTemplate":"https:\/\/osteopathe-barral-franconville.com\/?s={search_term_string}"},"query-input":{"@type":"PropertyValueSpecification","valueRequired":true,"valueName":"search_term_string"}}],"inLanguage":"fr-FR"},{"@type":"Person","@id":"https:\/\/osteopathe-barral-franconville.com\/#\/schema\/person\/76a390cd53e6922c2703c54c055821a4","name":"Pierre Barral","image":{"@type":"ImageObject","inLanguage":"fr-FR","@id":"https:\/\/secure.gravatar.com\/avatar\/557ad41208809711e225d06cc3af8c999c121a71c4eb251e74c5ff323e0bb1d5?s=96&d=mm&r=g","url":"https:\/\/secure.gravatar.com\/avatar\/557ad41208809711e225d06cc3af8c999c121a71c4eb251e74c5ff323e0bb1d5?s=96&d=mm&r=g","contentUrl":"https:\/\/secure.gravatar.com\/avatar\/557ad41208809711e225d06cc3af8c999c121a71c4eb251e74c5ff323e0bb1d5?s=96&d=mm&r=g","caption":"Pierre Barral"},"sameAs":["http:\/\/osteopathe-barral-franconville.com"],"url":"https:\/\/osteopathe-barral-franconville.com\/index.php\/author\/admin7043\/"}]}},"_links":{"self":[{"href":"https:\/\/osteopathe-barral-franconville.com\/index.php\/wp-json\/wp\/v2\/pages\/202","targetHints":{"allow":["GET"]}}],"collection":[{"href":"https:\/\/osteopathe-barral-franconville.com\/index.php\/wp-json\/wp\/v2\/pages"}],"about":[{"href":"https:\/\/osteopathe-barral-franconville.com\/index.php\/wp-json\/wp\/v2\/types\/page"}],"author":[{"embeddable":true,"href":"https:\/\/osteopathe-barral-franconville.com\/index.php\/wp-json\/wp\/v2\/users\/1"}],"replies":[{"embeddable":true,"href":"https:\/\/osteopathe-barral-franconville.com\/index.php\/wp-json\/wp\/v2\/comments?post=202"}],"version-history":[{"count":5,"href":"https:\/\/osteopathe-barral-franconville.com\/index.php\/wp-json\/wp\/v2\/pages\/202\/revisions"}],"predecessor-version":[{"id":367,"href":"https:\/\/osteopathe-barral-franconville.com\/index.php\/wp-json\/wp\/v2\/pages\/202\/revisions\/367"}],"wp:attachment":[{"href":"https:\/\/osteopathe-barral-franconville.com\/index.php\/wp-json\/wp\/v2\/media?parent=202"}],"curies":[{"name":"wp","href":"https:\/\/api.w.org\/{rel}","templated":true}]}}