{"id":204,"date":"2022-07-19T18:16:08","date_gmt":"2022-07-19T16:16:08","guid":{"rendered":"http:\/\/osteopathe-barral-franconville.com\/?page_id=204"},"modified":"2022-08-23T17:13:33","modified_gmt":"2022-08-23T15:13:33","slug":"le-traitement-osteopathique-pathologie-chronique-handicap","status":"publish","type":"page","link":"https:\/\/osteopathe-barral-franconville.com\/index.php\/le-traitement-osteopathique-pathologie-chronique-handicap\/","title":{"rendered":"L&rsquo;ost\u00e9opathie dans la prise en charge du handicap \u00e0 Franconville"},"content":{"rendered":"\n<p><a href=\"https:\/\/osteopathe-barral-franconville.com\/index.php\/votre-osteopathe-franconville-val-doise\/\" target=\"_blank\" rel=\"noreferrer noopener\">Pierre Barral, ost\u00e9opathe D.O \u00e0 Franconville<\/a> dans le Val d&rsquo;Oise vous accompagne dans le suivi en ost\u00e9opathie de votre  handicap ou de votre pathologie chronique en compl\u00e9mentarit\u00e9 de votre prise en charge m\u00e9dicale.<\/p>\n\n\n\n<p>La maladie prend bien des formes et aujourd&rsquo;hui certaines, par leur dur\u00e9e, impose de nouvelles conditions de vie aux patients. L&rsquo;ost\u00e9opathie permet un confort suppl\u00e9mentaire en compl\u00e9mentarit\u00e9 de la prise en charge m\u00e9dicale habituelle.<\/p>\n\n\n\n<h2 class=\"wp-block-heading\" style=\"font-size:30px\"><strong>Pour quelles pathologies chroniques l&rsquo;ost\u00e9opathie peut-elle am\u00e9liorer le confort du patient ?<\/strong><\/h2>\n\n\n\n<ul class=\"wp-block-list\"><li><strong>Les maladies rhumatismales<\/strong><\/li><\/ul>\n\n\n\n<p>Ces maladies se traduisent par des douleurs articulaires le plus souvent. Elle se pr\u00e9sente en deux phases, des phases dites froides et des phases chaudes. Les phases froides pr\u00e9sentent des douleurs et raideurs articulaires qui seront exacerb\u00e9es lors des phases chaudes qui sont des pouss\u00e9es inflammatoires. Parmi ces maladies on retrouve l&rsquo;arthrose ou la polyarthrite rhumato\u00efde par exemple.<\/p>\n\n\n\n<ul class=\"wp-block-list\"><li><strong>Les maladies digestives<\/strong><\/li><\/ul>\n\n\n\n<p>Il y a certaines pathologies du syst\u00e8me digestif qui sont pr\u00e9sentes sur la dur\u00e9e telle que la maladie de Crohn. Les troubles de ce syst\u00e8me, souvent li\u00e9s \u00e0 un d&rsquo;\u00e9tat inflammatoire, vont s&rsquo;exprimer par des douleurs et des troubles du transit pour les cas les plus fr\u00e9quents.<\/p>\n\n\n\n<ul class=\"wp-block-list\"><li><strong>Les maladies respiratoires<\/strong><\/li><\/ul>\n\n\n\n<p>On y retrouve certaines formes d&rsquo;asthme, mais la majeure partie est li\u00e9e \u00e0 des infections \u00e0 r\u00e9p\u00e9tition ou la BPCO (bronchopneumopathie chronique obstructive).<\/p>\n\n\n\n<ul class=\"wp-block-list\"><li><strong>Les maladies neurologiques<\/strong><\/li><\/ul>\n\n\n\n<p>Certaines maladies d\u00e9g\u00e9n\u00e9ratives comme la scl\u00e9rose en plaques. L&rsquo;ost\u00e9opathie peut \u00e9galement aider \u00e0 la r\u00e9cup\u00e9ration neurologique suite \u00e0 un accident isch\u00e9mique dans certains cas.<\/p>\n\n\n\n<h2 class=\"wp-block-heading\" style=\"font-size:30px\"><strong>Quels types d&rsquo;am\u00e9liorations peut apporter l&rsquo;ost\u00e9opathie ?<\/strong><\/h2>\n\n\n\n<p>L&rsquo;ost\u00e9opathie a pour but de rendre de la mobilit\u00e9 aux diff\u00e9rentes structures du corps afin de le permettre d&rsquo;avoir la meilleure fonctionnalit\u00e9 possible. Cela permet \u00e9galement de diminuer les \u00e9tats inflammatoires.<\/p>\n\n\n\n<p>Dans le cas des maladies chroniques comme nous l&rsquo;avons vu l&rsquo;\u00e9tat inflammatoire est souvent li\u00e9 aux sympt\u00f4mes ressenties par le patient. En redonnant de la mobilit\u00e9 aux structures et en diminuant l&rsquo;\u00e9tat inflammatoire, votre ost\u00e9opathe \u00e0 Sannois va diminuer les sympt\u00f4mes. Si la maladie se pr\u00e9sente sous forme de \u00ab\u00a0crise\u00a0\u00bb celle-ci peuvent \u00eatre moins intense et\/ou moins fr\u00e9quente.<\/p>\n\n\n\n<p>Il est important de savoir que les r\u00e9sultats sont variables. Si certains patients vont ressentir un mieux-\u00eatre d\u00e8s la premi\u00e8re consultation, pour d&rsquo;autres il faudra plusieurs consultations pour sentir une v\u00e9ritable am\u00e9lioration. De la m\u00eame mani\u00e8re, le suivi sera plus rapproch\u00e9 au d\u00e9but de la prise en charge mais pourra \u00eatre espac\u00e9 au fur et \u00e0 mesure.<\/p>\n\n\n\n<h2 class=\"wp-block-heading\" style=\"font-size:30px\"><strong>L&rsquo;ost\u00e9opathie et le handicap<\/strong><\/h2>\n\n\n\n<div class=\"wp-block-media-text has-media-on-the-right is-stacked-on-mobile\" style=\"grid-template-columns:auto 19%\"><figure class=\"wp-block-media-text__media\"><img loading=\"lazy\" decoding=\"async\" width=\"681\" height=\"1024\" src=\"https:\/\/osteopathe-barral-franconville.com\/wp-content\/uploads\/2022\/08\/pathologie-chronique-681x1024.jpg\" alt=\"ost\u00e9opathie pathologie chronique handicap\" class=\"wp-image-284 size-full\" srcset=\"https:\/\/osteopathe-barral-franconville.com\/wp-content\/uploads\/2022\/08\/pathologie-chronique-681x1024.jpg 681w, https:\/\/osteopathe-barral-franconville.com\/wp-content\/uploads\/2022\/08\/pathologie-chronique-200x300.jpg 200w, https:\/\/osteopathe-barral-franconville.com\/wp-content\/uploads\/2022\/08\/pathologie-chronique-768x1154.jpg 768w, https:\/\/osteopathe-barral-franconville.com\/wp-content\/uploads\/2022\/08\/pathologie-chronique-1022x1536.jpg 1022w, https:\/\/osteopathe-barral-franconville.com\/wp-content\/uploads\/2022\/08\/pathologie-chronique-1363x2048.jpg 1363w, https:\/\/osteopathe-barral-franconville.com\/wp-content\/uploads\/2022\/08\/pathologie-chronique-scaled.jpg 1703w\" sizes=\"auto, (max-width: 681px) 100vw, 681px\" \/><\/figure><div class=\"wp-block-media-text__content\">\n<p>Le handicap qu&rsquo;il soit pr\u00e9sent depuis la naissance ou qu&rsquo;il soit la cons\u00e9quence d&rsquo;un accident ou d&rsquo;une maladie impose une grande adaptation dans la vie du patient et de ses proches. Il se pr\u00e9sente sous des formes tr\u00e8s vari\u00e9es selon son origine. L&rsquo;ost\u00e9opathie peut aider les personne en situation de handicap.<\/p>\n<\/div><\/div>\n\n\n\n<ul class=\"wp-block-list\"><li><strong>Le handicap inn\u00e9<\/strong><\/li><\/ul>\n\n\n\n<p>Il peut s&rsquo;exprimer de fa\u00e7on tr\u00e8s variable, moteur, cognitif, g\u00e9n\u00e9tique. Dans tous les cas, le fonctionnement du corps sera alt\u00e9r\u00e9 et imposera d&rsquo;importantes compensations. L&rsquo;ost\u00e9opathie peut donc aider d\u00e8s la petite enfance afin de diminuer les g\u00eanes et douleurs cons\u00e9quences du handicap. Elle permet \u00e9galement au patient de mieux appr\u00e9hender leur corps, de se le r\u00e9approprier. Cela peut \u00eatre une grande aide dans le travail avec les autres acteurs de la prise en charge th\u00e9rapeutique (kin\u00e9sith\u00e9rapeute, ergoth\u00e9rapeute, etc).<\/p>\n\n\n\n<ul class=\"wp-block-list\"><li><strong>Le handicap \u00e0 la suite d&rsquo;une pathologie ou d&rsquo;un traumatisme : le handicap acquis<\/strong><\/li><\/ul>\n\n\n\n<p>L\u00e0 encore les expressions sont tr\u00e8s variables m\u00eame si elle sera souvent motrice (difficult\u00e9 ou impossibilit\u00e9 de bouger une partie du corps) et\/ou sensitive. Dans le cas d&rsquo;une perte de mobilit\u00e9 d&rsquo;une partie du corps celle-ci reste pr\u00e9sente et continue d&rsquo;influer sur le corps. Mais les adaptations suite au handicap peuvent \u00e9galement \u00eatre source de probl\u00e8mes. Notre monde est mal adapt\u00e9 aux diff\u00e9rentes formes de handicap et va n\u00e9cessiter des efforts importants dans la vie de tous les jours sources de tension suppl\u00e9mentaires. L&rsquo;ost\u00e9opathie peut aider le corps gr\u00e2ce \u00e0 un suivi \u00e0 mieux accepter ces contraintes et \u00e0 faciliter la vie quotidienne des personnes concern\u00e9es.<\/p>\n","protected":false},"excerpt":{"rendered":"<p>Pierre Barral, ost\u00e9opathe D.O \u00e0 Franconville dans le Val d&rsquo;Oise vous accompagne dans le suivi en ost\u00e9opathie de votre handicap ou de votre pathologie chronique en compl\u00e9mentarit\u00e9 de votre prise en charge m\u00e9dicale. La maladie prend bien des formes et aujourd&rsquo;hui certaines, par leur dur\u00e9e, impose de nouvelles conditions de [&hellip;]<\/p>\n","protected":false},"author":1,"featured_media":0,"parent":0,"menu_order":0,"comment_status":"closed","ping_status":"closed","template":"","meta":{"footnotes":""},"class_list":["post-204","page","type-page","status-publish","hentry"],"yoast_head":"<!-- This site is optimized with the Yoast SEO plugin v27.4 - https:\/\/yoast.com\/product\/yoast-seo-wordpress\/ -->\n<title>L&#039;ost\u00e9opathie dans la prise en charge du handicap \u00e0 Franconville -<\/title>\n<meta name=\"description\" content=\"l&#039;ost\u00e9opathie et le handicap. Les maladies chronique provoque des situation de handicap pour les patients. L&#039;ost\u00e9opathie peut aider.\" \/>\n<meta name=\"robots\" content=\"index, follow, max-snippet:-1, max-image-preview:large, max-video-preview:-1\" \/>\n<link rel=\"canonical\" href=\"https:\/\/osteopathe-barral-franconville.com\/index.php\/le-traitement-osteopathique-pathologie-chronique-handicap\/\" \/>\n<meta property=\"og:locale\" content=\"fr_FR\" \/>\n<meta property=\"og:type\" content=\"article\" \/>\n<meta property=\"og:title\" content=\"L&#039;ost\u00e9opathie dans la prise en charge du handicap \u00e0 Franconville -\" \/>\n<meta property=\"og:description\" content=\"l&#039;ost\u00e9opathie et le handicap. Les maladies chronique provoque des situation de handicap pour les patients. L&#039;ost\u00e9opathie peut aider.\" \/>\n<meta property=\"og:url\" content=\"https:\/\/osteopathe-barral-franconville.com\/index.php\/le-traitement-osteopathique-pathologie-chronique-handicap\/\" \/>\n<meta property=\"article:modified_time\" content=\"2022-08-23T15:13:33+00:00\" \/>\n<meta property=\"og:image\" content=\"https:\/\/osteopathe-barral-franconville.com\/wp-content\/uploads\/2022\/08\/pathologie-chronique-681x1024.jpg\" \/>\n<meta name=\"twitter:card\" content=\"summary_large_image\" \/>\n<meta name=\"twitter:label1\" content=\"Dur\u00e9e de lecture estim\u00e9e\" \/>\n\t<meta name=\"twitter:data1\" content=\"4 minutes\" \/>\n<script type=\"application\/ld+json\" class=\"yoast-schema-graph\">{\"@context\":\"https:\\\/\\\/schema.org\",\"@graph\":[{\"@type\":\"WebPage\",\"@id\":\"https:\\\/\\\/osteopathe-barral-franconville.com\\\/index.php\\\/le-traitement-osteopathique-pathologie-chronique-handicap\\\/\",\"url\":\"https:\\\/\\\/osteopathe-barral-franconville.com\\\/index.php\\\/le-traitement-osteopathique-pathologie-chronique-handicap\\\/\",\"name\":\"L'ost\u00e9opathie dans la prise en charge du handicap \u00e0 Franconville -\",\"isPartOf\":{\"@id\":\"https:\\\/\\\/osteopathe-barral-franconville.com\\\/#website\"},\"primaryImageOfPage\":{\"@id\":\"https:\\\/\\\/osteopathe-barral-franconville.com\\\/index.php\\\/le-traitement-osteopathique-pathologie-chronique-handicap\\\/#primaryimage\"},\"image\":{\"@id\":\"https:\\\/\\\/osteopathe-barral-franconville.com\\\/index.php\\\/le-traitement-osteopathique-pathologie-chronique-handicap\\\/#primaryimage\"},\"thumbnailUrl\":\"https:\\\/\\\/osteopathe-barral-franconville.com\\\/wp-content\\\/uploads\\\/2022\\\/08\\\/pathologie-chronique-681x1024.jpg\",\"datePublished\":\"2022-07-19T16:16:08+00:00\",\"dateModified\":\"2022-08-23T15:13:33+00:00\",\"description\":\"l'ost\u00e9opathie et le handicap. Les maladies chronique provoque des situation de handicap pour les patients. L'ost\u00e9opathie peut aider.\",\"breadcrumb\":{\"@id\":\"https:\\\/\\\/osteopathe-barral-franconville.com\\\/index.php\\\/le-traitement-osteopathique-pathologie-chronique-handicap\\\/#breadcrumb\"},\"inLanguage\":\"fr-FR\",\"potentialAction\":[{\"@type\":\"ReadAction\",\"target\":[\"https:\\\/\\\/osteopathe-barral-franconville.com\\\/index.php\\\/le-traitement-osteopathique-pathologie-chronique-handicap\\\/\"]}]},{\"@type\":\"ImageObject\",\"inLanguage\":\"fr-FR\",\"@id\":\"https:\\\/\\\/osteopathe-barral-franconville.com\\\/index.php\\\/le-traitement-osteopathique-pathologie-chronique-handicap\\\/#primaryimage\",\"url\":\"https:\\\/\\\/osteopathe-barral-franconville.com\\\/wp-content\\\/uploads\\\/2022\\\/08\\\/pathologie-chronique-681x1024.jpg\",\"contentUrl\":\"https:\\\/\\\/osteopathe-barral-franconville.com\\\/wp-content\\\/uploads\\\/2022\\\/08\\\/pathologie-chronique-681x1024.jpg\"},{\"@type\":\"BreadcrumbList\",\"@id\":\"https:\\\/\\\/osteopathe-barral-franconville.com\\\/index.php\\\/le-traitement-osteopathique-pathologie-chronique-handicap\\\/#breadcrumb\",\"itemListElement\":[{\"@type\":\"ListItem\",\"position\":1,\"name\":\"Accueil\",\"item\":\"https:\\\/\\\/osteopathe-barral-franconville.com\\\/\"},{\"@type\":\"ListItem\",\"position\":2,\"name\":\"L&rsquo;ost\u00e9opathie dans la prise en charge du handicap \u00e0 Franconville\"}]},{\"@type\":\"WebSite\",\"@id\":\"https:\\\/\\\/osteopathe-barral-franconville.com\\\/#website\",\"url\":\"https:\\\/\\\/osteopathe-barral-franconville.com\\\/\",\"name\":\"\",\"description\":\"\",\"potentialAction\":[{\"@type\":\"SearchAction\",\"target\":{\"@type\":\"EntryPoint\",\"urlTemplate\":\"https:\\\/\\\/osteopathe-barral-franconville.com\\\/?s={search_term_string}\"},\"query-input\":{\"@type\":\"PropertyValueSpecification\",\"valueRequired\":true,\"valueName\":\"search_term_string\"}}],\"inLanguage\":\"fr-FR\"}]}<\/script>\n<!-- \/ Yoast SEO plugin. -->","yoast_head_json":{"title":"L'ost\u00e9opathie dans la prise en charge du handicap \u00e0 Franconville -","description":"l'ost\u00e9opathie et le handicap. Les maladies chronique provoque des situation de handicap pour les patients. L'ost\u00e9opathie peut aider.","robots":{"index":"index","follow":"follow","max-snippet":"max-snippet:-1","max-image-preview":"max-image-preview:large","max-video-preview":"max-video-preview:-1"},"canonical":"https:\/\/osteopathe-barral-franconville.com\/index.php\/le-traitement-osteopathique-pathologie-chronique-handicap\/","og_locale":"fr_FR","og_type":"article","og_title":"L'ost\u00e9opathie dans la prise en charge du handicap \u00e0 Franconville -","og_description":"l'ost\u00e9opathie et le handicap. Les maladies chronique provoque des situation de handicap pour les patients. L'ost\u00e9opathie peut aider.","og_url":"https:\/\/osteopathe-barral-franconville.com\/index.php\/le-traitement-osteopathique-pathologie-chronique-handicap\/","article_modified_time":"2022-08-23T15:13:33+00:00","og_image":[{"url":"https:\/\/osteopathe-barral-franconville.com\/wp-content\/uploads\/2022\/08\/pathologie-chronique-681x1024.jpg","type":"","width":"","height":""}],"twitter_card":"summary_large_image","twitter_misc":{"Dur\u00e9e de lecture estim\u00e9e":"4 minutes"},"schema":{"@context":"https:\/\/schema.org","@graph":[{"@type":"WebPage","@id":"https:\/\/osteopathe-barral-franconville.com\/index.php\/le-traitement-osteopathique-pathologie-chronique-handicap\/","url":"https:\/\/osteopathe-barral-franconville.com\/index.php\/le-traitement-osteopathique-pathologie-chronique-handicap\/","name":"L'ost\u00e9opathie dans la prise en charge du handicap \u00e0 Franconville -","isPartOf":{"@id":"https:\/\/osteopathe-barral-franconville.com\/#website"},"primaryImageOfPage":{"@id":"https:\/\/osteopathe-barral-franconville.com\/index.php\/le-traitement-osteopathique-pathologie-chronique-handicap\/#primaryimage"},"image":{"@id":"https:\/\/osteopathe-barral-franconville.com\/index.php\/le-traitement-osteopathique-pathologie-chronique-handicap\/#primaryimage"},"thumbnailUrl":"https:\/\/osteopathe-barral-franconville.com\/wp-content\/uploads\/2022\/08\/pathologie-chronique-681x1024.jpg","datePublished":"2022-07-19T16:16:08+00:00","dateModified":"2022-08-23T15:13:33+00:00","description":"l'ost\u00e9opathie et le handicap. Les maladies chronique provoque des situation de handicap pour les patients. L'ost\u00e9opathie peut aider.","breadcrumb":{"@id":"https:\/\/osteopathe-barral-franconville.com\/index.php\/le-traitement-osteopathique-pathologie-chronique-handicap\/#breadcrumb"},"inLanguage":"fr-FR","potentialAction":[{"@type":"ReadAction","target":["https:\/\/osteopathe-barral-franconville.com\/index.php\/le-traitement-osteopathique-pathologie-chronique-handicap\/"]}]},{"@type":"ImageObject","inLanguage":"fr-FR","@id":"https:\/\/osteopathe-barral-franconville.com\/index.php\/le-traitement-osteopathique-pathologie-chronique-handicap\/#primaryimage","url":"https:\/\/osteopathe-barral-franconville.com\/wp-content\/uploads\/2022\/08\/pathologie-chronique-681x1024.jpg","contentUrl":"https:\/\/osteopathe-barral-franconville.com\/wp-content\/uploads\/2022\/08\/pathologie-chronique-681x1024.jpg"},{"@type":"BreadcrumbList","@id":"https:\/\/osteopathe-barral-franconville.com\/index.php\/le-traitement-osteopathique-pathologie-chronique-handicap\/#breadcrumb","itemListElement":[{"@type":"ListItem","position":1,"name":"Accueil","item":"https:\/\/osteopathe-barral-franconville.com\/"},{"@type":"ListItem","position":2,"name":"L&rsquo;ost\u00e9opathie dans la prise en charge du handicap \u00e0 Franconville"}]},{"@type":"WebSite","@id":"https:\/\/osteopathe-barral-franconville.com\/#website","url":"https:\/\/osteopathe-barral-franconville.com\/","name":"","description":"","potentialAction":[{"@type":"SearchAction","target":{"@type":"EntryPoint","urlTemplate":"https:\/\/osteopathe-barral-franconville.com\/?s={search_term_string}"},"query-input":{"@type":"PropertyValueSpecification","valueRequired":true,"valueName":"search_term_string"}}],"inLanguage":"fr-FR"}]}},"_links":{"self":[{"href":"https:\/\/osteopathe-barral-franconville.com\/index.php\/wp-json\/wp\/v2\/pages\/204","targetHints":{"allow":["GET"]}}],"collection":[{"href":"https:\/\/osteopathe-barral-franconville.com\/index.php\/wp-json\/wp\/v2\/pages"}],"about":[{"href":"https:\/\/osteopathe-barral-franconville.com\/index.php\/wp-json\/wp\/v2\/types\/page"}],"author":[{"embeddable":true,"href":"https:\/\/osteopathe-barral-franconville.com\/index.php\/wp-json\/wp\/v2\/users\/1"}],"replies":[{"embeddable":true,"href":"https:\/\/osteopathe-barral-franconville.com\/index.php\/wp-json\/wp\/v2\/comments?post=204"}],"version-history":[{"count":5,"href":"https:\/\/osteopathe-barral-franconville.com\/index.php\/wp-json\/wp\/v2\/pages\/204\/revisions"}],"predecessor-version":[{"id":340,"href":"https:\/\/osteopathe-barral-franconville.com\/index.php\/wp-json\/wp\/v2\/pages\/204\/revisions\/340"}],"wp:attachment":[{"href":"https:\/\/osteopathe-barral-franconville.com\/index.php\/wp-json\/wp\/v2\/media?parent=204"}],"curies":[{"name":"wp","href":"https:\/\/api.w.org\/{rel}","templated":true}]}}