{"id":208,"date":"2022-07-19T18:43:49","date_gmt":"2022-07-19T16:43:49","guid":{"rendered":"http:\/\/osteopathe-barral-franconville.com\/?page_id=208"},"modified":"2022-08-29T16:18:11","modified_gmt":"2022-08-29T14:18:11","slug":"la-prise-en-charge-de-vos-douleurs-par-losteopathie-a-franconville-dans-le-val-doise","status":"publish","type":"page","link":"https:\/\/osteopathe-barral-franconville.com\/index.php\/la-prise-en-charge-de-vos-douleurs-par-losteopathie-a-franconville-dans-le-val-doise\/","title":{"rendered":"Un ost\u00e9opathe peut soulager votre douleur."},"content":{"rendered":"\n<p>Pierre Barral, ost\u00e9opathe D.O, prend en charge votre douleur et autres troubles. Je vous re\u00e7ois en consultation dans mon cabinet ost\u00e9opathie \u00e0 Franconville.<\/p>\n\n\n\n<div class=\"wp-block-media-text has-media-on-the-right is-stacked-on-mobile\" style=\"grid-template-columns:auto 31%\"><figure class=\"wp-block-media-text__media\"><img loading=\"lazy\" decoding=\"async\" width=\"1024\" height=\"683\" src=\"https:\/\/osteopathe-barral-franconville.com\/wp-content\/uploads\/2022\/07\/osteo-douleur-1024x683.jpg\" alt=\"ost\u00e9opathe douleur\" class=\"wp-image-251 size-full\" srcset=\"https:\/\/osteopathe-barral-franconville.com\/wp-content\/uploads\/2022\/07\/osteo-douleur-1024x683.jpg 1024w, https:\/\/osteopathe-barral-franconville.com\/wp-content\/uploads\/2022\/07\/osteo-douleur-300x200.jpg 300w, https:\/\/osteopathe-barral-franconville.com\/wp-content\/uploads\/2022\/07\/osteo-douleur-768x512.jpg 768w, https:\/\/osteopathe-barral-franconville.com\/wp-content\/uploads\/2022\/07\/osteo-douleur-1536x1024.jpg 1536w, https:\/\/osteopathe-barral-franconville.com\/wp-content\/uploads\/2022\/07\/osteo-douleur-2048x1365.jpg 2048w, https:\/\/osteopathe-barral-franconville.com\/wp-content\/uploads\/2022\/07\/osteo-douleur-360x240.jpg 360w\" sizes=\"auto, (max-width: 1024px) 100vw, 1024px\" \/><\/figure><div class=\"wp-block-media-text__content\">\n<p>Les exigences de la vie quotidienne sur votre corps ont des cons\u00e9quences. Lors d&rsquo;un faux mouvement ou avec une apparition progressive des douleurs peuvent apparaitre et perturber votre quotidien. L&rsquo;ost\u00e9opathe peut r\u00e9ajuster le corps pour faire dispara\u00eetre la douleur ou g\u00eane que vous pouvez sentir.<\/p>\n<\/div><\/div>\n\n\n\n<h2 class=\"wp-block-heading\" style=\"font-size:30px\"><strong>Pourquoi la douleur est apparue ?<\/strong><\/h2>\n\n\n\n<p>L&rsquo;ost\u00e9opathie traite les pertes de mobilit\u00e9s des diff\u00e9rentes structures du corps entra\u00eenant un moins bon fonctionnement du corps. On appelle ces pertes de mobilit\u00e9s des dysfonctions ost\u00e9opathiques. Le corps peut compenser les dysfonctions afin qu&rsquo;il puisse remplir sa fonction. Mais si un trop grand nombre de dysfonctions sont pr\u00e9sentes il y a un risque de surmenage d&rsquo;une structure (un peu comme un burn-out). Ou que les diff\u00e9rentes adaptations imposent une contrainte trop importante \u00e0 la structure. Le corps prot\u00e8ge alors la structure en verrouillant la zone (comme dans un lumbago ou un torticolis). Cela fait souvent suite \u00e0 un \u00ab\u00a0faux mouvement\u00a0\u00bb. C&rsquo;est ce qu&rsquo;on appelle la perte de compensation.<\/p>\n\n\n\n<h2 class=\"wp-block-heading\" style=\"font-size:30px\"><strong>Quels type de douleur l&rsquo;ost\u00e9opathe peut-il prendre en charge ?<\/strong><\/h2>\n\n\n\n<p>Nous l&rsquo;avons vu juste au-dessus beaucoup de troubles ou douleurs viennent de dysfonctions ost\u00e9opathiques et des adaptations qui en d\u00e9coulent. En fonction de la zone o\u00f9 se trouvent ces dysfonctions on peut trouver un tr\u00e8s grand nombre de sympt\u00f4mes. Ainsi, des dysfonctions au niveau digestif pourront provoquer des br\u00fblures d&rsquo;estomac ou des troubles du transit. Bien entendu, les articulations et les muscles font partie des zones concern\u00e9es par ces dysfonctions.<\/p>\n\n\n\n<p>Les dysfonctions influent sur toute la zone o\u00f9 elles se trouvent. Elles ont donc des r\u00e9percussions \u00e9galement sur les vaisseaux sanguins et les nerfs \u00e0 proximit\u00e9. Ainsi des dysfonctions de la nuque peuvent \u00eatre \u00e0 l&rsquo;origine de migraine ou m\u00eame de vertige via les interactions qu&rsquo;a la zone avec le cr\u00e2ne.<\/p>\n\n\n\n<p>Le but ici n&rsquo;est pas de faire une liste exhaustive, mais la prise en charge ost\u00e9opathique est extr\u00eamement vari\u00e9e il ne faut donc pas h\u00e9siter \u00e0 parler de probl\u00e8mes que vous pouvez avoir \u00e0 votre ost\u00e9opathe \u00e0 Sannois afin qu&rsquo;il puisse vous renseigner.<\/p>\n\n\n\n<h2 class=\"wp-block-heading\" style=\"font-size:30px\"><strong>Comment \u00e9viter la<\/strong> <strong>r\u00e9cidive des douleurs et probl\u00e8mes ?<\/strong><\/h2>\n\n\n\n<p>L&rsquo;ost\u00e9opathe \u00e0 la fin de la consultation pourra vous expliquer l&rsquo;origine de vos probl\u00e8mes et donc vous donner des conseils afin d&rsquo;\u00e9viter la r\u00e9cidive. Ces conseils peuvent \u00eatre une modification dans vos habitudes au travail ou dans votre alimentation par exemple.<\/p>\n\n\n\n<p>Enfin, il est important de se rappeler que <a href=\"https:\/\/osteopathe-barral-franconville.com\/index.php\/votre-suivi-preventif-en-osteopathie-a-franconville\/\" target=\"_blank\" rel=\"noreferrer noopener\">l&rsquo;ost\u00e9opathie est avant tout une m\u00e9decine pr\u00e9ventive<\/a>. Il est donc recommand\u00e9 de venir faire des check-up r\u00e9guliers une \u00e0 deux fois par an.<\/p>\n","protected":false},"excerpt":{"rendered":"<p>Pierre Barral, ost\u00e9opathe D.O, prend en charge votre douleur et autres troubles. Je vous re\u00e7ois en consultation dans mon cabinet ost\u00e9opathie \u00e0 Franconville. Les exigences de la vie quotidienne sur votre corps ont des cons\u00e9quences. Lors d&rsquo;un faux mouvement ou avec une apparition progressive des douleurs peuvent apparaitre et perturber [&hellip;]<\/p>\n","protected":false},"author":1,"featured_media":0,"parent":0,"menu_order":0,"comment_status":"closed","ping_status":"closed","template":"","meta":{"footnotes":""},"class_list":["post-208","page","type-page","status-publish","hentry"],"yoast_head":"<!-- This site is optimized with the Yoast SEO plugin v27.4 - https:\/\/yoast.com\/product\/yoast-seo-wordpress\/ -->\n<title>Un ost\u00e9opathe peut soulager votre douleur. -<\/title>\n<meta name=\"description\" content=\"L&#039;ost\u00e9opathe permet de traiter une douleur du quotidien ou \u00e0 la suite de traumatisme. Voyons comment l&#039;ost\u00e9opathe peut soulager les douleurs\" \/>\n<meta name=\"robots\" content=\"index, follow, max-snippet:-1, max-image-preview:large, max-video-preview:-1\" \/>\n<link rel=\"canonical\" href=\"https:\/\/osteopathe-barral-franconville.com\/index.php\/la-prise-en-charge-de-vos-douleurs-par-losteopathie-a-franconville-dans-le-val-doise\/\" \/>\n<meta property=\"og:locale\" content=\"fr_FR\" \/>\n<meta property=\"og:type\" content=\"article\" \/>\n<meta property=\"og:title\" content=\"Un ost\u00e9opathe peut soulager votre douleur. -\" \/>\n<meta property=\"og:description\" content=\"L&#039;ost\u00e9opathe permet de traiter une douleur du quotidien ou \u00e0 la suite de traumatisme. Voyons comment l&#039;ost\u00e9opathe peut soulager les douleurs\" \/>\n<meta property=\"og:url\" content=\"https:\/\/osteopathe-barral-franconville.com\/index.php\/la-prise-en-charge-de-vos-douleurs-par-losteopathie-a-franconville-dans-le-val-doise\/\" \/>\n<meta property=\"article:modified_time\" content=\"2022-08-29T14:18:11+00:00\" \/>\n<meta property=\"og:image\" content=\"https:\/\/osteopathe-barral-franconville.com\/wp-content\/uploads\/2022\/07\/osteo-douleur-1024x683.jpg\" \/>\n<meta name=\"twitter:card\" content=\"summary_large_image\" \/>\n<meta name=\"twitter:label1\" content=\"Dur\u00e9e de lecture estim\u00e9e\" \/>\n\t<meta name=\"twitter:data1\" content=\"3 minutes\" \/>\n<script type=\"application\/ld+json\" class=\"yoast-schema-graph\">{\"@context\":\"https:\\\/\\\/schema.org\",\"@graph\":[{\"@type\":\"WebPage\",\"@id\":\"https:\\\/\\\/osteopathe-barral-franconville.com\\\/index.php\\\/la-prise-en-charge-de-vos-douleurs-par-losteopathie-a-franconville-dans-le-val-doise\\\/\",\"url\":\"https:\\\/\\\/osteopathe-barral-franconville.com\\\/index.php\\\/la-prise-en-charge-de-vos-douleurs-par-losteopathie-a-franconville-dans-le-val-doise\\\/\",\"name\":\"Un ost\u00e9opathe peut soulager votre douleur. -\",\"isPartOf\":{\"@id\":\"https:\\\/\\\/osteopathe-barral-franconville.com\\\/#website\"},\"primaryImageOfPage\":{\"@id\":\"https:\\\/\\\/osteopathe-barral-franconville.com\\\/index.php\\\/la-prise-en-charge-de-vos-douleurs-par-losteopathie-a-franconville-dans-le-val-doise\\\/#primaryimage\"},\"image\":{\"@id\":\"https:\\\/\\\/osteopathe-barral-franconville.com\\\/index.php\\\/la-prise-en-charge-de-vos-douleurs-par-losteopathie-a-franconville-dans-le-val-doise\\\/#primaryimage\"},\"thumbnailUrl\":\"https:\\\/\\\/osteopathe-barral-franconville.com\\\/wp-content\\\/uploads\\\/2022\\\/07\\\/osteo-douleur-1024x683.jpg\",\"datePublished\":\"2022-07-19T16:43:49+00:00\",\"dateModified\":\"2022-08-29T14:18:11+00:00\",\"description\":\"L'ost\u00e9opathe permet de traiter une douleur du quotidien ou \u00e0 la suite de traumatisme. Voyons comment l'ost\u00e9opathe peut soulager les douleurs\",\"breadcrumb\":{\"@id\":\"https:\\\/\\\/osteopathe-barral-franconville.com\\\/index.php\\\/la-prise-en-charge-de-vos-douleurs-par-losteopathie-a-franconville-dans-le-val-doise\\\/#breadcrumb\"},\"inLanguage\":\"fr-FR\",\"potentialAction\":[{\"@type\":\"ReadAction\",\"target\":[\"https:\\\/\\\/osteopathe-barral-franconville.com\\\/index.php\\\/la-prise-en-charge-de-vos-douleurs-par-losteopathie-a-franconville-dans-le-val-doise\\\/\"]}]},{\"@type\":\"ImageObject\",\"inLanguage\":\"fr-FR\",\"@id\":\"https:\\\/\\\/osteopathe-barral-franconville.com\\\/index.php\\\/la-prise-en-charge-de-vos-douleurs-par-losteopathie-a-franconville-dans-le-val-doise\\\/#primaryimage\",\"url\":\"https:\\\/\\\/osteopathe-barral-franconville.com\\\/wp-content\\\/uploads\\\/2022\\\/07\\\/osteo-douleur-scaled.jpg\",\"contentUrl\":\"https:\\\/\\\/osteopathe-barral-franconville.com\\\/wp-content\\\/uploads\\\/2022\\\/07\\\/osteo-douleur-scaled.jpg\",\"width\":2560,\"height\":1707,\"caption\":\"ost\u00e9opathe doleur\"},{\"@type\":\"BreadcrumbList\",\"@id\":\"https:\\\/\\\/osteopathe-barral-franconville.com\\\/index.php\\\/la-prise-en-charge-de-vos-douleurs-par-losteopathie-a-franconville-dans-le-val-doise\\\/#breadcrumb\",\"itemListElement\":[{\"@type\":\"ListItem\",\"position\":1,\"name\":\"Accueil\",\"item\":\"https:\\\/\\\/osteopathe-barral-franconville.com\\\/\"},{\"@type\":\"ListItem\",\"position\":2,\"name\":\"Un ost\u00e9opathe peut soulager votre douleur.\"}]},{\"@type\":\"WebSite\",\"@id\":\"https:\\\/\\\/osteopathe-barral-franconville.com\\\/#website\",\"url\":\"https:\\\/\\\/osteopathe-barral-franconville.com\\\/\",\"name\":\"\",\"description\":\"\",\"potentialAction\":[{\"@type\":\"SearchAction\",\"target\":{\"@type\":\"EntryPoint\",\"urlTemplate\":\"https:\\\/\\\/osteopathe-barral-franconville.com\\\/?s={search_term_string}\"},\"query-input\":{\"@type\":\"PropertyValueSpecification\",\"valueRequired\":true,\"valueName\":\"search_term_string\"}}],\"inLanguage\":\"fr-FR\"}]}<\/script>\n<!-- \/ Yoast SEO plugin. -->","yoast_head_json":{"title":"Un ost\u00e9opathe peut soulager votre douleur. -","description":"L'ost\u00e9opathe permet de traiter une douleur du quotidien ou \u00e0 la suite de traumatisme. Voyons comment l'ost\u00e9opathe peut soulager les douleurs","robots":{"index":"index","follow":"follow","max-snippet":"max-snippet:-1","max-image-preview":"max-image-preview:large","max-video-preview":"max-video-preview:-1"},"canonical":"https:\/\/osteopathe-barral-franconville.com\/index.php\/la-prise-en-charge-de-vos-douleurs-par-losteopathie-a-franconville-dans-le-val-doise\/","og_locale":"fr_FR","og_type":"article","og_title":"Un ost\u00e9opathe peut soulager votre douleur. -","og_description":"L'ost\u00e9opathe permet de traiter une douleur du quotidien ou \u00e0 la suite de traumatisme. Voyons comment l'ost\u00e9opathe peut soulager les douleurs","og_url":"https:\/\/osteopathe-barral-franconville.com\/index.php\/la-prise-en-charge-de-vos-douleurs-par-losteopathie-a-franconville-dans-le-val-doise\/","article_modified_time":"2022-08-29T14:18:11+00:00","og_image":[{"url":"https:\/\/osteopathe-barral-franconville.com\/wp-content\/uploads\/2022\/07\/osteo-douleur-1024x683.jpg","type":"","width":"","height":""}],"twitter_card":"summary_large_image","twitter_misc":{"Dur\u00e9e de lecture estim\u00e9e":"3 minutes"},"schema":{"@context":"https:\/\/schema.org","@graph":[{"@type":"WebPage","@id":"https:\/\/osteopathe-barral-franconville.com\/index.php\/la-prise-en-charge-de-vos-douleurs-par-losteopathie-a-franconville-dans-le-val-doise\/","url":"https:\/\/osteopathe-barral-franconville.com\/index.php\/la-prise-en-charge-de-vos-douleurs-par-losteopathie-a-franconville-dans-le-val-doise\/","name":"Un ost\u00e9opathe peut soulager votre douleur. -","isPartOf":{"@id":"https:\/\/osteopathe-barral-franconville.com\/#website"},"primaryImageOfPage":{"@id":"https:\/\/osteopathe-barral-franconville.com\/index.php\/la-prise-en-charge-de-vos-douleurs-par-losteopathie-a-franconville-dans-le-val-doise\/#primaryimage"},"image":{"@id":"https:\/\/osteopathe-barral-franconville.com\/index.php\/la-prise-en-charge-de-vos-douleurs-par-losteopathie-a-franconville-dans-le-val-doise\/#primaryimage"},"thumbnailUrl":"https:\/\/osteopathe-barral-franconville.com\/wp-content\/uploads\/2022\/07\/osteo-douleur-1024x683.jpg","datePublished":"2022-07-19T16:43:49+00:00","dateModified":"2022-08-29T14:18:11+00:00","description":"L'ost\u00e9opathe permet de traiter une douleur du quotidien ou \u00e0 la suite de traumatisme. Voyons comment l'ost\u00e9opathe peut soulager les douleurs","breadcrumb":{"@id":"https:\/\/osteopathe-barral-franconville.com\/index.php\/la-prise-en-charge-de-vos-douleurs-par-losteopathie-a-franconville-dans-le-val-doise\/#breadcrumb"},"inLanguage":"fr-FR","potentialAction":[{"@type":"ReadAction","target":["https:\/\/osteopathe-barral-franconville.com\/index.php\/la-prise-en-charge-de-vos-douleurs-par-losteopathie-a-franconville-dans-le-val-doise\/"]}]},{"@type":"ImageObject","inLanguage":"fr-FR","@id":"https:\/\/osteopathe-barral-franconville.com\/index.php\/la-prise-en-charge-de-vos-douleurs-par-losteopathie-a-franconville-dans-le-val-doise\/#primaryimage","url":"https:\/\/osteopathe-barral-franconville.com\/wp-content\/uploads\/2022\/07\/osteo-douleur-scaled.jpg","contentUrl":"https:\/\/osteopathe-barral-franconville.com\/wp-content\/uploads\/2022\/07\/osteo-douleur-scaled.jpg","width":2560,"height":1707,"caption":"ost\u00e9opathe doleur"},{"@type":"BreadcrumbList","@id":"https:\/\/osteopathe-barral-franconville.com\/index.php\/la-prise-en-charge-de-vos-douleurs-par-losteopathie-a-franconville-dans-le-val-doise\/#breadcrumb","itemListElement":[{"@type":"ListItem","position":1,"name":"Accueil","item":"https:\/\/osteopathe-barral-franconville.com\/"},{"@type":"ListItem","position":2,"name":"Un ost\u00e9opathe peut soulager votre douleur."}]},{"@type":"WebSite","@id":"https:\/\/osteopathe-barral-franconville.com\/#website","url":"https:\/\/osteopathe-barral-franconville.com\/","name":"","description":"","potentialAction":[{"@type":"SearchAction","target":{"@type":"EntryPoint","urlTemplate":"https:\/\/osteopathe-barral-franconville.com\/?s={search_term_string}"},"query-input":{"@type":"PropertyValueSpecification","valueRequired":true,"valueName":"search_term_string"}}],"inLanguage":"fr-FR"}]}},"_links":{"self":[{"href":"https:\/\/osteopathe-barral-franconville.com\/index.php\/wp-json\/wp\/v2\/pages\/208","targetHints":{"allow":["GET"]}}],"collection":[{"href":"https:\/\/osteopathe-barral-franconville.com\/index.php\/wp-json\/wp\/v2\/pages"}],"about":[{"href":"https:\/\/osteopathe-barral-franconville.com\/index.php\/wp-json\/wp\/v2\/types\/page"}],"author":[{"embeddable":true,"href":"https:\/\/osteopathe-barral-franconville.com\/index.php\/wp-json\/wp\/v2\/users\/1"}],"replies":[{"embeddable":true,"href":"https:\/\/osteopathe-barral-franconville.com\/index.php\/wp-json\/wp\/v2\/comments?post=208"}],"version-history":[{"count":5,"href":"https:\/\/osteopathe-barral-franconville.com\/index.php\/wp-json\/wp\/v2\/pages\/208\/revisions"}],"predecessor-version":[{"id":357,"href":"https:\/\/osteopathe-barral-franconville.com\/index.php\/wp-json\/wp\/v2\/pages\/208\/revisions\/357"}],"wp:attachment":[{"href":"https:\/\/osteopathe-barral-franconville.com\/index.php\/wp-json\/wp\/v2\/media?parent=208"}],"curies":[{"name":"wp","href":"https:\/\/api.w.org\/{rel}","templated":true}]}}