{"id":34,"date":"2022-07-19T11:24:03","date_gmt":"2022-07-19T09:24:03","guid":{"rendered":"http:\/\/osteopathe-barral-franconville.com\/?page_id=34"},"modified":"2022-10-01T00:48:00","modified_gmt":"2022-09-30T22:48:00","slug":"accueil-osteopathe-franconville-val-doise","status":"publish","type":"page","link":"https:\/\/osteopathe-barral-franconville.com\/","title":{"rendered":"Pierre Barral, ost\u00e9opathe \u00e0 Franconville dans le Val d&rsquo;Oise."},"content":{"rendered":"\n<div class=\"wp-block-media-text is-stacked-on-mobile\" style=\"grid-template-columns:32% auto\"><figure class=\"wp-block-media-text__media\"><img loading=\"lazy\" decoding=\"async\" width=\"1024\" height=\"768\" src=\"https:\/\/osteopathe-barral-franconville.com\/wp-content\/uploads\/2022\/10\/IMG20220930172231-1024x768.jpg\" alt=\"ost\u00e9opathe franconville\" class=\"wp-image-384 size-full\" srcset=\"https:\/\/osteopathe-barral-franconville.com\/wp-content\/uploads\/2022\/10\/IMG20220930172231-1024x768.jpg 1024w, https:\/\/osteopathe-barral-franconville.com\/wp-content\/uploads\/2022\/10\/IMG20220930172231-300x225.jpg 300w, https:\/\/osteopathe-barral-franconville.com\/wp-content\/uploads\/2022\/10\/IMG20220930172231-768x576.jpg 768w, https:\/\/osteopathe-barral-franconville.com\/wp-content\/uploads\/2022\/10\/IMG20220930172231-1536x1152.jpg 1536w, https:\/\/osteopathe-barral-franconville.com\/wp-content\/uploads\/2022\/10\/IMG20220930172231-2048x1536.jpg 2048w\" sizes=\"auto, (max-width: 1024px) 100vw, 1024px\" \/><\/figure><div class=\"wp-block-media-text__content\">\n<p>Pierre Barral vous accueille sur ce site afin de vous pr\u00e9senter son activit\u00e9 d&rsquo;ost\u00e9opathe \u00e0 Franconville, dans le Val d&rsquo;Oise. Vous trouverez toutes les informations n\u00e9cessaires si vous souhaitez prendre rendez-vous. Si vous souhaitez en savoir plus sur l&rsquo;ost\u00e9opathie et ses possibilit\u00e9s vous trouverez \u00e9galement vos r\u00e9ponses.<\/p>\n<\/div><\/div>\n\n\n\n<h2 class=\"wp-block-heading\" style=\"font-size:30px\"><strong><a href=\"https:\/\/osteopathe-barral-franconville.com\/index.php\/qui-peut-consulter-un-osteopathe\/\" target=\"_blank\" rel=\"noreferrer noopener\">Qui peut consulter un ost\u00e9opathe \u00e0 Franconville?<\/a><\/strong><\/h2>\n\n\n\n<p class=\"has-medium-font-size\">Vous n&rsquo;\u00eates pas sure de pouvoir b\u00e9n\u00e9ficier des soins d&rsquo;un ost\u00e9opathe \u00e0 Franconville dans le Val d&rsquo;Oise ? Vous trouverez des rubriques vous expliquant quels sont les patients types et les probl\u00e8mes r\u00e9currents qui sont trait\u00e9s.<\/p>\n\n\n\n<p><strong><a href=\"https:\/\/osteopathe-barral-franconville.com\/index.php\/osteopathe-pour-le-plus-jeune-age-nourrissons-et-enfants-a-franconville\/\" target=\"_blank\" rel=\"noreferrer noopener\">Les nourrissons<\/a><\/strong> et leurs troubles digestifs ou plagioc\u00e9phalie (t\u00eate aplatie).<\/p>\n\n\n\n<p>Votre ost\u00e9opathe \u00e0 Franconville peut prendre en charge les nourrissons d\u00e8s le jour de leur naissance et assurer leur suivie afin qu&rsquo;ils grandissent dans les meilleures conditions.<\/p>\n\n\n\n<p><strong><a href=\"https:\/\/osteopathe-barral-franconville.com\/index.php\/osteopathe-pour-sportif-a-franconville\/\" target=\"_blank\" rel=\"noreferrer noopener\">Les sportifs<\/a><\/strong> et les blessures fr\u00e9quentes ou la pr\u00e9vention de certaines de ces blessures.<\/p>\n\n\n\n<p>L&rsquo;ost\u00e9opathe du sport peut vous suivre dans votre pratique qu&rsquo;elle soit \u00e0 haut niveau ou juste un loisir. La prise en charge du sportif vous aidera \u00e0 \u00eatre toujours au maximum de vos performances et de votre forme et pourra m\u00eame pr\u00e9venir l&rsquo;apparition de blessures telle que les tendinites<\/p>\n\n\n\n<p><strong><a href=\"https:\/\/osteopathe-barral-franconville.com\/index.php\/osteopathe-pour-le-suivi-de-la-grossesse-a-franconville\/\" target=\"_blank\" rel=\"noreferrer noopener\">Les femmes enceintes<\/a><\/strong> et le confort qui peut leur \u00eatre apport\u00e9 au cours de leur grossesse.<\/p>\n\n\n\n<p>L&rsquo;ost\u00e9opathe permet l&rsquo;adaptation au corps de la femme enceinte ce qui est n\u00e9cessaire au vu des nombreuses modifications qu&rsquo;il subit lors de la grossesse. La femme enceinte fait face \u00e0 de nombreux d\u00e9sagr\u00e9ments constipation, mal de dos et lumbago, remont\u00e9e acide et la sciatalgie, pour ne citer que les plus fr\u00e9quents.<\/p>\n\n\n\n<p><strong><a href=\"https:\/\/osteopathe-barral-franconville.com\/index.php\/traitement-du-rhumatisme-a-franconville-dans-le-valdoise\/\" target=\"_blank\" rel=\"noreferrer noopener\">Les s\u00e9niors<\/a><\/strong> et les diff\u00e9rents probl\u00e8mes souvent rhumatismaux.<\/p>\n\n\n\n<p>Le temps impose toujours plus d&rsquo;adaptation au corps l&rsquo;ost\u00e9opathie permet de rel\u00e2cher les tensions. Diminuer les douleurs dans les rhumatismes. Votre ost\u00e9opathe \u00e0 Sannois peut vous aider \u00e0 retrouver la forme apr\u00e8s une maladie dont la r\u00e9cup\u00e9ration est difficile.<\/p>\n\n\n\n<p>En bref, tout le monde peut consulter de la naissance jusqu&rsquo;\u00e0 nos vieux jours, l&rsquo;ost\u00e9opathie peut-\u00eatre b\u00e9n\u00e9fique.<\/p>\n\n\n\n<h2 class=\"wp-block-heading\" style=\"font-size:30px\"><a href=\"https:\/\/osteopathe-barral-franconville.com\/index.php\/pourquoi-consulter-un-osteopathe\/\" target=\"_blank\" rel=\"noreferrer noopener\">Pour quels probl\u00e8mes consulter un ost\u00e9opathe \u00e0 Franconville<strong>?<\/strong><\/a><\/h2>\n\n\n\n<p class=\"has-medium-font-size\">Vous pouvez b\u00e9n\u00e9ficier de soins ost\u00e9opathiques mais dans quel cas cela est int\u00e9ressant ? Les pages de ce site vous expliqueront dans quel contexte il est int\u00e9ressant de consulter un ost\u00e9opathe.<\/p>\n\n\n\n<p class=\"has-medium-font-size\">Vous avez une <a href=\"https:\/\/osteopathe-barral-franconville.com\/index.php\/la-prise-en-charge-de-vos-douleurs-par-losteopathie-a-franconville-dans-le-val-doise\/\" target=\"_blank\" rel=\"noreferrer noopener\"><strong>douleur ou une g\u00eane<\/strong> <\/a>apparue de fa\u00e7on r\u00e9cente ou non. Qu&rsquo;il s&rsquo;agisse d&rsquo;un torticolis, de <a href=\"https:\/\/osteopathe-barral-franconville.com\/index.php\/2022\/07\/19\/la-migraine-traitee-osteopathe\/\" target=\"_blank\" rel=\"noreferrer noopener\">migraine<\/a> de douleurs digestives l&rsquo;ost\u00e9opathie peut soigner ses diff\u00e9rents probl\u00e8mes qu&rsquo;ils soient apparus r\u00e9cemment ou qu&rsquo;ils soient plus anciens.<\/p>\n\n\n\n<p class=\"has-medium-font-size\">Vous ne pr\u00e9sentez pas de douleur ou de g\u00eane particuli\u00e8re mais vous souhaitez un<strong> <a href=\"https:\/\/osteopathe-barral-franconville.com\/index.php\/votre-suivi-preventif-en-osteopathie-a-franconville\/\" target=\"_blank\" rel=\"noreferrer noopener\">traitement pr\u00e9ventif<\/a><\/strong>. L&rsquo;ost\u00e9opathie permet de rel\u00e2cher les diff\u00e9rentes tensions du corps afin de pr\u00e9venir l&rsquo;apparition de douleurs. Le traitement ost\u00e9opathique prend en compte l&rsquo;ensemble du corps, la sph\u00e8re visc\u00e9rale, l&rsquo;ost\u00e9opathie cr\u00e2nienne ainsi que l&rsquo;ensemble des articulations.<\/p>\n\n\n\n<p class=\"has-medium-font-size\">Vous avez un <strong><a href=\"https:\/\/osteopathe-barral-franconville.com\/index.php\/le-traitement-osteopathique-pathologie-chronique-handicap\/\" target=\"_blank\" rel=\"noreferrer noopener\">handicap ou une maladie chronique<\/a><\/strong> pour laquelle l&rsquo;ost\u00e9opathie peut vous apporter un confort suppl\u00e9mentaire. Dans certains cas la gu\u00e9rison est longue ou m\u00eame impossible. Dans ce cas l&rsquo;ost\u00e9opathie peut offrir un meilleur confort pour les patients. L&rsquo;ost\u00e9opathe peut m\u00eame dans certains cas am\u00e9liorer la condition et acc\u00e9l\u00e9rer la gu\u00e9rison.<\/p>\n\n\n\n<h2 class=\"wp-block-heading\" style=\"font-size:30px\"><strong>Mieux comprendre l&rsquo;ost\u00e9opathie<\/strong><\/h2>\n\n\n\n<p>La <strong><a href=\"https:\/\/osteopathe-barral-franconville.com\/index.php\/actualites\/\" target=\"_blank\" rel=\"noreferrer noopener\">page actualit\u00e9<\/a><\/strong> comprend des articles afin de mieux comprendre comment fonctionne l&rsquo;ost\u00e9opathie et quels types de probl\u00e8mes elle peut aider \u00e0 traiter. Les articles sont \u00e9crits par un ost\u00e9opathe de Franconville de fa\u00e7ons a expliquer l&rsquo;origine, les m\u00e9canismes et les sympt\u00f4mes d&rsquo;une pathologie.<\/p>\n","protected":false},"excerpt":{"rendered":"<p>Pierre Barral vous accueille sur ce site afin de vous pr\u00e9senter son activit\u00e9 d&rsquo;ost\u00e9opathe \u00e0 Franconville, dans le Val d&rsquo;Oise. Vous trouverez toutes les informations n\u00e9cessaires si vous souhaitez prendre rendez-vous. Si vous souhaitez en savoir plus sur l&rsquo;ost\u00e9opathie et ses possibilit\u00e9s vous trouverez \u00e9galement vos r\u00e9ponses. Qui peut consulter [&hellip;]<\/p>\n","protected":false},"author":1,"featured_media":0,"parent":0,"menu_order":0,"comment_status":"closed","ping_status":"closed","template":"","meta":{"footnotes":""},"class_list":["post-34","page","type-page","status-publish","hentry"],"yoast_head":"<!-- This site is optimized with the Yoast SEO plugin v27.4 - https:\/\/yoast.com\/product\/yoast-seo-wordpress\/ -->\n<title>Pierre Barral, ost\u00e9opathe \u00e0 Franconville dans le Val d&#039;Oise. -<\/title>\n<meta name=\"description\" content=\"Votre ost\u00e9opathe \u00e0 Franconville dans le Val d&#039;Oise vous prends en charge pour vos divers douleurs mais aussi en pr\u00e9ventif.\" \/>\n<meta name=\"robots\" content=\"index, follow, max-snippet:-1, max-image-preview:large, max-video-preview:-1\" \/>\n<link rel=\"canonical\" href=\"https:\/\/osteopathe-barral-franconville.com\/\" \/>\n<meta property=\"og:locale\" content=\"fr_FR\" \/>\n<meta property=\"og:type\" content=\"article\" \/>\n<meta property=\"og:title\" content=\"Pierre Barral, ost\u00e9opathe \u00e0 Franconville dans le Val d&#039;Oise. -\" \/>\n<meta property=\"og:description\" content=\"Votre ost\u00e9opathe \u00e0 Franconville dans le Val d&#039;Oise vous prends en charge pour vos divers douleurs mais aussi en pr\u00e9ventif.\" \/>\n<meta property=\"og:url\" content=\"https:\/\/osteopathe-barral-franconville.com\/\" \/>\n<meta property=\"article:modified_time\" content=\"2022-09-30T22:48:00+00:00\" \/>\n<meta property=\"og:image\" content=\"https:\/\/osteopathe-barral-franconville.com\/wp-content\/uploads\/2022\/10\/IMG20220930172231-1024x768.jpg\" \/>\n<meta name=\"twitter:card\" content=\"summary_large_image\" \/>\n<meta name=\"twitter:label1\" content=\"Dur\u00e9e de lecture estim\u00e9e\" \/>\n\t<meta name=\"twitter:data1\" content=\"3 minutes\" \/>\n<script type=\"application\/ld+json\" class=\"yoast-schema-graph\">{\"@context\":\"https:\\\/\\\/schema.org\",\"@graph\":[{\"@type\":\"WebPage\",\"@id\":\"https:\\\/\\\/osteopathe-barral-franconville.com\\\/\",\"url\":\"https:\\\/\\\/osteopathe-barral-franconville.com\\\/\",\"name\":\"Pierre Barral, ost\u00e9opathe \u00e0 Franconville dans le Val d'Oise. -\",\"isPartOf\":{\"@id\":\"https:\\\/\\\/osteopathe-barral-franconville.com\\\/#website\"},\"primaryImageOfPage\":{\"@id\":\"https:\\\/\\\/osteopathe-barral-franconville.com\\\/#primaryimage\"},\"image\":{\"@id\":\"https:\\\/\\\/osteopathe-barral-franconville.com\\\/#primaryimage\"},\"thumbnailUrl\":\"https:\\\/\\\/osteopathe-barral-franconville.com\\\/wp-content\\\/uploads\\\/2022\\\/10\\\/IMG20220930172231-1024x768.jpg\",\"datePublished\":\"2022-07-19T09:24:03+00:00\",\"dateModified\":\"2022-09-30T22:48:00+00:00\",\"description\":\"Votre ost\u00e9opathe \u00e0 Franconville dans le Val d'Oise vous prends en charge pour vos divers douleurs mais aussi en pr\u00e9ventif.\",\"breadcrumb\":{\"@id\":\"https:\\\/\\\/osteopathe-barral-franconville.com\\\/#breadcrumb\"},\"inLanguage\":\"fr-FR\",\"potentialAction\":[{\"@type\":\"ReadAction\",\"target\":[\"https:\\\/\\\/osteopathe-barral-franconville.com\\\/\"]}]},{\"@type\":\"ImageObject\",\"inLanguage\":\"fr-FR\",\"@id\":\"https:\\\/\\\/osteopathe-barral-franconville.com\\\/#primaryimage\",\"url\":\"https:\\\/\\\/osteopathe-barral-franconville.com\\\/wp-content\\\/uploads\\\/2022\\\/10\\\/IMG20220930172231-1024x768.jpg\",\"contentUrl\":\"https:\\\/\\\/osteopathe-barral-franconville.com\\\/wp-content\\\/uploads\\\/2022\\\/10\\\/IMG20220930172231-1024x768.jpg\"},{\"@type\":\"BreadcrumbList\",\"@id\":\"https:\\\/\\\/osteopathe-barral-franconville.com\\\/#breadcrumb\",\"itemListElement\":[{\"@type\":\"ListItem\",\"position\":1,\"name\":\"Accueil\",\"item\":\"https:\\\/\\\/osteopathe-barral-franconville.com\\\/\"},{\"@type\":\"ListItem\",\"position\":2,\"name\":\"Pierre Barral, ost\u00e9opathe \u00e0 Franconville dans le Val d&rsquo;Oise.\"}]},{\"@type\":\"WebSite\",\"@id\":\"https:\\\/\\\/osteopathe-barral-franconville.com\\\/#website\",\"url\":\"https:\\\/\\\/osteopathe-barral-franconville.com\\\/\",\"name\":\"\",\"description\":\"\",\"potentialAction\":[{\"@type\":\"SearchAction\",\"target\":{\"@type\":\"EntryPoint\",\"urlTemplate\":\"https:\\\/\\\/osteopathe-barral-franconville.com\\\/?s={search_term_string}\"},\"query-input\":{\"@type\":\"PropertyValueSpecification\",\"valueRequired\":true,\"valueName\":\"search_term_string\"}}],\"inLanguage\":\"fr-FR\"}]}<\/script>\n<!-- \/ Yoast SEO plugin. -->","yoast_head_json":{"title":"Pierre Barral, ost\u00e9opathe \u00e0 Franconville dans le Val d'Oise. -","description":"Votre ost\u00e9opathe \u00e0 Franconville dans le Val d'Oise vous prends en charge pour vos divers douleurs mais aussi en pr\u00e9ventif.","robots":{"index":"index","follow":"follow","max-snippet":"max-snippet:-1","max-image-preview":"max-image-preview:large","max-video-preview":"max-video-preview:-1"},"canonical":"https:\/\/osteopathe-barral-franconville.com\/","og_locale":"fr_FR","og_type":"article","og_title":"Pierre Barral, ost\u00e9opathe \u00e0 Franconville dans le Val d'Oise. -","og_description":"Votre ost\u00e9opathe \u00e0 Franconville dans le Val d'Oise vous prends en charge pour vos divers douleurs mais aussi en pr\u00e9ventif.","og_url":"https:\/\/osteopathe-barral-franconville.com\/","article_modified_time":"2022-09-30T22:48:00+00:00","og_image":[{"url":"https:\/\/osteopathe-barral-franconville.com\/wp-content\/uploads\/2022\/10\/IMG20220930172231-1024x768.jpg","type":"","width":"","height":""}],"twitter_card":"summary_large_image","twitter_misc":{"Dur\u00e9e de lecture estim\u00e9e":"3 minutes"},"schema":{"@context":"https:\/\/schema.org","@graph":[{"@type":"WebPage","@id":"https:\/\/osteopathe-barral-franconville.com\/","url":"https:\/\/osteopathe-barral-franconville.com\/","name":"Pierre Barral, ost\u00e9opathe \u00e0 Franconville dans le Val d'Oise. -","isPartOf":{"@id":"https:\/\/osteopathe-barral-franconville.com\/#website"},"primaryImageOfPage":{"@id":"https:\/\/osteopathe-barral-franconville.com\/#primaryimage"},"image":{"@id":"https:\/\/osteopathe-barral-franconville.com\/#primaryimage"},"thumbnailUrl":"https:\/\/osteopathe-barral-franconville.com\/wp-content\/uploads\/2022\/10\/IMG20220930172231-1024x768.jpg","datePublished":"2022-07-19T09:24:03+00:00","dateModified":"2022-09-30T22:48:00+00:00","description":"Votre ost\u00e9opathe \u00e0 Franconville dans le Val d'Oise vous prends en charge pour vos divers douleurs mais aussi en pr\u00e9ventif.","breadcrumb":{"@id":"https:\/\/osteopathe-barral-franconville.com\/#breadcrumb"},"inLanguage":"fr-FR","potentialAction":[{"@type":"ReadAction","target":["https:\/\/osteopathe-barral-franconville.com\/"]}]},{"@type":"ImageObject","inLanguage":"fr-FR","@id":"https:\/\/osteopathe-barral-franconville.com\/#primaryimage","url":"https:\/\/osteopathe-barral-franconville.com\/wp-content\/uploads\/2022\/10\/IMG20220930172231-1024x768.jpg","contentUrl":"https:\/\/osteopathe-barral-franconville.com\/wp-content\/uploads\/2022\/10\/IMG20220930172231-1024x768.jpg"},{"@type":"BreadcrumbList","@id":"https:\/\/osteopathe-barral-franconville.com\/#breadcrumb","itemListElement":[{"@type":"ListItem","position":1,"name":"Accueil","item":"https:\/\/osteopathe-barral-franconville.com\/"},{"@type":"ListItem","position":2,"name":"Pierre Barral, ost\u00e9opathe \u00e0 Franconville dans le Val d&rsquo;Oise."}]},{"@type":"WebSite","@id":"https:\/\/osteopathe-barral-franconville.com\/#website","url":"https:\/\/osteopathe-barral-franconville.com\/","name":"","description":"","potentialAction":[{"@type":"SearchAction","target":{"@type":"EntryPoint","urlTemplate":"https:\/\/osteopathe-barral-franconville.com\/?s={search_term_string}"},"query-input":{"@type":"PropertyValueSpecification","valueRequired":true,"valueName":"search_term_string"}}],"inLanguage":"fr-FR"}]}},"_links":{"self":[{"href":"https:\/\/osteopathe-barral-franconville.com\/index.php\/wp-json\/wp\/v2\/pages\/34","targetHints":{"allow":["GET"]}}],"collection":[{"href":"https:\/\/osteopathe-barral-franconville.com\/index.php\/wp-json\/wp\/v2\/pages"}],"about":[{"href":"https:\/\/osteopathe-barral-franconville.com\/index.php\/wp-json\/wp\/v2\/types\/page"}],"author":[{"embeddable":true,"href":"https:\/\/osteopathe-barral-franconville.com\/index.php\/wp-json\/wp\/v2\/users\/1"}],"replies":[{"embeddable":true,"href":"https:\/\/osteopathe-barral-franconville.com\/index.php\/wp-json\/wp\/v2\/comments?post=34"}],"version-history":[{"count":11,"href":"https:\/\/osteopathe-barral-franconville.com\/index.php\/wp-json\/wp\/v2\/pages\/34\/revisions"}],"predecessor-version":[{"id":386,"href":"https:\/\/osteopathe-barral-franconville.com\/index.php\/wp-json\/wp\/v2\/pages\/34\/revisions\/386"}],"wp:attachment":[{"href":"https:\/\/osteopathe-barral-franconville.com\/index.php\/wp-json\/wp\/v2\/media?parent=34"}],"curies":[{"name":"wp","href":"https:\/\/api.w.org\/{rel}","templated":true}]}}