{"id":36,"date":"2022-07-19T11:24:03","date_gmt":"2022-07-19T09:24:03","guid":{"rendered":"http:\/\/osteopathe-barral-franconville.com\/?page_id=36"},"modified":"2024-06-06T12:44:40","modified_gmt":"2024-06-06T10:44:40","slug":"pierre-barral-osteopathe-franconville-val-doise","status":"publish","type":"page","link":"https:\/\/osteopathe-barral-franconville.com\/index.php\/pierre-barral-osteopathe-franconville-val-doise\/","title":{"rendered":"Pierre Barral, votre ost\u00e9opathe \u00e0 Franconville dans le Val d&rsquo;Oise"},"content":{"rendered":"\n<p>Pierre Barral ost\u00e9opathe D.O \u00e0 Franconville dans le Val d&rsquo;Oise, Pierre Barral vous re\u00e7oit au sein de son cabinet.<\/p>\n\n\n\n<h2 class=\"wp-block-heading\" style=\"font-size:30px\"><strong>Ma formation d&rsquo;ost\u00e9opathe<\/strong><\/h2>\n\n\n\n<div class=\"wp-block-media-text has-media-on-the-right is-stacked-on-mobile\" style=\"grid-template-columns:auto 30%\"><div class=\"wp-block-media-text__content\">\n<p>Dipl\u00f4m\u00e9 en 2014 d\u2019une formation en 5 ans, je poursuis ma formation encore aujourd\u2019hui afin de me perfectionner et d\u2019am\u00e9liorer toujours plus ma prise en charge. Je peux recevoir tout type de patient du nourrisson aux s\u00e9niors en passant par le sportif ou la femme enceinte. J\u2019ai \u00e9galement travaill\u00e9 avec d\u2019autres professionnels de sant\u00e9, notamment le service de chirurgie orthop\u00e9dique de l\u2019h\u00f4pital Ambroise Par\u00e9 \u00e0 Boulogne Billancourt dans le cadre\u00a0<a href=\"https:\/\/pubmed.ncbi.nlm.nih.gov\/32598457\/\" target=\"_blank\" rel=\"noreferrer noopener\">d\u2019une \u00e9tude sur l\u2019int\u00e9r\u00eat de la prise en charge ost\u00e9opathique en pr\u00e9op\u00e9ratoire<\/a>.<\/p>\n<\/div><figure class=\"wp-block-media-text__media\"><img loading=\"lazy\" decoding=\"async\" width=\"768\" height=\"1024\" src=\"https:\/\/osteopathe-barral-franconville.com\/wp-content\/uploads\/2024\/06\/IMG20240312145325-768x1024.jpg\" alt=\"ost\u00e9opathe-barral-franconville\" class=\"wp-image-418 size-full\" srcset=\"https:\/\/osteopathe-barral-franconville.com\/wp-content\/uploads\/2024\/06\/IMG20240312145325-768x1024.jpg 768w, https:\/\/osteopathe-barral-franconville.com\/wp-content\/uploads\/2024\/06\/IMG20240312145325-225x300.jpg 225w, https:\/\/osteopathe-barral-franconville.com\/wp-content\/uploads\/2024\/06\/IMG20240312145325-1152x1536.jpg 1152w, https:\/\/osteopathe-barral-franconville.com\/wp-content\/uploads\/2024\/06\/IMG20240312145325-1536x2048.jpg 1536w, https:\/\/osteopathe-barral-franconville.com\/wp-content\/uploads\/2024\/06\/IMG20240312145325-scaled.jpg 1920w\" sizes=\"auto, (max-width: 768px) 100vw, 768px\" \/><\/figure><\/div>\n\n\n\n<h2 class=\"wp-block-heading\" style=\"font-size:30px\">La pratique de Pierre Barral, ost\u00e9opathe \u00e0 Franconville<\/h2>\n\n\n\n<p><a href=\"https:\/\/osteopathe-barral-franconville.com\/index.php\/lapproche-osteopathique\/\" target=\"_blank\" rel=\"noreferrer noopener\">L\u2019ost\u00e9opathie consiste \u00e0 redonner de la mobilit\u00e9 aux diff\u00e9rents tissus du corps<\/a> afin de permettre le fonctionnement optimal de ce dernier.<\/p>\n\n\n\n<p>\u00c0 cette fin je me suis sp\u00e9cialis\u00e9 dans l&rsquo;utilisation de techniques douces. Elles me permettent de prendre en charge tout type de patient pour tout type de probl\u00e8me.<\/p>\n\n\n\n<p>Ces techniques prennent la forme de mobilisation des diff\u00e9rentes articulations (TOG ou traitement Ost\u00e9opathique G\u00e9n\u00e9rale), de pressions sur les diff\u00e9rentes structures du corps (fascias) ou d&rsquo;\u00e9coutes tissulaires (ost\u00e9opathie dans le champ cr\u00e2nien).<\/p>\n\n\n\n<h2 class=\"wp-block-heading\" style=\"font-size:30px\"><strong>Mon activit\u00e9 d&rsquo;ost\u00e9opathe \u00e0 Franconville, Val d&rsquo;Oise<\/strong><\/h2>\n\n\n\n<p>En plus, de mon travail en cabinet, je participe \u00e0 diff\u00e9rents \u00e9v\u00e9nements sportifs ou associatifs. C&rsquo;est une pratique qui a commenc\u00e9 sous la forme de stage durant mes \u00e9tudes. Mais j&rsquo;ai souhait\u00e9 poursuivre ces interventions une fois professionnel.<\/p>\n\n\n\n<p>Vous avez pu me rencontrer lors des foul\u00e9es de Cyrano \u00e0 Sannois. Lors des \u00e9ditions de 2016 \u00e0 2019. Ou lors du T\u00e9l\u00e9thon des m\u00eames ann\u00e9es \u00e0 Sannois \u00e9galement. Enfin, j&rsquo;ai trait\u00e9 les participants pendant une partie du tournoi de badminton de l&rsquo;Herblaysienne en janvier 2017.<\/p>\n\n\n\n<p>Je pratique \u00e9galement r\u00e9guli\u00e8rement au sein d&rsquo;associations. Par exemple, l&rsquo;EHEO, o\u00f9 des enfants handicap\u00e9s b\u00e9n\u00e9ficient de soin ost\u00e9opathique une fois par mois. Mais aussi au COMEDE de fa\u00e7on hebdomadaire o\u00f9 sont pris en charge des demandeurs d&rsquo;asiles.<\/p>\n\n\n\n<p>J&rsquo;ai \u00e9galement int\u00e9gr\u00e9 <a href=\"https:\/\/www.endo-idf.fr\/\">la fili\u00e8re endom\u00e9triose du r\u00e9seau RESENDO<\/a>, qui regroupe des praticiens de diff\u00e9rentes disciplines afin de permettre une meilleure prise en charge et un diagnostique plus rapide des patientes atteintes d&rsquo;endom\u00e9triose.<\/p>\n\n\n\n<h2 class=\"wp-block-heading\" style=\"font-size:30px\"><strong>Membre du r\u00e9seau Reflex Ost\u00e9o<\/strong><\/h2>\n\n\n\n<p>Je suis \u00e9galement membre du groupement des ost\u00e9opathes de REFLEX OSTEO. Il permet une prise en charge des urgences \u00e0 Paris et la r\u00e9gion d&rsquo;Ile de France 7j7. Les consultations en urgence peuvent s\u2019effectuer avec un ost\u00e9opathe \u00e0 domicile ou dans son cabinet.<\/p>\n","protected":false},"excerpt":{"rendered":"<p>Pierre Barral ost\u00e9opathe D.O \u00e0 Franconville dans le Val d&rsquo;Oise, Pierre Barral vous re\u00e7oit au sein de son cabinet. Ma formation d&rsquo;ost\u00e9opathe Dipl\u00f4m\u00e9 en 2014 d\u2019une formation en 5 ans, je poursuis ma formation encore aujourd\u2019hui afin de me perfectionner et d\u2019am\u00e9liorer toujours plus ma prise en charge. Je peux [&hellip;]<\/p>\n","protected":false},"author":1,"featured_media":0,"parent":0,"menu_order":0,"comment_status":"closed","ping_status":"closed","template":"","meta":{"footnotes":""},"class_list":["post-36","page","type-page","status-publish","hentry"],"yoast_head":"<!-- This site is optimized with the Yoast SEO plugin v27.4 - https:\/\/yoast.com\/product\/yoast-seo-wordpress\/ -->\n<title>Pierre Barral, votre ost\u00e9opathe \u00e0 Franconville dans le Val d&#039;Oise -<\/title>\n<meta name=\"description\" content=\"Pierre Barral est ost\u00e9opathe \u00e0 Franconville dans le Val d&#039;Oise. Il vous propose une prise en charge adapt\u00e9 \u00e0 tout les patients.\" \/>\n<meta name=\"robots\" content=\"index, follow, max-snippet:-1, max-image-preview:large, max-video-preview:-1\" \/>\n<link rel=\"canonical\" href=\"https:\/\/osteopathe-barral-franconville.com\/index.php\/pierre-barral-osteopathe-franconville-val-doise\/\" \/>\n<meta property=\"og:locale\" content=\"fr_FR\" \/>\n<meta property=\"og:type\" content=\"article\" \/>\n<meta property=\"og:title\" content=\"Pierre Barral, votre ost\u00e9opathe \u00e0 Franconville dans le Val d&#039;Oise -\" \/>\n<meta property=\"og:description\" content=\"Pierre Barral est ost\u00e9opathe \u00e0 Franconville dans le Val d&#039;Oise. Il vous propose une prise en charge adapt\u00e9 \u00e0 tout les patients.\" \/>\n<meta property=\"og:url\" content=\"https:\/\/osteopathe-barral-franconville.com\/index.php\/pierre-barral-osteopathe-franconville-val-doise\/\" \/>\n<meta property=\"article:modified_time\" content=\"2024-06-06T10:44:40+00:00\" \/>\n<meta property=\"og:image\" content=\"https:\/\/osteopathe-barral-franconville.com\/wp-content\/uploads\/2024\/06\/IMG20240312145325-768x1024.jpg\" \/>\n<meta name=\"twitter:card\" content=\"summary_large_image\" \/>\n<meta name=\"twitter:label1\" content=\"Dur\u00e9e de lecture estim\u00e9e\" \/>\n\t<meta name=\"twitter:data1\" content=\"3 minutes\" \/>\n<script type=\"application\/ld+json\" class=\"yoast-schema-graph\">{\"@context\":\"https:\\\/\\\/schema.org\",\"@graph\":[{\"@type\":\"WebPage\",\"@id\":\"https:\\\/\\\/osteopathe-barral-franconville.com\\\/index.php\\\/pierre-barral-osteopathe-franconville-val-doise\\\/\",\"url\":\"https:\\\/\\\/osteopathe-barral-franconville.com\\\/index.php\\\/pierre-barral-osteopathe-franconville-val-doise\\\/\",\"name\":\"Pierre Barral, votre ost\u00e9opathe \u00e0 Franconville dans le Val d'Oise -\",\"isPartOf\":{\"@id\":\"https:\\\/\\\/osteopathe-barral-franconville.com\\\/#website\"},\"primaryImageOfPage\":{\"@id\":\"https:\\\/\\\/osteopathe-barral-franconville.com\\\/index.php\\\/pierre-barral-osteopathe-franconville-val-doise\\\/#primaryimage\"},\"image\":{\"@id\":\"https:\\\/\\\/osteopathe-barral-franconville.com\\\/index.php\\\/pierre-barral-osteopathe-franconville-val-doise\\\/#primaryimage\"},\"thumbnailUrl\":\"https:\\\/\\\/osteopathe-barral-franconville.com\\\/wp-content\\\/uploads\\\/2024\\\/06\\\/IMG20240312145325-768x1024.jpg\",\"datePublished\":\"2022-07-19T09:24:03+00:00\",\"dateModified\":\"2024-06-06T10:44:40+00:00\",\"description\":\"Pierre Barral est ost\u00e9opathe \u00e0 Franconville dans le Val d'Oise. Il vous propose une prise en charge adapt\u00e9 \u00e0 tout les patients.\",\"breadcrumb\":{\"@id\":\"https:\\\/\\\/osteopathe-barral-franconville.com\\\/index.php\\\/pierre-barral-osteopathe-franconville-val-doise\\\/#breadcrumb\"},\"inLanguage\":\"fr-FR\",\"potentialAction\":[{\"@type\":\"ReadAction\",\"target\":[\"https:\\\/\\\/osteopathe-barral-franconville.com\\\/index.php\\\/pierre-barral-osteopathe-franconville-val-doise\\\/\"]}]},{\"@type\":\"ImageObject\",\"inLanguage\":\"fr-FR\",\"@id\":\"https:\\\/\\\/osteopathe-barral-franconville.com\\\/index.php\\\/pierre-barral-osteopathe-franconville-val-doise\\\/#primaryimage\",\"url\":\"https:\\\/\\\/osteopathe-barral-franconville.com\\\/wp-content\\\/uploads\\\/2024\\\/06\\\/IMG20240312145325-scaled.jpg\",\"contentUrl\":\"https:\\\/\\\/osteopathe-barral-franconville.com\\\/wp-content\\\/uploads\\\/2024\\\/06\\\/IMG20240312145325-scaled.jpg\",\"width\":1920,\"height\":2560,\"caption\":\"osteopathe barral franconville\"},{\"@type\":\"BreadcrumbList\",\"@id\":\"https:\\\/\\\/osteopathe-barral-franconville.com\\\/index.php\\\/pierre-barral-osteopathe-franconville-val-doise\\\/#breadcrumb\",\"itemListElement\":[{\"@type\":\"ListItem\",\"position\":1,\"name\":\"Accueil\",\"item\":\"https:\\\/\\\/osteopathe-barral-franconville.com\\\/\"},{\"@type\":\"ListItem\",\"position\":2,\"name\":\"Pierre Barral, votre ost\u00e9opathe \u00e0 Franconville dans le Val d&rsquo;Oise\"}]},{\"@type\":\"WebSite\",\"@id\":\"https:\\\/\\\/osteopathe-barral-franconville.com\\\/#website\",\"url\":\"https:\\\/\\\/osteopathe-barral-franconville.com\\\/\",\"name\":\"\",\"description\":\"\",\"potentialAction\":[{\"@type\":\"SearchAction\",\"target\":{\"@type\":\"EntryPoint\",\"urlTemplate\":\"https:\\\/\\\/osteopathe-barral-franconville.com\\\/?s={search_term_string}\"},\"query-input\":{\"@type\":\"PropertyValueSpecification\",\"valueRequired\":true,\"valueName\":\"search_term_string\"}}],\"inLanguage\":\"fr-FR\"}]}<\/script>\n<!-- \/ Yoast SEO plugin. -->","yoast_head_json":{"title":"Pierre Barral, votre ost\u00e9opathe \u00e0 Franconville dans le Val d'Oise -","description":"Pierre Barral est ost\u00e9opathe \u00e0 Franconville dans le Val d'Oise. Il vous propose une prise en charge adapt\u00e9 \u00e0 tout les patients.","robots":{"index":"index","follow":"follow","max-snippet":"max-snippet:-1","max-image-preview":"max-image-preview:large","max-video-preview":"max-video-preview:-1"},"canonical":"https:\/\/osteopathe-barral-franconville.com\/index.php\/pierre-barral-osteopathe-franconville-val-doise\/","og_locale":"fr_FR","og_type":"article","og_title":"Pierre Barral, votre ost\u00e9opathe \u00e0 Franconville dans le Val d'Oise -","og_description":"Pierre Barral est ost\u00e9opathe \u00e0 Franconville dans le Val d'Oise. Il vous propose une prise en charge adapt\u00e9 \u00e0 tout les patients.","og_url":"https:\/\/osteopathe-barral-franconville.com\/index.php\/pierre-barral-osteopathe-franconville-val-doise\/","article_modified_time":"2024-06-06T10:44:40+00:00","og_image":[{"url":"https:\/\/osteopathe-barral-franconville.com\/wp-content\/uploads\/2024\/06\/IMG20240312145325-768x1024.jpg","type":"","width":"","height":""}],"twitter_card":"summary_large_image","twitter_misc":{"Dur\u00e9e de lecture estim\u00e9e":"3 minutes"},"schema":{"@context":"https:\/\/schema.org","@graph":[{"@type":"WebPage","@id":"https:\/\/osteopathe-barral-franconville.com\/index.php\/pierre-barral-osteopathe-franconville-val-doise\/","url":"https:\/\/osteopathe-barral-franconville.com\/index.php\/pierre-barral-osteopathe-franconville-val-doise\/","name":"Pierre Barral, votre ost\u00e9opathe \u00e0 Franconville dans le Val d'Oise -","isPartOf":{"@id":"https:\/\/osteopathe-barral-franconville.com\/#website"},"primaryImageOfPage":{"@id":"https:\/\/osteopathe-barral-franconville.com\/index.php\/pierre-barral-osteopathe-franconville-val-doise\/#primaryimage"},"image":{"@id":"https:\/\/osteopathe-barral-franconville.com\/index.php\/pierre-barral-osteopathe-franconville-val-doise\/#primaryimage"},"thumbnailUrl":"https:\/\/osteopathe-barral-franconville.com\/wp-content\/uploads\/2024\/06\/IMG20240312145325-768x1024.jpg","datePublished":"2022-07-19T09:24:03+00:00","dateModified":"2024-06-06T10:44:40+00:00","description":"Pierre Barral est ost\u00e9opathe \u00e0 Franconville dans le Val d'Oise. Il vous propose une prise en charge adapt\u00e9 \u00e0 tout les patients.","breadcrumb":{"@id":"https:\/\/osteopathe-barral-franconville.com\/index.php\/pierre-barral-osteopathe-franconville-val-doise\/#breadcrumb"},"inLanguage":"fr-FR","potentialAction":[{"@type":"ReadAction","target":["https:\/\/osteopathe-barral-franconville.com\/index.php\/pierre-barral-osteopathe-franconville-val-doise\/"]}]},{"@type":"ImageObject","inLanguage":"fr-FR","@id":"https:\/\/osteopathe-barral-franconville.com\/index.php\/pierre-barral-osteopathe-franconville-val-doise\/#primaryimage","url":"https:\/\/osteopathe-barral-franconville.com\/wp-content\/uploads\/2024\/06\/IMG20240312145325-scaled.jpg","contentUrl":"https:\/\/osteopathe-barral-franconville.com\/wp-content\/uploads\/2024\/06\/IMG20240312145325-scaled.jpg","width":1920,"height":2560,"caption":"osteopathe barral franconville"},{"@type":"BreadcrumbList","@id":"https:\/\/osteopathe-barral-franconville.com\/index.php\/pierre-barral-osteopathe-franconville-val-doise\/#breadcrumb","itemListElement":[{"@type":"ListItem","position":1,"name":"Accueil","item":"https:\/\/osteopathe-barral-franconville.com\/"},{"@type":"ListItem","position":2,"name":"Pierre Barral, votre ost\u00e9opathe \u00e0 Franconville dans le Val d&rsquo;Oise"}]},{"@type":"WebSite","@id":"https:\/\/osteopathe-barral-franconville.com\/#website","url":"https:\/\/osteopathe-barral-franconville.com\/","name":"","description":"","potentialAction":[{"@type":"SearchAction","target":{"@type":"EntryPoint","urlTemplate":"https:\/\/osteopathe-barral-franconville.com\/?s={search_term_string}"},"query-input":{"@type":"PropertyValueSpecification","valueRequired":true,"valueName":"search_term_string"}}],"inLanguage":"fr-FR"}]}},"_links":{"self":[{"href":"https:\/\/osteopathe-barral-franconville.com\/index.php\/wp-json\/wp\/v2\/pages\/36","targetHints":{"allow":["GET"]}}],"collection":[{"href":"https:\/\/osteopathe-barral-franconville.com\/index.php\/wp-json\/wp\/v2\/pages"}],"about":[{"href":"https:\/\/osteopathe-barral-franconville.com\/index.php\/wp-json\/wp\/v2\/types\/page"}],"author":[{"embeddable":true,"href":"https:\/\/osteopathe-barral-franconville.com\/index.php\/wp-json\/wp\/v2\/users\/1"}],"replies":[{"embeddable":true,"href":"https:\/\/osteopathe-barral-franconville.com\/index.php\/wp-json\/wp\/v2\/comments?post=36"}],"version-history":[{"count":13,"href":"https:\/\/osteopathe-barral-franconville.com\/index.php\/wp-json\/wp\/v2\/pages\/36\/revisions"}],"predecessor-version":[{"id":419,"href":"https:\/\/osteopathe-barral-franconville.com\/index.php\/wp-json\/wp\/v2\/pages\/36\/revisions\/419"}],"wp:attachment":[{"href":"https:\/\/osteopathe-barral-franconville.com\/index.php\/wp-json\/wp\/v2\/media?parent=36"}],"curies":[{"name":"wp","href":"https:\/\/api.w.org\/{rel}","templated":true}]}}