{"id":37,"date":"2022-07-19T11:24:03","date_gmt":"2022-07-19T09:24:03","guid":{"rendered":"http:\/\/osteopathe-barral-franconville.com\/?page_id=37"},"modified":"2025-07-05T13:26:24","modified_gmt":"2025-07-05T11:26:24","slug":"deroulement-dune-consultation-osteopathie","status":"publish","type":"page","link":"https:\/\/osteopathe-barral-franconville.com\/index.php\/deroulement-dune-consultation-osteopathie\/","title":{"rendered":"Le d\u00e9roulement d&rsquo;une consultation d&rsquo;ost\u00e9opathie \u00e0 Franconville."},"content":{"rendered":"\n<p><a href=\"https:\/\/osteopathe-barral-franconville.com\/index.php\/votre-osteopathe-franconville-val-doise\/\" target=\"_blank\" rel=\"noreferrer noopener\">Pierre Barral ost\u00e9opathe D.O \u00e0 Franconville dans le Val d&rsquo;Oise<\/a> vous re\u00e7oit en consultation dans son cabinet. La consultation d&rsquo;ost\u00e9opathie dure environ une heure. Elle se divise en plusieurs \u00e9tapes ayant chacune leur importance dans la prise en charge du patient.<\/p>\n\n\n\n<h2 class=\"wp-block-heading\" style=\"font-size:30px\"><strong>L&rsquo;interrogatoire ou anamn\u00e8se lors d&rsquo;une consultation d&rsquo;ost\u00e9opathie.<\/strong><\/h2>\n\n\n\n<p>La consultation d\u00e9marre sur un interrogatoire du patient afin de bien cerner les raisons de sa venue. Depuis combien de temps le ou les probl\u00e8mes sont-ils pr\u00e9sents ? Augmentes-t-ils ou diminues-t-ils dans certaines conditions ? Comment ont-ils \u00e9volu\u00e9 depuis son apparition ?<\/p>\n\n\n\n<p>A la suite de ce premier interrogatoire vore ost\u00e9opathe \u00e0 Franconville peut poser d&rsquo;autres questions sur d&rsquo;autres parties du corps. L&rsquo;ensemble du corps \u00e9tant li\u00e9, la douleur du patient peut \u00eatre en lien avec d&rsquo;autre probl\u00e8mes du patient r\u00e9cent ou ancien. Pour cette m\u00eame raison, l&rsquo;ost\u00e9opathe doit savoir tous les ant\u00e9c\u00e9dents de chirurgie, maladie, traumatisme, etc.<\/p>\n\n\n\n<p>Afin de faciliter le travail il est important d&rsquo;amener tout examen m\u00e9dical r\u00e9alis\u00e9 auparavant (radio, scanner, IRM, r\u00e9sultat de prise de sang, etc.)<\/p>\n\n\n\n<h2 class=\"wp-block-heading\" style=\"font-size:30px\"><strong>Les tests du corps et examen clinique.<\/strong><\/h2>\n\n\n\n<p>A la suite de l&rsquo;anamn\u00e8se il se peut que votre ost\u00e9opathe r\u00e9alise certains tests cliniques afin d&rsquo;exclure une pathologie ne relevant pas de sa comp\u00e9tence. Une fois ces pathologies excluent l&rsquo;ost\u00e9opathe peut commencer son examen.<\/p>\n\n\n\n<p>Le concept ost\u00e9opathique consid\u00e8re l&rsquo;importance de la mobilit\u00e9 des diff\u00e9rentes parties du corps les uns par rapport aux autres. L&rsquo;examen du corps va donc se traduire par des mobilisations articulaires et des \u00e9coutes tissulaires. Celles-ci vont permettre \u00e0 l&rsquo;ost\u00e9opathe de trouver les restrictions de mobilit\u00e9s et de mieux comprendre le fonctionnement du patient afin d&rsquo;\u00e9tablir son diagnostique.<\/p>\n\n\n\n<h2 class=\"wp-block-heading\" style=\"font-size:30px\"><strong>Le traitement ost\u00e9opathique.<\/strong><\/h2>\n\n\n\n<p>Le traitement ost\u00e9opathique va permettre de redonner de la mobilit\u00e9 aux diff\u00e9rentes structures du corps. Cette mobilit\u00e9 permettra un retour du bon fonctionnement de l&rsquo;organisme ainsi que la disparition des sympt\u00f4mes. Pour cela je privil\u00e9gie des techniques douces \u00e0 base de mobilisation et d&rsquo;\u00e9coute tissulaire. On parle de technique fasciale et cr\u00e2nienne.<\/p>\n\n\n\n<p>Votre ost\u00e9opathe vous expliquera au cours du traitement ou \u00e0 la fin de celui-ci le travail effectu\u00e9.<\/p>\n\n\n\n<h2 class=\"wp-block-heading\" style=\"font-size:30px\"><strong>Apr\u00e8s la consultation d&rsquo;ost\u00e9opathie.<\/strong><\/h2>\n\n\n\n<p>A la suite de la consultation l&rsquo;ost\u00e9opathe vous pr\u00e9cisera si un nouveau rendez-vous est n\u00e9cessaire afin de poursuivre le travail. Si ce n&rsquo;est pas le cas un rendez est tout de m\u00eame recommand\u00e9 au bout de 6 mois \u00e0 1 an \u00e0 titre pr\u00e9ventif.<\/p>\n\n\n\n<p>Au cours des jours suivant la consultation des g\u00eanes peuvent appara\u00eetre de mani\u00e8re temporaire il ne faut pas s&rsquo;en inqui\u00e9ter il s&rsquo;agit d&rsquo;une r\u00e9action normale. Cela n\u2019appara\u00eet pas obligatoirement. Dans le cas o\u00f9 ces g\u00eanes seraient pr\u00e9sentes apr\u00e8s 3 jours n&rsquo;h\u00e9sitez pas \u00e0 recontacter votre ost\u00e9opathe<\/p>\n","protected":false},"excerpt":{"rendered":"<p>Pierre Barral ost\u00e9opathe D.O \u00e0 Franconville dans le Val d&rsquo;Oise vous re\u00e7oit en consultation dans son cabinet. La consultation d&rsquo;ost\u00e9opathie dure environ une heure. Elle se divise en plusieurs \u00e9tapes ayant chacune leur importance dans la prise en charge du patient. L&rsquo;interrogatoire ou anamn\u00e8se lors d&rsquo;une consultation d&rsquo;ost\u00e9opathie. La consultation [&hellip;]<\/p>\n","protected":false},"author":1,"featured_media":0,"parent":0,"menu_order":0,"comment_status":"closed","ping_status":"closed","template":"","meta":{"footnotes":""},"class_list":["post-37","page","type-page","status-publish","hentry"],"yoast_head":"<!-- This site is optimized with the Yoast SEO plugin v27.4 - https:\/\/yoast.com\/product\/yoast-seo-wordpress\/ -->\n<title>Le d\u00e9roulement d&#039;une consultation d&#039;ost\u00e9opathie \u00e0 Franconville. -<\/title>\n<meta name=\"description\" content=\"Une consultation d&#039;ost\u00e9opathie se d\u00e9roule en plusieurs \u00e9tapes. Voyons ensemble comment s&#039;organise la consultation.\" \/>\n<meta name=\"robots\" content=\"index, follow, max-snippet:-1, max-image-preview:large, max-video-preview:-1\" \/>\n<link rel=\"canonical\" href=\"https:\/\/osteopathe-barral-franconville.com\/index.php\/deroulement-dune-consultation-osteopathie\/\" \/>\n<meta property=\"og:locale\" content=\"fr_FR\" \/>\n<meta property=\"og:type\" content=\"article\" \/>\n<meta property=\"og:title\" content=\"Le d\u00e9roulement d&#039;une consultation d&#039;ost\u00e9opathie \u00e0 Franconville. -\" \/>\n<meta property=\"og:description\" content=\"Une consultation d&#039;ost\u00e9opathie se d\u00e9roule en plusieurs \u00e9tapes. Voyons ensemble comment s&#039;organise la consultation.\" \/>\n<meta property=\"og:url\" content=\"https:\/\/osteopathe-barral-franconville.com\/index.php\/deroulement-dune-consultation-osteopathie\/\" \/>\n<meta property=\"article:modified_time\" content=\"2025-07-05T11:26:24+00:00\" \/>\n<meta name=\"twitter:card\" content=\"summary_large_image\" \/>\n<meta name=\"twitter:label1\" content=\"Dur\u00e9e de lecture estim\u00e9e\" \/>\n\t<meta name=\"twitter:data1\" content=\"3 minutes\" \/>\n<script type=\"application\/ld+json\" class=\"yoast-schema-graph\">{\"@context\":\"https:\\\/\\\/schema.org\",\"@graph\":[{\"@type\":\"WebPage\",\"@id\":\"https:\\\/\\\/osteopathe-barral-franconville.com\\\/index.php\\\/deroulement-dune-consultation-osteopathie\\\/\",\"url\":\"https:\\\/\\\/osteopathe-barral-franconville.com\\\/index.php\\\/deroulement-dune-consultation-osteopathie\\\/\",\"name\":\"Le d\u00e9roulement d'une consultation d'ost\u00e9opathie \u00e0 Franconville. -\",\"isPartOf\":{\"@id\":\"https:\\\/\\\/osteopathe-barral-franconville.com\\\/#website\"},\"datePublished\":\"2022-07-19T09:24:03+00:00\",\"dateModified\":\"2025-07-05T11:26:24+00:00\",\"description\":\"Une consultation d'ost\u00e9opathie se d\u00e9roule en plusieurs \u00e9tapes. Voyons ensemble comment s'organise la consultation.\",\"breadcrumb\":{\"@id\":\"https:\\\/\\\/osteopathe-barral-franconville.com\\\/index.php\\\/deroulement-dune-consultation-osteopathie\\\/#breadcrumb\"},\"inLanguage\":\"fr-FR\",\"potentialAction\":[{\"@type\":\"ReadAction\",\"target\":[\"https:\\\/\\\/osteopathe-barral-franconville.com\\\/index.php\\\/deroulement-dune-consultation-osteopathie\\\/\"]}]},{\"@type\":\"BreadcrumbList\",\"@id\":\"https:\\\/\\\/osteopathe-barral-franconville.com\\\/index.php\\\/deroulement-dune-consultation-osteopathie\\\/#breadcrumb\",\"itemListElement\":[{\"@type\":\"ListItem\",\"position\":1,\"name\":\"Accueil\",\"item\":\"https:\\\/\\\/osteopathe-barral-franconville.com\\\/\"},{\"@type\":\"ListItem\",\"position\":2,\"name\":\"Le d\u00e9roulement d&rsquo;une consultation d&rsquo;ost\u00e9opathie \u00e0 Franconville.\"}]},{\"@type\":\"WebSite\",\"@id\":\"https:\\\/\\\/osteopathe-barral-franconville.com\\\/#website\",\"url\":\"https:\\\/\\\/osteopathe-barral-franconville.com\\\/\",\"name\":\"\",\"description\":\"\",\"potentialAction\":[{\"@type\":\"SearchAction\",\"target\":{\"@type\":\"EntryPoint\",\"urlTemplate\":\"https:\\\/\\\/osteopathe-barral-franconville.com\\\/?s={search_term_string}\"},\"query-input\":{\"@type\":\"PropertyValueSpecification\",\"valueRequired\":true,\"valueName\":\"search_term_string\"}}],\"inLanguage\":\"fr-FR\"}]}<\/script>\n<!-- \/ Yoast SEO plugin. -->","yoast_head_json":{"title":"Le d\u00e9roulement d'une consultation d'ost\u00e9opathie \u00e0 Franconville. -","description":"Une consultation d'ost\u00e9opathie se d\u00e9roule en plusieurs \u00e9tapes. Voyons ensemble comment s'organise la consultation.","robots":{"index":"index","follow":"follow","max-snippet":"max-snippet:-1","max-image-preview":"max-image-preview:large","max-video-preview":"max-video-preview:-1"},"canonical":"https:\/\/osteopathe-barral-franconville.com\/index.php\/deroulement-dune-consultation-osteopathie\/","og_locale":"fr_FR","og_type":"article","og_title":"Le d\u00e9roulement d'une consultation d'ost\u00e9opathie \u00e0 Franconville. -","og_description":"Une consultation d'ost\u00e9opathie se d\u00e9roule en plusieurs \u00e9tapes. Voyons ensemble comment s'organise la consultation.","og_url":"https:\/\/osteopathe-barral-franconville.com\/index.php\/deroulement-dune-consultation-osteopathie\/","article_modified_time":"2025-07-05T11:26:24+00:00","twitter_card":"summary_large_image","twitter_misc":{"Dur\u00e9e de lecture estim\u00e9e":"3 minutes"},"schema":{"@context":"https:\/\/schema.org","@graph":[{"@type":"WebPage","@id":"https:\/\/osteopathe-barral-franconville.com\/index.php\/deroulement-dune-consultation-osteopathie\/","url":"https:\/\/osteopathe-barral-franconville.com\/index.php\/deroulement-dune-consultation-osteopathie\/","name":"Le d\u00e9roulement d'une consultation d'ost\u00e9opathie \u00e0 Franconville. -","isPartOf":{"@id":"https:\/\/osteopathe-barral-franconville.com\/#website"},"datePublished":"2022-07-19T09:24:03+00:00","dateModified":"2025-07-05T11:26:24+00:00","description":"Une consultation d'ost\u00e9opathie se d\u00e9roule en plusieurs \u00e9tapes. Voyons ensemble comment s'organise la consultation.","breadcrumb":{"@id":"https:\/\/osteopathe-barral-franconville.com\/index.php\/deroulement-dune-consultation-osteopathie\/#breadcrumb"},"inLanguage":"fr-FR","potentialAction":[{"@type":"ReadAction","target":["https:\/\/osteopathe-barral-franconville.com\/index.php\/deroulement-dune-consultation-osteopathie\/"]}]},{"@type":"BreadcrumbList","@id":"https:\/\/osteopathe-barral-franconville.com\/index.php\/deroulement-dune-consultation-osteopathie\/#breadcrumb","itemListElement":[{"@type":"ListItem","position":1,"name":"Accueil","item":"https:\/\/osteopathe-barral-franconville.com\/"},{"@type":"ListItem","position":2,"name":"Le d\u00e9roulement d&rsquo;une consultation d&rsquo;ost\u00e9opathie \u00e0 Franconville."}]},{"@type":"WebSite","@id":"https:\/\/osteopathe-barral-franconville.com\/#website","url":"https:\/\/osteopathe-barral-franconville.com\/","name":"","description":"","potentialAction":[{"@type":"SearchAction","target":{"@type":"EntryPoint","urlTemplate":"https:\/\/osteopathe-barral-franconville.com\/?s={search_term_string}"},"query-input":{"@type":"PropertyValueSpecification","valueRequired":true,"valueName":"search_term_string"}}],"inLanguage":"fr-FR"}]}},"_links":{"self":[{"href":"https:\/\/osteopathe-barral-franconville.com\/index.php\/wp-json\/wp\/v2\/pages\/37","targetHints":{"allow":["GET"]}}],"collection":[{"href":"https:\/\/osteopathe-barral-franconville.com\/index.php\/wp-json\/wp\/v2\/pages"}],"about":[{"href":"https:\/\/osteopathe-barral-franconville.com\/index.php\/wp-json\/wp\/v2\/types\/page"}],"author":[{"embeddable":true,"href":"https:\/\/osteopathe-barral-franconville.com\/index.php\/wp-json\/wp\/v2\/users\/1"}],"replies":[{"embeddable":true,"href":"https:\/\/osteopathe-barral-franconville.com\/index.php\/wp-json\/wp\/v2\/comments?post=37"}],"version-history":[{"count":5,"href":"https:\/\/osteopathe-barral-franconville.com\/index.php\/wp-json\/wp\/v2\/pages\/37\/revisions"}],"predecessor-version":[{"id":423,"href":"https:\/\/osteopathe-barral-franconville.com\/index.php\/wp-json\/wp\/v2\/pages\/37\/revisions\/423"}],"wp:attachment":[{"href":"https:\/\/osteopathe-barral-franconville.com\/index.php\/wp-json\/wp\/v2\/media?parent=37"}],"curies":[{"name":"wp","href":"https:\/\/api.w.org\/{rel}","templated":true}]}}