{"id":38,"date":"2022-07-19T11:24:03","date_gmt":"2022-07-19T09:24:03","guid":{"rendered":"http:\/\/osteopathe-barral-franconville.com\/?page_id=38"},"modified":"2022-08-17T19:08:45","modified_gmt":"2022-08-17T17:08:45","slug":"honoraires","status":"publish","type":"page","link":"https:\/\/osteopathe-barral-franconville.com\/index.php\/honoraires\/","title":{"rendered":"Honoraires et remboursements"},"content":{"rendered":"\n<h2 class=\"wp-block-heading\" style=\"font-size:30px\"><strong>Honoraires du cabinet d&rsquo;ost\u00e9opathie:<\/strong><\/h2>\n\n\n\n<ul class=\"wp-block-list\"><li>Prix de la consultation: 65\u20ac (la consultation dure 1 heure)<\/li><\/ul>\n\n\n\n<ul class=\"wp-block-list\"><li>Enfant de moins de 15 ans : 50\u20ac (la consultation dure entre 45 min et 1 heure)<\/li><\/ul>\n\n\n\n<ul class=\"wp-block-list\"><li>D\u00e9placement \u00e0 domicile : prix de la consultation + 15\u20ac (compter un peu plus d&rsquo;une heure).<\/li><\/ul>\n\n\n\n<p>Lors d&rsquo;une consultation \u00e0 domicile, le prix est susceptible d&rsquo;augmenter en cas de grand trajet. Je vous pr\u00e9viendrai lors de la prise de rendez vous le cas \u00e9ch\u00e9ant.<\/p>\n\n\n\n<h2 class=\"wp-block-heading\" style=\"font-size:30px\"><strong>L&rsquo;ost\u00e9opathie est elle rembours\u00e9e?<\/strong><\/h2>\n\n\n\n<p>La s\u00e9curit\u00e9 sociale ne rembourse pas l&rsquo;ost\u00e9opathie.<\/p>\n\n\n\n<p>En revanche, de plus en plus de mutuelles remboursent l&rsquo;ost\u00e9opathie. A la fin de la consultation je vous proposerai une facture.  Selon votre contrat votre mutuelle pourra vous rembourser. Toutes les mutuelles ne remboursent pas l\u2019ost\u00e9opathie, vous trouverez une liste des mutuelles remboursant l\u2019ost\u00e9opathie ici.<\/p>\n\n\n\n<p>Le mieux \u00e9tant de v\u00e9rifier votre contrat en contactant votre mutuelle<\/p>\n","protected":false},"excerpt":{"rendered":"<p>Honoraires du cabinet d&rsquo;ost\u00e9opathie: Prix de la consultation: 65\u20ac (la consultation dure 1 heure) Enfant de moins de 15 ans : 50\u20ac (la consultation dure entre 45 min et 1 heure) D\u00e9placement \u00e0 domicile : prix de la consultation + 15\u20ac (compter un peu plus d&rsquo;une heure). Lors d&rsquo;une consultation [&hellip;]<\/p>\n","protected":false},"author":1,"featured_media":0,"parent":0,"menu_order":0,"comment_status":"closed","ping_status":"closed","template":"","meta":{"footnotes":""},"class_list":["post-38","page","type-page","status-publish","hentry"],"yoast_head":"<!-- This site is optimized with the Yoast SEO plugin v27.4 - https:\/\/yoast.com\/product\/yoast-seo-wordpress\/ -->\n<title>Honoraires et remboursements -<\/title>\n<meta name=\"robots\" content=\"index, follow, max-snippet:-1, max-image-preview:large, max-video-preview:-1\" \/>\n<link rel=\"canonical\" href=\"https:\/\/osteopathe-barral-franconville.com\/index.php\/honoraires\/\" \/>\n<meta property=\"og:locale\" content=\"fr_FR\" \/>\n<meta property=\"og:type\" content=\"article\" \/>\n<meta property=\"og:title\" content=\"Honoraires et remboursements -\" \/>\n<meta property=\"og:description\" content=\"Honoraires du cabinet d&rsquo;ost\u00e9opathie: Prix de la consultation: 65\u20ac (la consultation dure 1 heure) Enfant de moins de 15 ans : 50\u20ac (la consultation dure entre 45 min et 1 heure) D\u00e9placement \u00e0 domicile : prix de la consultation + 15\u20ac (compter un peu plus d&rsquo;une heure). Lors d&rsquo;une consultation [&hellip;]\" \/>\n<meta property=\"og:url\" content=\"https:\/\/osteopathe-barral-franconville.com\/index.php\/honoraires\/\" \/>\n<meta property=\"article:modified_time\" content=\"2022-08-17T17:08:45+00:00\" \/>\n<meta name=\"twitter:card\" content=\"summary_large_image\" \/>\n<meta name=\"twitter:label1\" content=\"Dur\u00e9e de lecture estim\u00e9e\" \/>\n\t<meta name=\"twitter:data1\" content=\"1 minute\" \/>\n<script type=\"application\/ld+json\" class=\"yoast-schema-graph\">{\"@context\":\"https:\\\/\\\/schema.org\",\"@graph\":[{\"@type\":\"WebPage\",\"@id\":\"https:\\\/\\\/osteopathe-barral-franconville.com\\\/index.php\\\/honoraires\\\/\",\"url\":\"https:\\\/\\\/osteopathe-barral-franconville.com\\\/index.php\\\/honoraires\\\/\",\"name\":\"Honoraires et remboursements -\",\"isPartOf\":{\"@id\":\"https:\\\/\\\/osteopathe-barral-franconville.com\\\/#website\"},\"datePublished\":\"2022-07-19T09:24:03+00:00\",\"dateModified\":\"2022-08-17T17:08:45+00:00\",\"breadcrumb\":{\"@id\":\"https:\\\/\\\/osteopathe-barral-franconville.com\\\/index.php\\\/honoraires\\\/#breadcrumb\"},\"inLanguage\":\"fr-FR\",\"potentialAction\":[{\"@type\":\"ReadAction\",\"target\":[\"https:\\\/\\\/osteopathe-barral-franconville.com\\\/index.php\\\/honoraires\\\/\"]}]},{\"@type\":\"BreadcrumbList\",\"@id\":\"https:\\\/\\\/osteopathe-barral-franconville.com\\\/index.php\\\/honoraires\\\/#breadcrumb\",\"itemListElement\":[{\"@type\":\"ListItem\",\"position\":1,\"name\":\"Accueil\",\"item\":\"https:\\\/\\\/osteopathe-barral-franconville.com\\\/\"},{\"@type\":\"ListItem\",\"position\":2,\"name\":\"Honoraires et remboursements\"}]},{\"@type\":\"WebSite\",\"@id\":\"https:\\\/\\\/osteopathe-barral-franconville.com\\\/#website\",\"url\":\"https:\\\/\\\/osteopathe-barral-franconville.com\\\/\",\"name\":\"\",\"description\":\"\",\"potentialAction\":[{\"@type\":\"SearchAction\",\"target\":{\"@type\":\"EntryPoint\",\"urlTemplate\":\"https:\\\/\\\/osteopathe-barral-franconville.com\\\/?s={search_term_string}\"},\"query-input\":{\"@type\":\"PropertyValueSpecification\",\"valueRequired\":true,\"valueName\":\"search_term_string\"}}],\"inLanguage\":\"fr-FR\"}]}<\/script>\n<!-- \/ Yoast SEO plugin. -->","yoast_head_json":{"title":"Honoraires et remboursements -","robots":{"index":"index","follow":"follow","max-snippet":"max-snippet:-1","max-image-preview":"max-image-preview:large","max-video-preview":"max-video-preview:-1"},"canonical":"https:\/\/osteopathe-barral-franconville.com\/index.php\/honoraires\/","og_locale":"fr_FR","og_type":"article","og_title":"Honoraires et remboursements -","og_description":"Honoraires du cabinet d&rsquo;ost\u00e9opathie: Prix de la consultation: 65\u20ac (la consultation dure 1 heure) Enfant de moins de 15 ans : 50\u20ac (la consultation dure entre 45 min et 1 heure) D\u00e9placement \u00e0 domicile : prix de la consultation + 15\u20ac (compter un peu plus d&rsquo;une heure). Lors d&rsquo;une consultation [&hellip;]","og_url":"https:\/\/osteopathe-barral-franconville.com\/index.php\/honoraires\/","article_modified_time":"2022-08-17T17:08:45+00:00","twitter_card":"summary_large_image","twitter_misc":{"Dur\u00e9e de lecture estim\u00e9e":"1 minute"},"schema":{"@context":"https:\/\/schema.org","@graph":[{"@type":"WebPage","@id":"https:\/\/osteopathe-barral-franconville.com\/index.php\/honoraires\/","url":"https:\/\/osteopathe-barral-franconville.com\/index.php\/honoraires\/","name":"Honoraires et remboursements -","isPartOf":{"@id":"https:\/\/osteopathe-barral-franconville.com\/#website"},"datePublished":"2022-07-19T09:24:03+00:00","dateModified":"2022-08-17T17:08:45+00:00","breadcrumb":{"@id":"https:\/\/osteopathe-barral-franconville.com\/index.php\/honoraires\/#breadcrumb"},"inLanguage":"fr-FR","potentialAction":[{"@type":"ReadAction","target":["https:\/\/osteopathe-barral-franconville.com\/index.php\/honoraires\/"]}]},{"@type":"BreadcrumbList","@id":"https:\/\/osteopathe-barral-franconville.com\/index.php\/honoraires\/#breadcrumb","itemListElement":[{"@type":"ListItem","position":1,"name":"Accueil","item":"https:\/\/osteopathe-barral-franconville.com\/"},{"@type":"ListItem","position":2,"name":"Honoraires et remboursements"}]},{"@type":"WebSite","@id":"https:\/\/osteopathe-barral-franconville.com\/#website","url":"https:\/\/osteopathe-barral-franconville.com\/","name":"","description":"","potentialAction":[{"@type":"SearchAction","target":{"@type":"EntryPoint","urlTemplate":"https:\/\/osteopathe-barral-franconville.com\/?s={search_term_string}"},"query-input":{"@type":"PropertyValueSpecification","valueRequired":true,"valueName":"search_term_string"}}],"inLanguage":"fr-FR"}]}},"_links":{"self":[{"href":"https:\/\/osteopathe-barral-franconville.com\/index.php\/wp-json\/wp\/v2\/pages\/38","targetHints":{"allow":["GET"]}}],"collection":[{"href":"https:\/\/osteopathe-barral-franconville.com\/index.php\/wp-json\/wp\/v2\/pages"}],"about":[{"href":"https:\/\/osteopathe-barral-franconville.com\/index.php\/wp-json\/wp\/v2\/types\/page"}],"author":[{"embeddable":true,"href":"https:\/\/osteopathe-barral-franconville.com\/index.php\/wp-json\/wp\/v2\/users\/1"}],"replies":[{"embeddable":true,"href":"https:\/\/osteopathe-barral-franconville.com\/index.php\/wp-json\/wp\/v2\/comments?post=38"}],"version-history":[{"count":5,"href":"https:\/\/osteopathe-barral-franconville.com\/index.php\/wp-json\/wp\/v2\/pages\/38\/revisions"}],"predecessor-version":[{"id":306,"href":"https:\/\/osteopathe-barral-franconville.com\/index.php\/wp-json\/wp\/v2\/pages\/38\/revisions\/306"}],"wp:attachment":[{"href":"https:\/\/osteopathe-barral-franconville.com\/index.php\/wp-json\/wp\/v2\/media?parent=38"}],"curies":[{"name":"wp","href":"https:\/\/api.w.org\/{rel}","templated":true}]}}