{"id":39,"date":"2022-07-19T11:24:03","date_gmt":"2022-07-19T09:24:03","guid":{"rendered":"http:\/\/osteopathe-barral-franconville.com\/?page_id=39"},"modified":"2022-08-23T17:00:34","modified_gmt":"2022-08-23T15:00:34","slug":"contact-et-plan-dacces","status":"publish","type":"page","link":"https:\/\/osteopathe-barral-franconville.com\/index.php\/contact-et-plan-dacces\/","title":{"rendered":"Contact et plan d&rsquo;acc\u00e8s"},"content":{"rendered":"\n<p>Le cabinet se trouve au <\/p>\n\n\n\n<p>126 rue de la station <\/p>\n\n\n\n<p>95130 Franconville<\/p>\n\n\n\n<p>La rue part de la place de la gare, c\u00f4t\u00e9 Plessis Bouchard.<\/p>\n\n\n\n<p>Les patients venant de Sannois pourront utiliser le bus 261 <\/p>\n\n\n\n<p>La gare poss\u00e8de un parking (payant) et les rues adjacentes n\u00e9cessitent un disque de stationnement<\/p>\n\n\n\n<p>Vous pouvez me joindre au 06.80.37.19.33 ou par mail osteopathebarral@gmail.com<\/p>\n\n\n\n<iframe src=\"https:\/\/www.google.com\/maps\/embed?pb=!1m18!1m12!1m3!1d2617.914747113299!2d2.2363185999999997!3d48.9931798!2m3!1f0!2f0!3f0!3m2!1i1024!2i768!4f13.1!3m3!1m2!1s0x47e6670ec754d801%3A0x880e589f753cbaba!2s126%20Rue%20de%20la%20Station%2C%2095130%20Franconville!5e0!3m2!1sfr!2sfr!4v1658251091020!5m2!1sfr!2sfr\" width=\"600\" height=\"450\" style=\"border:0;\" allowfullscreen=\"\" loading=\"lazy\" referrerpolicy=\"no-referrer-when-downgrade\"><\/iframe>\n","protected":false},"excerpt":{"rendered":"<p>Le cabinet se trouve au 126 rue de la station 95130 Franconville La rue part de la place de la gare, c\u00f4t\u00e9 Plessis Bouchard. Les patients venant de Sannois pourront utiliser le bus 261 La gare poss\u00e8de un parking (payant) et les rues adjacentes n\u00e9cessitent un disque de stationnement Vous [&hellip;]<\/p>\n","protected":false},"author":1,"featured_media":0,"parent":0,"menu_order":0,"comment_status":"closed","ping_status":"closed","template":"","meta":{"footnotes":""},"class_list":["post-39","page","type-page","status-publish","hentry"],"yoast_head":"<!-- This site is optimized with the Yoast SEO plugin v27.4 - https:\/\/yoast.com\/product\/yoast-seo-wordpress\/ -->\n<title>Contact et plan d&#039;acc\u00e8s -<\/title>\n<meta name=\"robots\" content=\"index, follow, max-snippet:-1, max-image-preview:large, max-video-preview:-1\" \/>\n<link rel=\"canonical\" href=\"https:\/\/osteopathe-barral-franconville.com\/index.php\/contact-et-plan-dacces\/\" \/>\n<meta property=\"og:locale\" content=\"fr_FR\" \/>\n<meta property=\"og:type\" content=\"article\" \/>\n<meta property=\"og:title\" content=\"Contact et plan d&#039;acc\u00e8s -\" \/>\n<meta property=\"og:description\" content=\"Le cabinet se trouve au 126 rue de la station 95130 Franconville La rue part de la place de la gare, c\u00f4t\u00e9 Plessis Bouchard. Les patients venant de Sannois pourront utiliser le bus 261 La gare poss\u00e8de un parking (payant) et les rues adjacentes n\u00e9cessitent un disque de stationnement Vous [&hellip;]\" \/>\n<meta property=\"og:url\" content=\"https:\/\/osteopathe-barral-franconville.com\/index.php\/contact-et-plan-dacces\/\" \/>\n<meta property=\"article:modified_time\" content=\"2022-08-23T15:00:34+00:00\" \/>\n<meta name=\"twitter:card\" content=\"summary_large_image\" \/>\n<meta name=\"twitter:label1\" content=\"Dur\u00e9e de lecture estim\u00e9e\" \/>\n\t<meta name=\"twitter:data1\" content=\"1 minute\" \/>\n<script type=\"application\/ld+json\" class=\"yoast-schema-graph\">{\"@context\":\"https:\\\/\\\/schema.org\",\"@graph\":[{\"@type\":\"WebPage\",\"@id\":\"https:\\\/\\\/osteopathe-barral-franconville.com\\\/index.php\\\/contact-et-plan-dacces\\\/\",\"url\":\"https:\\\/\\\/osteopathe-barral-franconville.com\\\/index.php\\\/contact-et-plan-dacces\\\/\",\"name\":\"Contact et plan d'acc\u00e8s -\",\"isPartOf\":{\"@id\":\"https:\\\/\\\/osteopathe-barral-franconville.com\\\/#website\"},\"datePublished\":\"2022-07-19T09:24:03+00:00\",\"dateModified\":\"2022-08-23T15:00:34+00:00\",\"breadcrumb\":{\"@id\":\"https:\\\/\\\/osteopathe-barral-franconville.com\\\/index.php\\\/contact-et-plan-dacces\\\/#breadcrumb\"},\"inLanguage\":\"fr-FR\",\"potentialAction\":[{\"@type\":\"ReadAction\",\"target\":[\"https:\\\/\\\/osteopathe-barral-franconville.com\\\/index.php\\\/contact-et-plan-dacces\\\/\"]}]},{\"@type\":\"BreadcrumbList\",\"@id\":\"https:\\\/\\\/osteopathe-barral-franconville.com\\\/index.php\\\/contact-et-plan-dacces\\\/#breadcrumb\",\"itemListElement\":[{\"@type\":\"ListItem\",\"position\":1,\"name\":\"Accueil\",\"item\":\"https:\\\/\\\/osteopathe-barral-franconville.com\\\/\"},{\"@type\":\"ListItem\",\"position\":2,\"name\":\"Contact et plan d&rsquo;acc\u00e8s\"}]},{\"@type\":\"WebSite\",\"@id\":\"https:\\\/\\\/osteopathe-barral-franconville.com\\\/#website\",\"url\":\"https:\\\/\\\/osteopathe-barral-franconville.com\\\/\",\"name\":\"\",\"description\":\"\",\"potentialAction\":[{\"@type\":\"SearchAction\",\"target\":{\"@type\":\"EntryPoint\",\"urlTemplate\":\"https:\\\/\\\/osteopathe-barral-franconville.com\\\/?s={search_term_string}\"},\"query-input\":{\"@type\":\"PropertyValueSpecification\",\"valueRequired\":true,\"valueName\":\"search_term_string\"}}],\"inLanguage\":\"fr-FR\"}]}<\/script>\n<!-- \/ Yoast SEO plugin. -->","yoast_head_json":{"title":"Contact et plan d'acc\u00e8s -","robots":{"index":"index","follow":"follow","max-snippet":"max-snippet:-1","max-image-preview":"max-image-preview:large","max-video-preview":"max-video-preview:-1"},"canonical":"https:\/\/osteopathe-barral-franconville.com\/index.php\/contact-et-plan-dacces\/","og_locale":"fr_FR","og_type":"article","og_title":"Contact et plan d'acc\u00e8s -","og_description":"Le cabinet se trouve au 126 rue de la station 95130 Franconville La rue part de la place de la gare, c\u00f4t\u00e9 Plessis Bouchard. Les patients venant de Sannois pourront utiliser le bus 261 La gare poss\u00e8de un parking (payant) et les rues adjacentes n\u00e9cessitent un disque de stationnement Vous [&hellip;]","og_url":"https:\/\/osteopathe-barral-franconville.com\/index.php\/contact-et-plan-dacces\/","article_modified_time":"2022-08-23T15:00:34+00:00","twitter_card":"summary_large_image","twitter_misc":{"Dur\u00e9e de lecture estim\u00e9e":"1 minute"},"schema":{"@context":"https:\/\/schema.org","@graph":[{"@type":"WebPage","@id":"https:\/\/osteopathe-barral-franconville.com\/index.php\/contact-et-plan-dacces\/","url":"https:\/\/osteopathe-barral-franconville.com\/index.php\/contact-et-plan-dacces\/","name":"Contact et plan d'acc\u00e8s -","isPartOf":{"@id":"https:\/\/osteopathe-barral-franconville.com\/#website"},"datePublished":"2022-07-19T09:24:03+00:00","dateModified":"2022-08-23T15:00:34+00:00","breadcrumb":{"@id":"https:\/\/osteopathe-barral-franconville.com\/index.php\/contact-et-plan-dacces\/#breadcrumb"},"inLanguage":"fr-FR","potentialAction":[{"@type":"ReadAction","target":["https:\/\/osteopathe-barral-franconville.com\/index.php\/contact-et-plan-dacces\/"]}]},{"@type":"BreadcrumbList","@id":"https:\/\/osteopathe-barral-franconville.com\/index.php\/contact-et-plan-dacces\/#breadcrumb","itemListElement":[{"@type":"ListItem","position":1,"name":"Accueil","item":"https:\/\/osteopathe-barral-franconville.com\/"},{"@type":"ListItem","position":2,"name":"Contact et plan d&rsquo;acc\u00e8s"}]},{"@type":"WebSite","@id":"https:\/\/osteopathe-barral-franconville.com\/#website","url":"https:\/\/osteopathe-barral-franconville.com\/","name":"","description":"","potentialAction":[{"@type":"SearchAction","target":{"@type":"EntryPoint","urlTemplate":"https:\/\/osteopathe-barral-franconville.com\/?s={search_term_string}"},"query-input":{"@type":"PropertyValueSpecification","valueRequired":true,"valueName":"search_term_string"}}],"inLanguage":"fr-FR"}]}},"_links":{"self":[{"href":"https:\/\/osteopathe-barral-franconville.com\/index.php\/wp-json\/wp\/v2\/pages\/39","targetHints":{"allow":["GET"]}}],"collection":[{"href":"https:\/\/osteopathe-barral-franconville.com\/index.php\/wp-json\/wp\/v2\/pages"}],"about":[{"href":"https:\/\/osteopathe-barral-franconville.com\/index.php\/wp-json\/wp\/v2\/types\/page"}],"author":[{"embeddable":true,"href":"https:\/\/osteopathe-barral-franconville.com\/index.php\/wp-json\/wp\/v2\/users\/1"}],"replies":[{"embeddable":true,"href":"https:\/\/osteopathe-barral-franconville.com\/index.php\/wp-json\/wp\/v2\/comments?post=39"}],"version-history":[{"count":4,"href":"https:\/\/osteopathe-barral-franconville.com\/index.php\/wp-json\/wp\/v2\/pages\/39\/revisions"}],"predecessor-version":[{"id":332,"href":"https:\/\/osteopathe-barral-franconville.com\/index.php\/wp-json\/wp\/v2\/pages\/39\/revisions\/332"}],"wp:attachment":[{"href":"https:\/\/osteopathe-barral-franconville.com\/index.php\/wp-json\/wp\/v2\/media?parent=39"}],"curies":[{"name":"wp","href":"https:\/\/api.w.org\/{rel}","templated":true}]}}