{"id":59,"date":"2022-07-19T11:34:03","date_gmt":"2022-07-19T09:34:03","guid":{"rendered":"http:\/\/osteopathe-barral-franconville.com\/?page_id=59"},"modified":"2022-08-23T17:11:26","modified_gmt":"2022-08-23T15:11:26","slug":"lapproche-osteopathique","status":"publish","type":"page","link":"https:\/\/osteopathe-barral-franconville.com\/index.php\/lapproche-osteopathique\/","title":{"rendered":"L&rsquo;approche de l&rsquo;ost\u00e9opathie"},"content":{"rendered":"\n<div class=\"wp-block-media-text has-media-on-the-right is-stacked-on-mobile\" style=\"grid-template-columns:auto 39%\"><figure class=\"wp-block-media-text__media\"><img loading=\"lazy\" decoding=\"async\" width=\"1024\" height=\"683\" src=\"https:\/\/osteopathe-barral-franconville.com\/wp-content\/uploads\/2022\/07\/approche-osteopathique-1024x683.jpg\" alt=\"approche de l'ost\u00e9opathie\" class=\"wp-image-245 size-full\" srcset=\"https:\/\/osteopathe-barral-franconville.com\/wp-content\/uploads\/2022\/07\/approche-osteopathique-1024x683.jpg 1024w, https:\/\/osteopathe-barral-franconville.com\/wp-content\/uploads\/2022\/07\/approche-osteopathique-300x200.jpg 300w, https:\/\/osteopathe-barral-franconville.com\/wp-content\/uploads\/2022\/07\/approche-osteopathique-768x512.jpg 768w, https:\/\/osteopathe-barral-franconville.com\/wp-content\/uploads\/2022\/07\/approche-osteopathique-1536x1024.jpg 1536w, https:\/\/osteopathe-barral-franconville.com\/wp-content\/uploads\/2022\/07\/approche-osteopathique-2048x1365.jpg 2048w, https:\/\/osteopathe-barral-franconville.com\/wp-content\/uploads\/2022\/07\/approche-osteopathique-360x240.jpg 360w\" sizes=\"auto, (max-width: 1024px) 100vw, 1024px\" \/><\/figure><div class=\"wp-block-media-text__content\">\n<p>L&rsquo;approche de l&rsquo;ost\u00e9opathie est la base de tout traitement pour l&rsquo;ost\u00e9opathe. C&rsquo;est via ce concept que votre ost\u00e9opathe \u00e0 Franconville peut prendre en charge un grand nombre de troubles et pathologies.<\/p>\n<\/div><\/div>\n\n\n\n<p>L&rsquo;approche de l&rsquo;ost\u00e9opathie a pour but de permettre une bonne adaptation de l&rsquo;organisme \u00e0 son environnement. Cette capacit\u00e9 d&rsquo;adaptation est le premier signe de bonne sant\u00e9. La sant\u00e9 est un \u00e9tat de complet bien-\u00eatre physique, mental et social, et ne consiste pas seulement en une absence de maladie ou d&rsquo;infirmit\u00e9.<\/p>\n\n\n\n<p>Le vivant a la capacit\u00e9 de s&rsquo;adapter aux diff\u00e9rents probl\u00e8mes rencontr\u00e9s tout au long de sa vie. Cependant, dans certains cas les adaptations ne seront plus suffisantes o\u00f9 celles-ci se contrediront sur les besoins d&rsquo;une m\u00eame structure. C&rsquo;est l\u00e0 qu&rsquo;appara\u00eet le ou les sympt\u00f4mes. L&rsquo;ost\u00e9opathie permet d&rsquo;ajuster les diff\u00e9rentes parties du corps afin de lui permettre un fonctionnement harmonieux.<\/p>\n\n\n\n<h2 class=\"wp-block-heading\" style=\"font-size:30px\"><strong>Quel est l&rsquo;approche de l&rsquo;ost\u00e9opathie ?<\/strong><\/h2>\n\n\n\n<p class=\"has-medium-font-size\">Le concept ost\u00e9opathique s&rsquo;appuie sur 3 grands principes :<\/p>\n\n\n\n<ul class=\"wp-block-list\"><li><strong>La globalit\u00e9<\/strong><\/li><\/ul>\n\n\n\n<p>Le patient est une unit\u00e9 indivisible et doit \u00eatre pris dans son ensemble. Le corps et le psychisme d&rsquo;un patient sont indissociables et interagissent l&rsquo;un sur l&rsquo;autre. De m\u00eame, l&rsquo;ensemble des parties du corps sont reli\u00e9es entre elles que se soit anatomiquement, physiologiquement ou de fa\u00e7on m\u00e9canique.<\/p>\n\n\n\n<p>L&rsquo;ost\u00e9opathe se doit donc de traiter le patient dans sa globalit\u00e9.<\/p>\n\n\n\n<ul class=\"wp-block-list\"><li><strong>La relation entre la structure et la fonction<\/strong><\/li><\/ul>\n\n\n\n<p>L&rsquo;ensemble des composants du corps ont une structure qui leur permet de remplir une fonction. Ainsi la fonction ne pourra plus se r\u00e9aliser correctement si l&rsquo;on alt\u00e8re la structure. De la m\u00eame mani\u00e8re, un composant du corps ne r\u00e9alisant pas sa fonction correctement provoquera une d\u00e9gradation de sa structure.<\/p>\n\n\n\n<p>Pour bien fonctionner l&rsquo;ensemble des composants du corps doivent \u00eatre bien ajust\u00e9 afin que leur structure soit respect\u00e9e et leur fonction s&rsquo;exprimer.<\/p>\n\n\n\n<ul class=\"wp-block-list\"><li><strong>L&rsquo;autor\u00e9gulation du corps ou l&rsquo;hom\u00e9ostasie<\/strong><\/li><\/ul>\n\n\n\n<p>Le corps a une tendance \u00e0 tendre vers un \u00e9quilibre de ses diff\u00e9rentes constantes physiologiques, vers un \u00e9tat de sant\u00e9. L&rsquo;ost\u00e9opathe consid\u00e8re que si l&rsquo;ensemble des \u00e9l\u00e9ments du corps sont correctement ajust\u00e9s, il en r\u00e9sultera un \u00e9tat de sant\u00e9.<\/p>\n\n\n\n<p>Le corps peut avoir des difficult\u00e9s \u00e0 atteindre cet \u00e9tat dans le cas de certains traumatismes, maladies ou ant\u00e9c\u00e9dent m\u00e9dicaux. Dans certains cas, on parlera \u00e9galement de dysfonction.<\/p>\n\n\n\n<h2 class=\"wp-block-heading\" style=\"font-size:30px\"><strong>Qu&rsquo;est-ce qu&rsquo;une dysfonction ?<\/strong><\/h2>\n\n\n\n<p>La dysfonction peut se traduire par une structure du corps ayant une mobilit\u00e9 r\u00e9duite. Cela entrainant une perte de la fonction dudit \u00e9l\u00e9ment.<\/p>\n\n\n\n<p>La dysfonction peut apparaitre \u00e0 la suite d&rsquo;un choc, d&rsquo;un mouvement r\u00e9p\u00e9titif dans la dur\u00e9e ou encore lors d&rsquo;un effort trop important impos\u00e9 \u00e0 la structure concern\u00e9e. Les effets de la dysfonction sont tr\u00e8s variables. Selon la structure concern\u00e9e mais aussi selon la capacit\u00e9 du corps \u00e0 compenser ce dysfonctionnement.<\/p>\n\n\n\n<p>La compensation d&rsquo;une dysfonction va imposer un fonctionnement diff\u00e9rent \u00e0 d&rsquo;autres structures du corps pouvant amener une perte de mobilit\u00e9 chez ces m\u00eames structures. On parle alors de chaine l\u00e9sionnelle.<\/p>\n\n\n\n<h2 class=\"wp-block-heading\" style=\"font-size:30px\"><strong>Quand faut-il aller voir l&rsquo;ost\u00e9opathe ?<\/strong><\/h2>\n\n\n\n<p>L&rsquo;ost\u00e9opathie a pour vocation d&rsquo;\u00eatre une m\u00e9decine pr\u00e9ventive. Pourtant les patients viennent le plus fr\u00e9quemment avec un probl\u00e8me bien pr\u00e9cis. Ce probl\u00e8me est m\u00eame parfois bien install\u00e9.<\/p>\n\n\n\n<ul class=\"wp-block-list\"><li><strong><a href=\"https:\/\/osteopathe-barral-franconville.com\/index.php\/la-prise-en-charge-de-vos-douleurs-par-losteopathie-a-franconville-dans-le-val-doise\/\" target=\"_blank\" rel=\"noreferrer noopener\">La prise en charge pour une pathologie<\/a><\/strong><\/li><\/ul>\n\n\n\n<p>Lorsque vous sentez une g\u00eane ou une douleur dans de nombreux cas votre ost\u00e9opathe \u00e0 Sannois sera capable de vous soulager voire m\u00eame de faire disparaitre le probl\u00e8me enti\u00e8rement. Le domaine d&rsquo;action de l&rsquo;ost\u00e9opathie est tr\u00e8s large. Douleur musculosquelettique, probl\u00e8me digestif, maux de t\u00eate, probl\u00e8me de stress, sciatique, etc. Pour plus d&rsquo;information je vous invite \u00e0 lire la page concernant les troubles.<\/p>\n\n\n\n<p>Dans le cas o\u00f9 la probl\u00e9matique ne rel\u00e8verait pas de sa comp\u00e9tence il pourra vous renvoyer vers le professionnel ad\u00e9quat.<\/p>\n\n\n\n<ul class=\"wp-block-list\"><li><strong><a href=\"https:\/\/osteopathe-barral-franconville.com\/index.php\/votre-suivi-preventif-en-osteopathie-a-franconville\/\" target=\"_blank\" rel=\"noreferrer noopener\">Le traitement pr\u00e9ventif<\/a><\/strong><\/li><\/ul>\n\n\n\n<p>Nous parlions de dysfonction et de compensation un peu plus haut. Dans le cas d&rsquo;une compensation, la dysfonction ne provoque pas de sympt\u00f4me mais d&rsquo;autres dysfonctions plus ou moins proches. Le jour o\u00f9 le corps n&rsquo;a plus le moyen de compenser une dysfonction la douleur appara\u00eet. Le traitement pr\u00e9ventif a donc pour but de s&rsquo;occuper des diff\u00e9rentes dysfonctions avant qu&rsquo;un probl\u00e8me n&rsquo;apparaisse. Pour en savoir plus, rendez vous sur la page concernant la pr\u00e9vention.<\/p>\n\n\n\n<ul class=\"wp-block-list\"><li><strong><a href=\"https:\/\/osteopathe-barral-franconville.com\/index.php\/le-traitement-osteopathique-pathologie-chronique-handicap\/\" target=\"_blank\" rel=\"noreferrer noopener\">L&rsquo;accompagnement dans une maladie chronique ou dans un handicap<\/a><\/strong><\/li><\/ul>\n\n\n\n<p>Certaines maladies ou handicaps obligent une adaptation du corps ou des habitudes de vie. Si l&rsquo;ost\u00e9opathie n&rsquo;aura alors pas vocation \u00e0 gu\u00e9rir ces patients, cela ne lui \u00e9tant pas possible. Elle peut en revanche apporter un vrai confort permettant de mieux vivre avec la maladie. Pour mieux comprendre, voici une page concernant l&rsquo;accompagnement.<\/p>\n","protected":false},"excerpt":{"rendered":"<p>L&rsquo;approche de l&rsquo;ost\u00e9opathie est la base de tout traitement pour l&rsquo;ost\u00e9opathe. C&rsquo;est via ce concept que votre ost\u00e9opathe \u00e0 Franconville peut prendre en charge un grand nombre de troubles et pathologies. L&rsquo;approche de l&rsquo;ost\u00e9opathie a pour but de permettre une bonne adaptation de l&rsquo;organisme \u00e0 son environnement. Cette capacit\u00e9 d&rsquo;adaptation [&hellip;]<\/p>\n","protected":false},"author":1,"featured_media":0,"parent":0,"menu_order":0,"comment_status":"closed","ping_status":"closed","template":"","meta":{"footnotes":""},"class_list":["post-59","page","type-page","status-publish","hentry"],"yoast_head":"<!-- This site is optimized with the Yoast SEO plugin v27.4 - https:\/\/yoast.com\/product\/yoast-seo-wordpress\/ -->\n<title>L&#039;approche de l&#039;ost\u00e9opathie -<\/title>\n<meta name=\"description\" content=\"L&#039;ost\u00e9opathie et de plus en plus connu mais reste mal connu. Regardons ensemble quel est l&#039;approche de l&#039;ost\u00e9opathie et son concept.\" \/>\n<meta name=\"robots\" content=\"index, follow, max-snippet:-1, max-image-preview:large, max-video-preview:-1\" \/>\n<link rel=\"canonical\" href=\"https:\/\/osteopathe-barral-franconville.com\/index.php\/lapproche-osteopathique\/\" \/>\n<meta property=\"og:locale\" content=\"fr_FR\" \/>\n<meta property=\"og:type\" content=\"article\" \/>\n<meta property=\"og:title\" content=\"L&#039;approche de l&#039;ost\u00e9opathie -\" \/>\n<meta property=\"og:description\" content=\"L&#039;ost\u00e9opathie et de plus en plus connu mais reste mal connu. Regardons ensemble quel est l&#039;approche de l&#039;ost\u00e9opathie et son concept.\" \/>\n<meta property=\"og:url\" content=\"https:\/\/osteopathe-barral-franconville.com\/index.php\/lapproche-osteopathique\/\" \/>\n<meta property=\"article:modified_time\" content=\"2022-08-23T15:11:26+00:00\" \/>\n<meta property=\"og:image\" content=\"https:\/\/osteopathe-barral-franconville.com\/wp-content\/uploads\/2022\/07\/approche-osteopathique-1024x683.jpg\" \/>\n<meta name=\"twitter:card\" content=\"summary_large_image\" \/>\n<meta name=\"twitter:label1\" content=\"Dur\u00e9e de lecture estim\u00e9e\" \/>\n\t<meta name=\"twitter:data1\" content=\"4 minutes\" \/>\n<script type=\"application\/ld+json\" class=\"yoast-schema-graph\">{\"@context\":\"https:\\\/\\\/schema.org\",\"@graph\":[{\"@type\":\"WebPage\",\"@id\":\"https:\\\/\\\/osteopathe-barral-franconville.com\\\/index.php\\\/lapproche-osteopathique\\\/\",\"url\":\"https:\\\/\\\/osteopathe-barral-franconville.com\\\/index.php\\\/lapproche-osteopathique\\\/\",\"name\":\"L'approche de l'ost\u00e9opathie -\",\"isPartOf\":{\"@id\":\"https:\\\/\\\/osteopathe-barral-franconville.com\\\/#website\"},\"primaryImageOfPage\":{\"@id\":\"https:\\\/\\\/osteopathe-barral-franconville.com\\\/index.php\\\/lapproche-osteopathique\\\/#primaryimage\"},\"image\":{\"@id\":\"https:\\\/\\\/osteopathe-barral-franconville.com\\\/index.php\\\/lapproche-osteopathique\\\/#primaryimage\"},\"thumbnailUrl\":\"https:\\\/\\\/osteopathe-barral-franconville.com\\\/wp-content\\\/uploads\\\/2022\\\/07\\\/approche-osteopathique-1024x683.jpg\",\"datePublished\":\"2022-07-19T09:34:03+00:00\",\"dateModified\":\"2022-08-23T15:11:26+00:00\",\"description\":\"L'ost\u00e9opathie et de plus en plus connu mais reste mal connu. Regardons ensemble quel est l'approche de l'ost\u00e9opathie et son concept.\",\"breadcrumb\":{\"@id\":\"https:\\\/\\\/osteopathe-barral-franconville.com\\\/index.php\\\/lapproche-osteopathique\\\/#breadcrumb\"},\"inLanguage\":\"fr-FR\",\"potentialAction\":[{\"@type\":\"ReadAction\",\"target\":[\"https:\\\/\\\/osteopathe-barral-franconville.com\\\/index.php\\\/lapproche-osteopathique\\\/\"]}]},{\"@type\":\"ImageObject\",\"inLanguage\":\"fr-FR\",\"@id\":\"https:\\\/\\\/osteopathe-barral-franconville.com\\\/index.php\\\/lapproche-osteopathique\\\/#primaryimage\",\"url\":\"https:\\\/\\\/osteopathe-barral-franconville.com\\\/wp-content\\\/uploads\\\/2022\\\/07\\\/approche-osteopathique-scaled.jpg\",\"contentUrl\":\"https:\\\/\\\/osteopathe-barral-franconville.com\\\/wp-content\\\/uploads\\\/2022\\\/07\\\/approche-osteopathique-scaled.jpg\",\"width\":2560,\"height\":1707,\"caption\":\"approche de l'ost\u00e9opathie\"},{\"@type\":\"BreadcrumbList\",\"@id\":\"https:\\\/\\\/osteopathe-barral-franconville.com\\\/index.php\\\/lapproche-osteopathique\\\/#breadcrumb\",\"itemListElement\":[{\"@type\":\"ListItem\",\"position\":1,\"name\":\"Accueil\",\"item\":\"https:\\\/\\\/osteopathe-barral-franconville.com\\\/\"},{\"@type\":\"ListItem\",\"position\":2,\"name\":\"L&rsquo;approche de l&rsquo;ost\u00e9opathie\"}]},{\"@type\":\"WebSite\",\"@id\":\"https:\\\/\\\/osteopathe-barral-franconville.com\\\/#website\",\"url\":\"https:\\\/\\\/osteopathe-barral-franconville.com\\\/\",\"name\":\"\",\"description\":\"\",\"potentialAction\":[{\"@type\":\"SearchAction\",\"target\":{\"@type\":\"EntryPoint\",\"urlTemplate\":\"https:\\\/\\\/osteopathe-barral-franconville.com\\\/?s={search_term_string}\"},\"query-input\":{\"@type\":\"PropertyValueSpecification\",\"valueRequired\":true,\"valueName\":\"search_term_string\"}}],\"inLanguage\":\"fr-FR\"}]}<\/script>\n<!-- \/ Yoast SEO plugin. -->","yoast_head_json":{"title":"L'approche de l'ost\u00e9opathie -","description":"L'ost\u00e9opathie et de plus en plus connu mais reste mal connu. Regardons ensemble quel est l'approche de l'ost\u00e9opathie et son concept.","robots":{"index":"index","follow":"follow","max-snippet":"max-snippet:-1","max-image-preview":"max-image-preview:large","max-video-preview":"max-video-preview:-1"},"canonical":"https:\/\/osteopathe-barral-franconville.com\/index.php\/lapproche-osteopathique\/","og_locale":"fr_FR","og_type":"article","og_title":"L'approche de l'ost\u00e9opathie -","og_description":"L'ost\u00e9opathie et de plus en plus connu mais reste mal connu. Regardons ensemble quel est l'approche de l'ost\u00e9opathie et son concept.","og_url":"https:\/\/osteopathe-barral-franconville.com\/index.php\/lapproche-osteopathique\/","article_modified_time":"2022-08-23T15:11:26+00:00","og_image":[{"url":"https:\/\/osteopathe-barral-franconville.com\/wp-content\/uploads\/2022\/07\/approche-osteopathique-1024x683.jpg","type":"","width":"","height":""}],"twitter_card":"summary_large_image","twitter_misc":{"Dur\u00e9e de lecture estim\u00e9e":"4 minutes"},"schema":{"@context":"https:\/\/schema.org","@graph":[{"@type":"WebPage","@id":"https:\/\/osteopathe-barral-franconville.com\/index.php\/lapproche-osteopathique\/","url":"https:\/\/osteopathe-barral-franconville.com\/index.php\/lapproche-osteopathique\/","name":"L'approche de l'ost\u00e9opathie -","isPartOf":{"@id":"https:\/\/osteopathe-barral-franconville.com\/#website"},"primaryImageOfPage":{"@id":"https:\/\/osteopathe-barral-franconville.com\/index.php\/lapproche-osteopathique\/#primaryimage"},"image":{"@id":"https:\/\/osteopathe-barral-franconville.com\/index.php\/lapproche-osteopathique\/#primaryimage"},"thumbnailUrl":"https:\/\/osteopathe-barral-franconville.com\/wp-content\/uploads\/2022\/07\/approche-osteopathique-1024x683.jpg","datePublished":"2022-07-19T09:34:03+00:00","dateModified":"2022-08-23T15:11:26+00:00","description":"L'ost\u00e9opathie et de plus en plus connu mais reste mal connu. Regardons ensemble quel est l'approche de l'ost\u00e9opathie et son concept.","breadcrumb":{"@id":"https:\/\/osteopathe-barral-franconville.com\/index.php\/lapproche-osteopathique\/#breadcrumb"},"inLanguage":"fr-FR","potentialAction":[{"@type":"ReadAction","target":["https:\/\/osteopathe-barral-franconville.com\/index.php\/lapproche-osteopathique\/"]}]},{"@type":"ImageObject","inLanguage":"fr-FR","@id":"https:\/\/osteopathe-barral-franconville.com\/index.php\/lapproche-osteopathique\/#primaryimage","url":"https:\/\/osteopathe-barral-franconville.com\/wp-content\/uploads\/2022\/07\/approche-osteopathique-scaled.jpg","contentUrl":"https:\/\/osteopathe-barral-franconville.com\/wp-content\/uploads\/2022\/07\/approche-osteopathique-scaled.jpg","width":2560,"height":1707,"caption":"approche de l'ost\u00e9opathie"},{"@type":"BreadcrumbList","@id":"https:\/\/osteopathe-barral-franconville.com\/index.php\/lapproche-osteopathique\/#breadcrumb","itemListElement":[{"@type":"ListItem","position":1,"name":"Accueil","item":"https:\/\/osteopathe-barral-franconville.com\/"},{"@type":"ListItem","position":2,"name":"L&rsquo;approche de l&rsquo;ost\u00e9opathie"}]},{"@type":"WebSite","@id":"https:\/\/osteopathe-barral-franconville.com\/#website","url":"https:\/\/osteopathe-barral-franconville.com\/","name":"","description":"","potentialAction":[{"@type":"SearchAction","target":{"@type":"EntryPoint","urlTemplate":"https:\/\/osteopathe-barral-franconville.com\/?s={search_term_string}"},"query-input":{"@type":"PropertyValueSpecification","valueRequired":true,"valueName":"search_term_string"}}],"inLanguage":"fr-FR"}]}},"_links":{"self":[{"href":"https:\/\/osteopathe-barral-franconville.com\/index.php\/wp-json\/wp\/v2\/pages\/59","targetHints":{"allow":["GET"]}}],"collection":[{"href":"https:\/\/osteopathe-barral-franconville.com\/index.php\/wp-json\/wp\/v2\/pages"}],"about":[{"href":"https:\/\/osteopathe-barral-franconville.com\/index.php\/wp-json\/wp\/v2\/types\/page"}],"author":[{"embeddable":true,"href":"https:\/\/osteopathe-barral-franconville.com\/index.php\/wp-json\/wp\/v2\/users\/1"}],"replies":[{"embeddable":true,"href":"https:\/\/osteopathe-barral-franconville.com\/index.php\/wp-json\/wp\/v2\/comments?post=59"}],"version-history":[{"count":7,"href":"https:\/\/osteopathe-barral-franconville.com\/index.php\/wp-json\/wp\/v2\/pages\/59\/revisions"}],"predecessor-version":[{"id":338,"href":"https:\/\/osteopathe-barral-franconville.com\/index.php\/wp-json\/wp\/v2\/pages\/59\/revisions\/338"}],"wp:attachment":[{"href":"https:\/\/osteopathe-barral-franconville.com\/index.php\/wp-json\/wp\/v2\/media?parent=59"}],"curies":[{"name":"wp","href":"https:\/\/api.w.org\/{rel}","templated":true}]}}