{"id":63,"date":"2022-07-19T11:39:13","date_gmt":"2022-07-19T09:39:13","guid":{"rendered":"http:\/\/osteopathe-barral-franconville.com\/?page_id=63"},"modified":"2022-09-23T14:47:17","modified_gmt":"2022-09-23T12:47:17","slug":"pourquoi-consulter-un-osteopathe","status":"publish","type":"page","link":"https:\/\/osteopathe-barral-franconville.com\/index.php\/pourquoi-consulter-un-osteopathe\/","title":{"rendered":"Pourquoi consulter un ost\u00e9opathe ?"},"content":{"rendered":"\n<div class=\"wp-block-media-text has-media-on-the-right is-stacked-on-mobile is-vertically-aligned-center\" style=\"grid-template-columns:auto 49%\"><figure class=\"wp-block-media-text__media\"><img loading=\"lazy\" decoding=\"async\" width=\"1024\" height=\"683\" src=\"https:\/\/osteopathe-barral-franconville.com\/wp-content\/uploads\/2022\/08\/pexels-karolina-grabowska-4506109-1024x683.jpg\" alt=\"pourquoi consulter\" class=\"wp-image-271 size-full\" srcset=\"https:\/\/osteopathe-barral-franconville.com\/wp-content\/uploads\/2022\/08\/pexels-karolina-grabowska-4506109-1024x683.jpg 1024w, https:\/\/osteopathe-barral-franconville.com\/wp-content\/uploads\/2022\/08\/pexels-karolina-grabowska-4506109-300x200.jpg 300w, https:\/\/osteopathe-barral-franconville.com\/wp-content\/uploads\/2022\/08\/pexels-karolina-grabowska-4506109-768x512.jpg 768w, https:\/\/osteopathe-barral-franconville.com\/wp-content\/uploads\/2022\/08\/pexels-karolina-grabowska-4506109-1536x1024.jpg 1536w, https:\/\/osteopathe-barral-franconville.com\/wp-content\/uploads\/2022\/08\/pexels-karolina-grabowska-4506109-2048x1365.jpg 2048w, https:\/\/osteopathe-barral-franconville.com\/wp-content\/uploads\/2022\/08\/pexels-karolina-grabowska-4506109-360x240.jpg 360w\" sizes=\"auto, (max-width: 1024px) 100vw, 1024px\" \/><\/figure><div class=\"wp-block-media-text__content\">\n<p>Pourquoi consulter un ost\u00e9opathe? T<span style=\"font-size: revert; color: initial;\">out d\u2019abord, il est important de rappeler que si l\u2019ost\u00e9opathie permet de traiter des situations de crise, elle est avant tout <\/span><a style=\"font-size: revert;\" href=\"https:\/\/osteopathe-barral-franconville.com\/index.php\/votre-suivi-preventif-en-osteopathie-a-franconville\/\" target=\"_blank\" rel=\"noreferrer noopener\">une m\u00e9decine pr\u00e9ventive<\/a><span style=\"font-size: revert; color: initial;\">. C\u2019est pour cela qu\u2019il est recommand\u00e9 de prendre rendez-vous pour une consultation chez son ost\u00e9opathe une \u00e0 deux fois par an m\u00eame si tout va bien, afin de pr\u00e9venir l\u2019apparition de certains probl\u00e8mes. Voici une liste non exhaustive des motifs de consultation en ost\u00e9opathie. En cas de doute, contactez votre ost\u00e9opathe \u00e0 Franconville pour en discuter avec lui. <\/span><\/p>\n<\/div><\/div>\n\n\n\n<h2 class=\"wp-block-heading\">Les motifs orthop\u00e9diques et locomoteurs en ost\u00e9opathie.<\/h2>\n\n\n\n<p>Cela concerne essentiellement les probl\u00e8mes en lien avec les articulations qu&rsquo;ils soient de nature traumatique comme <a href=\"https:\/\/osteopathe-barral-franconville.com\/index.php\/2022\/08\/28\/entorse-osteopathie\/\" target=\"_blank\" rel=\"noreferrer noopener\">les entorses (et leurs s\u00e9quelles)<\/a>, les s\u00e9quelles de luxations ou de fractures.<\/p>\n\n\n\n<p>On y retrouve \u00e9galement toutes les douleurs du dos et de la nuque (<a href=\"https:\/\/osteopathe-barral-franconville.com\/index.php\/2022\/07\/26\/lumbago-blocage-osteopathe\/\" target=\"_blank\" rel=\"noreferrer noopener\">lombalgies<\/a> et cervicalgies), et notamment les blocages comme <a href=\"https:\/\/osteopathe-barral-franconville.com\/index.php\/2022\/07\/26\/lumbago-blocage-osteopathe\/\" target=\"_blank\" rel=\"noreferrer noopener\">les lumbagos<\/a> ou les torticolis. On retrouve aussi les atteintes de la structure du dos comme les hernies discales ou les scolioses et attitudes scoliotiques.<\/p>\n\n\n\n<p>Enfin <a href=\"https:\/\/osteopathe-barral-franconville.com\/index.php\/2022\/09\/11\/la-tendinite-traitee-par-un-osteopathe\/\" target=\"_blank\" rel=\"noreferrer noopener\">les tendinites<\/a>, qui apparaissent \u00e0 la suite d&rsquo;un effort r\u00e9p\u00e9titif et\/ou suite \u00e0 une dysfonction de l&rsquo;articulation.<\/p>\n\n\n\n<h2 class=\"wp-block-heading\" style=\"font-size:30px\"><strong>Les motifs nerveux et vasculaires en ost\u00e9opathie.<\/strong><\/h2>\n\n\n\n<p>Les atteintes nerveuses et vasculaires ont certains sympt\u00f4mes en commun comme les fourmillements et sensations de br\u00fblures. Elles peuvent s&rsquo;accompagner de sensations exag\u00e9r\u00e9es, de douleurs au toucher ou la disparition de ces sensations. Enfin, la force musculaire peut \u00eatre diminu\u00e9e. Tous ces sympt\u00f4mes sont fr\u00e9quents lors de n\u00e9vralgies.<\/p>\n\n\n\n<p><a href=\"https:\/\/osteopathe-barral-franconville.com\/index.php\/2022\/09\/18\/nevralgie-osteopathie\/\" target=\"_blank\" rel=\"noreferrer noopener\">La n\u00e9vralgie<\/a> peut se situer \u00e0 plusieurs endroits du corps. La n\u00e9vralgie cervico-brachiale pour les \u00e9paules et les bras, la sciatique, bien connue, mais aussi la face, en intercostale etc.<\/p>\n\n\n\n<p>Les troubles vasculaires vont plus \u00eatre repr\u00e9sent\u00e9s par les probl\u00e8mes de retours veineux (sensation de jambes lourdes) au niveau des jambes.<\/p>\n\n\n\n<p>Enfin, <a href=\"https:\/\/osteopathe-barral-franconville.com\/index.php\/2022\/07\/19\/la-migraine-traitee-osteopathe\/\" target=\"_blank\" rel=\"noreferrer noopener\">les migraines<\/a> sont souvent li\u00e9es \u00e0 un dysfonctionnement de ces deux syst\u00e8mes.<\/p>\n\n\n\n<h2 class=\"wp-block-heading\" style=\"font-size:30px\"><strong>Les motifs des voies respiratoires (pulmonaires et ORL) en ost\u00e9opathie.<\/strong><\/h2>\n\n\n\n<p>On va retrouver beaucoup les voies respiratoires sup\u00e9rieures et donc tous les troubles ORL, mais aussi les sensations d&rsquo;oppressions respiratoires.<\/p>\n\n\n\n<p>Les voies respiratoires peuvent \u00eatre le si\u00e8ge d&rsquo;infections r\u00e9currentes. L&rsquo;ost\u00e9opathie peut emp\u00eacher la r\u00e9cidive d&rsquo;infection chronique. Les sinusites, angines et bronchites \u00e0 r\u00e9p\u00e9tition pourront \u00eatre trait\u00e9es en dehors d&rsquo;une phase infectieuse afin d&rsquo;\u00e9viter un retour de la maladie.<\/p>\n\n\n\n<h2 class=\"wp-block-heading\" style=\"font-size:30px\"><strong>Les troubles digestifs et l&rsquo;ost\u00e9opathie.<\/strong><\/h2>\n\n\n\n<p>Tous les probl\u00e8mes de digestion en lien avec le transit (diarrh\u00e9e\/constipation, sensation de ballonnement). Les probl\u00e8mes li\u00e9s \u00e0 l&rsquo;estomac comme les br\u00fblures d&rsquo;estomac et\/ou les remont\u00e9es acides (reflux gastro \u0153sophagien) ou m\u00eame les hernies hiatales.<\/p>\n\n\n\n<h2 class=\"wp-block-heading\" style=\"font-size:30px\"><strong>Les troubles gyn\u00e9co et urinaires en ost\u00e9opathie.<\/strong><\/h2>\n\n\n\n<p>La sph\u00e8re gyn\u00e9co peut \u00eatre le si\u00e8ge de nombreux dysfonctionnements \u00e0 commencer par le syndrome pr\u00e9-menstruel. La pr\u00e9sence d&rsquo;infections \u00e0 r\u00e9p\u00e9tition des voies g\u00e9nitales. La dyspareunie qui est une douleur lors des rapports.<\/p>\n\n\n\n<p>On peut bien \u00e9videmment parler \u00e9galement du suivi de la grossesse de l&rsquo;accouchement et de ces suites.<\/p>\n\n\n\n<p>D&rsquo;un point de vue urinaire, une fois encore l&rsquo;ost\u00e9opathe prend en charge les infections \u00e0 r\u00e9p\u00e9tition comme les cystites.<\/p>\n\n\n\n<h2 class=\"wp-block-heading\" style=\"font-size:30px\"><strong>Les troubles neurov\u00e9g\u00e9tatifs et l&rsquo;ost\u00e9opathie.<\/strong> <\/h2>\n\n\n\n<p>Ce syst\u00e8me permet le bon fonctionnement du corps, c&rsquo;est l&rsquo;aspect involontaire et inconscient de notre syst\u00e8me nerveux s&rsquo;occupant d&rsquo;adapter le fonctionnement du corps \u00e0 la situation (acc\u00e9l\u00e9ration du c\u0153ur lors d&rsquo;un effort par exemple). Un dysfonctionnement peut entrainer de nombreux probl\u00e8mes tels qu&rsquo;un stress excessif, des troubles du sommeil, des angoisses, une fatigabilit\u00e9 ou m\u00eame <a href=\"https:\/\/osteopathe-barral-franconville.com\/index.php\/2022\/07\/19\/la-migraine-en-osteopathie\/\" target=\"_blank\" rel=\"noreferrer noopener\">des migraines<\/a>. On peut trouver \u00e9galement l&rsquo;effet inverse, une hyperactivit\u00e9, une nervosit\u00e9.<\/p>\n\n\n\n<h2 class=\"wp-block-heading\" style=\"font-size:30px\"><strong>Les s\u00e9quelles de traumatismes et l&rsquo;ost\u00e9opathie.<\/strong><\/h2>\n\n\n\n<p>On retrouve apr\u00e8s un accident souvent des douleurs ou g\u00eanes qui restent. Que ce soit une chute ou un accident de voiture cela peut \u00eatre fr\u00e9quent.<\/p>\n\n\n\n<p>\u00c9galement \u00e0 la suite d&rsquo;une op\u00e9ration. La chirurgie reste un traumatisme ind\u00e9pendamment de la qualit\u00e9 du chirurgien il s&rsquo;agit toujours de couper, percer, etc. Un travail en pr\u00e9 op\u00e9ratoire ou en post op\u00e9ratoire peut \u00eatre profitable.<\/p>\n","protected":false},"excerpt":{"rendered":"<p>Pourquoi consulter un ost\u00e9opathe? Tout d\u2019abord, il est important de rappeler que si l\u2019ost\u00e9opathie permet de traiter des situations de crise, elle est avant tout une m\u00e9decine pr\u00e9ventive. C\u2019est pour cela qu\u2019il est recommand\u00e9 de prendre rendez-vous pour une consultation chez son ost\u00e9opathe une \u00e0 deux fois par an m\u00eame [&hellip;]<\/p>\n","protected":false},"author":1,"featured_media":0,"parent":0,"menu_order":0,"comment_status":"closed","ping_status":"closed","template":"","meta":{"footnotes":""},"class_list":["post-63","page","type-page","status-publish","hentry"],"yoast_head":"<!-- This site is optimized with the Yoast SEO plugin v27.4 - https:\/\/yoast.com\/product\/yoast-seo-wordpress\/ -->\n<title>Pourquoi consulter un ost\u00e9opathe ? -<\/title>\n<meta name=\"description\" content=\"Les raisons de consulter un ost\u00e9opathe sont nombreuses et encore m\u00e9connu. Regardons ensemble des motifs de consultation chez un ost\u00e9opathe\" \/>\n<meta name=\"robots\" content=\"index, follow, max-snippet:-1, max-image-preview:large, max-video-preview:-1\" \/>\n<link rel=\"canonical\" href=\"https:\/\/osteopathe-barral-franconville.com\/index.php\/pourquoi-consulter-un-osteopathe\/\" \/>\n<meta property=\"og:locale\" content=\"fr_FR\" \/>\n<meta property=\"og:type\" content=\"article\" \/>\n<meta property=\"og:title\" content=\"Pourquoi consulter un ost\u00e9opathe ? -\" \/>\n<meta property=\"og:description\" content=\"Les raisons de consulter un ost\u00e9opathe sont nombreuses et encore m\u00e9connu. Regardons ensemble des motifs de consultation chez un ost\u00e9opathe\" \/>\n<meta property=\"og:url\" content=\"https:\/\/osteopathe-barral-franconville.com\/index.php\/pourquoi-consulter-un-osteopathe\/\" \/>\n<meta property=\"article:modified_time\" content=\"2022-09-23T12:47:17+00:00\" \/>\n<meta property=\"og:image\" content=\"https:\/\/osteopathe-barral-franconville.com\/wp-content\/uploads\/2022\/08\/pexels-karolina-grabowska-4506109-1024x683.jpg\" \/>\n<meta name=\"twitter:card\" content=\"summary_large_image\" \/>\n<meta name=\"twitter:label1\" content=\"Dur\u00e9e de lecture estim\u00e9e\" \/>\n\t<meta name=\"twitter:data1\" content=\"4 minutes\" \/>\n<script type=\"application\/ld+json\" class=\"yoast-schema-graph\">{\"@context\":\"https:\\\/\\\/schema.org\",\"@graph\":[{\"@type\":\"WebPage\",\"@id\":\"https:\\\/\\\/osteopathe-barral-franconville.com\\\/index.php\\\/pourquoi-consulter-un-osteopathe\\\/\",\"url\":\"https:\\\/\\\/osteopathe-barral-franconville.com\\\/index.php\\\/pourquoi-consulter-un-osteopathe\\\/\",\"name\":\"Pourquoi consulter un ost\u00e9opathe ? -\",\"isPartOf\":{\"@id\":\"https:\\\/\\\/osteopathe-barral-franconville.com\\\/#website\"},\"primaryImageOfPage\":{\"@id\":\"https:\\\/\\\/osteopathe-barral-franconville.com\\\/index.php\\\/pourquoi-consulter-un-osteopathe\\\/#primaryimage\"},\"image\":{\"@id\":\"https:\\\/\\\/osteopathe-barral-franconville.com\\\/index.php\\\/pourquoi-consulter-un-osteopathe\\\/#primaryimage\"},\"thumbnailUrl\":\"https:\\\/\\\/osteopathe-barral-franconville.com\\\/wp-content\\\/uploads\\\/2022\\\/08\\\/pexels-karolina-grabowska-4506109-1024x683.jpg\",\"datePublished\":\"2022-07-19T09:39:13+00:00\",\"dateModified\":\"2022-09-23T12:47:17+00:00\",\"description\":\"Les raisons de consulter un ost\u00e9opathe sont nombreuses et encore m\u00e9connu. Regardons ensemble des motifs de consultation chez un ost\u00e9opathe\",\"breadcrumb\":{\"@id\":\"https:\\\/\\\/osteopathe-barral-franconville.com\\\/index.php\\\/pourquoi-consulter-un-osteopathe\\\/#breadcrumb\"},\"inLanguage\":\"fr-FR\",\"potentialAction\":[{\"@type\":\"ReadAction\",\"target\":[\"https:\\\/\\\/osteopathe-barral-franconville.com\\\/index.php\\\/pourquoi-consulter-un-osteopathe\\\/\"]}]},{\"@type\":\"ImageObject\",\"inLanguage\":\"fr-FR\",\"@id\":\"https:\\\/\\\/osteopathe-barral-franconville.com\\\/index.php\\\/pourquoi-consulter-un-osteopathe\\\/#primaryimage\",\"url\":\"https:\\\/\\\/osteopathe-barral-franconville.com\\\/wp-content\\\/uploads\\\/2022\\\/08\\\/pexels-karolina-grabowska-4506109-1024x683.jpg\",\"contentUrl\":\"https:\\\/\\\/osteopathe-barral-franconville.com\\\/wp-content\\\/uploads\\\/2022\\\/08\\\/pexels-karolina-grabowska-4506109-1024x683.jpg\"},{\"@type\":\"BreadcrumbList\",\"@id\":\"https:\\\/\\\/osteopathe-barral-franconville.com\\\/index.php\\\/pourquoi-consulter-un-osteopathe\\\/#breadcrumb\",\"itemListElement\":[{\"@type\":\"ListItem\",\"position\":1,\"name\":\"Accueil\",\"item\":\"https:\\\/\\\/osteopathe-barral-franconville.com\\\/\"},{\"@type\":\"ListItem\",\"position\":2,\"name\":\"Pourquoi consulter un ost\u00e9opathe ?\"}]},{\"@type\":\"WebSite\",\"@id\":\"https:\\\/\\\/osteopathe-barral-franconville.com\\\/#website\",\"url\":\"https:\\\/\\\/osteopathe-barral-franconville.com\\\/\",\"name\":\"\",\"description\":\"\",\"potentialAction\":[{\"@type\":\"SearchAction\",\"target\":{\"@type\":\"EntryPoint\",\"urlTemplate\":\"https:\\\/\\\/osteopathe-barral-franconville.com\\\/?s={search_term_string}\"},\"query-input\":{\"@type\":\"PropertyValueSpecification\",\"valueRequired\":true,\"valueName\":\"search_term_string\"}}],\"inLanguage\":\"fr-FR\"}]}<\/script>\n<!-- \/ Yoast SEO plugin. -->","yoast_head_json":{"title":"Pourquoi consulter un ost\u00e9opathe ? -","description":"Les raisons de consulter un ost\u00e9opathe sont nombreuses et encore m\u00e9connu. Regardons ensemble des motifs de consultation chez un ost\u00e9opathe","robots":{"index":"index","follow":"follow","max-snippet":"max-snippet:-1","max-image-preview":"max-image-preview:large","max-video-preview":"max-video-preview:-1"},"canonical":"https:\/\/osteopathe-barral-franconville.com\/index.php\/pourquoi-consulter-un-osteopathe\/","og_locale":"fr_FR","og_type":"article","og_title":"Pourquoi consulter un ost\u00e9opathe ? -","og_description":"Les raisons de consulter un ost\u00e9opathe sont nombreuses et encore m\u00e9connu. Regardons ensemble des motifs de consultation chez un ost\u00e9opathe","og_url":"https:\/\/osteopathe-barral-franconville.com\/index.php\/pourquoi-consulter-un-osteopathe\/","article_modified_time":"2022-09-23T12:47:17+00:00","og_image":[{"url":"https:\/\/osteopathe-barral-franconville.com\/wp-content\/uploads\/2022\/08\/pexels-karolina-grabowska-4506109-1024x683.jpg","type":"","width":"","height":""}],"twitter_card":"summary_large_image","twitter_misc":{"Dur\u00e9e de lecture estim\u00e9e":"4 minutes"},"schema":{"@context":"https:\/\/schema.org","@graph":[{"@type":"WebPage","@id":"https:\/\/osteopathe-barral-franconville.com\/index.php\/pourquoi-consulter-un-osteopathe\/","url":"https:\/\/osteopathe-barral-franconville.com\/index.php\/pourquoi-consulter-un-osteopathe\/","name":"Pourquoi consulter un ost\u00e9opathe ? -","isPartOf":{"@id":"https:\/\/osteopathe-barral-franconville.com\/#website"},"primaryImageOfPage":{"@id":"https:\/\/osteopathe-barral-franconville.com\/index.php\/pourquoi-consulter-un-osteopathe\/#primaryimage"},"image":{"@id":"https:\/\/osteopathe-barral-franconville.com\/index.php\/pourquoi-consulter-un-osteopathe\/#primaryimage"},"thumbnailUrl":"https:\/\/osteopathe-barral-franconville.com\/wp-content\/uploads\/2022\/08\/pexels-karolina-grabowska-4506109-1024x683.jpg","datePublished":"2022-07-19T09:39:13+00:00","dateModified":"2022-09-23T12:47:17+00:00","description":"Les raisons de consulter un ost\u00e9opathe sont nombreuses et encore m\u00e9connu. Regardons ensemble des motifs de consultation chez un ost\u00e9opathe","breadcrumb":{"@id":"https:\/\/osteopathe-barral-franconville.com\/index.php\/pourquoi-consulter-un-osteopathe\/#breadcrumb"},"inLanguage":"fr-FR","potentialAction":[{"@type":"ReadAction","target":["https:\/\/osteopathe-barral-franconville.com\/index.php\/pourquoi-consulter-un-osteopathe\/"]}]},{"@type":"ImageObject","inLanguage":"fr-FR","@id":"https:\/\/osteopathe-barral-franconville.com\/index.php\/pourquoi-consulter-un-osteopathe\/#primaryimage","url":"https:\/\/osteopathe-barral-franconville.com\/wp-content\/uploads\/2022\/08\/pexels-karolina-grabowska-4506109-1024x683.jpg","contentUrl":"https:\/\/osteopathe-barral-franconville.com\/wp-content\/uploads\/2022\/08\/pexels-karolina-grabowska-4506109-1024x683.jpg"},{"@type":"BreadcrumbList","@id":"https:\/\/osteopathe-barral-franconville.com\/index.php\/pourquoi-consulter-un-osteopathe\/#breadcrumb","itemListElement":[{"@type":"ListItem","position":1,"name":"Accueil","item":"https:\/\/osteopathe-barral-franconville.com\/"},{"@type":"ListItem","position":2,"name":"Pourquoi consulter un ost\u00e9opathe ?"}]},{"@type":"WebSite","@id":"https:\/\/osteopathe-barral-franconville.com\/#website","url":"https:\/\/osteopathe-barral-franconville.com\/","name":"","description":"","potentialAction":[{"@type":"SearchAction","target":{"@type":"EntryPoint","urlTemplate":"https:\/\/osteopathe-barral-franconville.com\/?s={search_term_string}"},"query-input":{"@type":"PropertyValueSpecification","valueRequired":true,"valueName":"search_term_string"}}],"inLanguage":"fr-FR"}]}},"_links":{"self":[{"href":"https:\/\/osteopathe-barral-franconville.com\/index.php\/wp-json\/wp\/v2\/pages\/63","targetHints":{"allow":["GET"]}}],"collection":[{"href":"https:\/\/osteopathe-barral-franconville.com\/index.php\/wp-json\/wp\/v2\/pages"}],"about":[{"href":"https:\/\/osteopathe-barral-franconville.com\/index.php\/wp-json\/wp\/v2\/types\/page"}],"author":[{"embeddable":true,"href":"https:\/\/osteopathe-barral-franconville.com\/index.php\/wp-json\/wp\/v2\/users\/1"}],"replies":[{"embeddable":true,"href":"https:\/\/osteopathe-barral-franconville.com\/index.php\/wp-json\/wp\/v2\/comments?post=63"}],"version-history":[{"count":10,"href":"https:\/\/osteopathe-barral-franconville.com\/index.php\/wp-json\/wp\/v2\/pages\/63\/revisions"}],"predecessor-version":[{"id":374,"href":"https:\/\/osteopathe-barral-franconville.com\/index.php\/wp-json\/wp\/v2\/pages\/63\/revisions\/374"}],"wp:attachment":[{"href":"https:\/\/osteopathe-barral-franconville.com\/index.php\/wp-json\/wp\/v2\/media?parent=63"}],"curies":[{"name":"wp","href":"https:\/\/api.w.org\/{rel}","templated":true}]}}