{"id":64,"date":"2022-07-19T11:39:13","date_gmt":"2022-07-19T09:39:13","guid":{"rendered":"http:\/\/osteopathe-barral-franconville.com\/?page_id=64"},"modified":"2022-08-02T11:33:42","modified_gmt":"2022-08-02T09:33:42","slug":"qui-peut-consulter-un-osteopathe","status":"publish","type":"page","link":"https:\/\/osteopathe-barral-franconville.com\/index.php\/qui-peut-consulter-un-osteopathe\/","title":{"rendered":"Pour qui l&rsquo;ost\u00e9opathie peut-elle \u00eatre b\u00e9n\u00e9fique ? Votre ost\u00e9opathe \u00e0 Franconville r\u00e9pond \u00e0 vos questions"},"content":{"rendered":"\n<p>L&rsquo;ost\u00e9opathie permet de traiter de nombreux probl\u00e8mes, mais qui peut en b\u00e9n\u00e9ficier ? Le concept ost\u00e9opathique peut \u00eatre appliqu\u00e9 \u00e0 l&rsquo;aide de nombreuses techniques qui vont permettre de s&rsquo;adapter \u00e0 chaque patient. L&rsquo;ost\u00e9opathie permet ainsi donc de traiter tout types de patient.<\/p>\n\n\n\n<h2 class=\"wp-block-heading\" style=\"font-size:30px\"><strong>L&rsquo;ost\u00e9opathie pour <a href=\"https:\/\/osteopathe-barral-franconville.com\/index.php\/osteopathe-pour-le-plus-jeune-age-nourrissons-et-enfants-a-franconville\/\" target=\"_blank\" rel=\"noreferrer noopener\">les nourrissons<\/a><\/strong><\/h2>\n\n\n\n<p>Votre ost\u00e9opathe \u00e0 Franconville intervient aupr\u00e8s des nourrissons. La naissance est le premier traumatisme que nous vivons, l&rsquo;ost\u00e9opathe en adaptant sa prise en charge peut parfaitement s&rsquo;occuper de b\u00e9b\u00e9 juste apr\u00e8s leur naissance. Cela n&rsquo;est d&rsquo;ailleurs pas rare, afin de faire un simple check-up ou bien de traiter un probl\u00e8me li\u00e9 \u00e0 la naissance ou la vie intra-ut\u00e9rine.<\/p>\n\n\n\n<h2 class=\"wp-block-heading\" style=\"font-size:30px\"><strong>Le suivi de <a href=\"https:\/\/osteopathe-barral-franconville.com\/index.php\/osteopathe-pour-le-suivi-de-la-grossesse-a-franconville\/\" target=\"_blank\" rel=\"noreferrer noopener\">la femme enceinte<\/a><\/strong><\/h2>\n\n\n\n<p>La grossesse est une p\u00e9riode de grands changements aussi bien dans le corps que dans la vie d&rsquo;une femme. L&rsquo;apparition de troubles \u00e0 la suite de ces modifications est fr\u00e9quente. L&rsquo;ost\u00e9opathie permet de prendre en charge les diff\u00e9rents probl\u00e8mes se pr\u00e9sentant tout du long de la grossesse et apr\u00e8s l&rsquo;accouchement. Ainsi, l&rsquo;ost\u00e9opathe de Sannois propose un accompagnement complet pour les femmes enceintes.<\/p>\n\n\n\n<h2 class=\"wp-block-heading\" style=\"font-size:30px\"><strong>Le traitement et l&rsquo;accompagnement <a href=\"https:\/\/osteopathe-barral-franconville.com\/index.php\/osteopathe-pour-sportif-a-franconville\/\" target=\"_blank\" rel=\"noreferrer noopener\">du sportif<\/a><\/strong><\/h2>\n\n\n\n<p>La pratique r\u00e9guli\u00e8re d&rsquo;un sport que ce soit sous forme de loisir ou \u00e0 haut niveau sollicite le corps d&rsquo;une fa\u00e7on intense. Cela est propice \u00e0 l&rsquo;apparition de dysfonction ou de traumatisme. L&rsquo;ost\u00e9opathie permet de prendre en charge ces blessures mais aussi de pr\u00e9venir certains traumatismes en permettant un fonctionnement optimal du corps. De ce fait, Pierre Barral, votre ost\u00e9opathe pour sportifs \u00e0 Sannois vous accompagne et vous propose \u00e0 la fois des actions curatives et pr\u00e9ventives.<\/p>\n\n\n\n<h2 class=\"wp-block-heading\" style=\"font-size:30px\"><strong><a href=\"https:\/\/osteopathe-barral-franconville.com\/index.php\/traitement-du-rhumatisme-a-franconville-dans-le-valdoise\/\" target=\"_blank\" rel=\"noreferrer noopener\">Les s\u00e9niors<\/a> et l&rsquo;ost\u00e9opathie<\/strong><\/h2>\n\n\n\n<p>Les personnes \u00e2g\u00e9es deviennent plus fragiles au cours du temps. L&rsquo;ost\u00e9opathie ayant pour but de permettre le meilleur fonctionnement possible du corps, elle peut am\u00e9liorer la qualit\u00e9 de vie. L&rsquo;ost\u00e9opathie peut aider \u00e0 bien vieillir.<\/p>\n","protected":false},"excerpt":{"rendered":"<p>L&rsquo;ost\u00e9opathie permet de traiter de nombreux probl\u00e8mes, mais qui peut en b\u00e9n\u00e9ficier ? Le concept ost\u00e9opathique peut \u00eatre appliqu\u00e9 \u00e0 l&rsquo;aide de nombreuses techniques qui vont permettre de s&rsquo;adapter \u00e0 chaque patient. L&rsquo;ost\u00e9opathie permet ainsi donc de traiter tout types de patient. L&rsquo;ost\u00e9opathie pour les nourrissons Votre ost\u00e9opathe \u00e0 Franconville [&hellip;]<\/p>\n","protected":false},"author":1,"featured_media":0,"parent":0,"menu_order":0,"comment_status":"closed","ping_status":"closed","template":"","meta":{"footnotes":""},"class_list":["post-64","page","type-page","status-publish","hentry"],"yoast_head":"<!-- This site is optimized with the Yoast SEO plugin v27.4 - https:\/\/yoast.com\/product\/yoast-seo-wordpress\/ -->\n<title>Pour qui l&#039;ost\u00e9opathie peut-elle \u00eatre b\u00e9n\u00e9fique ? Votre ost\u00e9opathe \u00e0 Franconville r\u00e9pond \u00e0 vos questions -<\/title>\n<meta name=\"description\" content=\"A qui s&#039;adresse l&#039;ost\u00e9opathie? cette pratique s&#039;adresse \u00e0 toute personne, \u00e0 tout \u00e2ge et \u00e0 tout moment de la vie.\" \/>\n<meta name=\"robots\" content=\"index, follow, max-snippet:-1, max-image-preview:large, max-video-preview:-1\" \/>\n<link rel=\"canonical\" href=\"https:\/\/osteopathe-barral-franconville.com\/index.php\/qui-peut-consulter-un-osteopathe\/\" \/>\n<meta property=\"og:locale\" content=\"fr_FR\" \/>\n<meta property=\"og:type\" content=\"article\" \/>\n<meta property=\"og:title\" content=\"Pour qui l&#039;ost\u00e9opathie peut-elle \u00eatre b\u00e9n\u00e9fique ? Votre ost\u00e9opathe \u00e0 Franconville r\u00e9pond \u00e0 vos questions -\" \/>\n<meta property=\"og:description\" content=\"A qui s&#039;adresse l&#039;ost\u00e9opathie? cette pratique s&#039;adresse \u00e0 toute personne, \u00e0 tout \u00e2ge et \u00e0 tout moment de la vie.\" \/>\n<meta property=\"og:url\" content=\"https:\/\/osteopathe-barral-franconville.com\/index.php\/qui-peut-consulter-un-osteopathe\/\" \/>\n<meta property=\"article:modified_time\" content=\"2022-08-02T09:33:42+00:00\" \/>\n<meta name=\"twitter:card\" content=\"summary_large_image\" \/>\n<meta name=\"twitter:label1\" content=\"Dur\u00e9e de lecture estim\u00e9e\" \/>\n\t<meta name=\"twitter:data1\" content=\"2 minutes\" \/>\n<script type=\"application\/ld+json\" class=\"yoast-schema-graph\">{\"@context\":\"https:\\\/\\\/schema.org\",\"@graph\":[{\"@type\":\"WebPage\",\"@id\":\"https:\\\/\\\/osteopathe-barral-franconville.com\\\/index.php\\\/qui-peut-consulter-un-osteopathe\\\/\",\"url\":\"https:\\\/\\\/osteopathe-barral-franconville.com\\\/index.php\\\/qui-peut-consulter-un-osteopathe\\\/\",\"name\":\"Pour qui l'ost\u00e9opathie peut-elle \u00eatre b\u00e9n\u00e9fique ? Votre ost\u00e9opathe \u00e0 Franconville r\u00e9pond \u00e0 vos questions -\",\"isPartOf\":{\"@id\":\"https:\\\/\\\/osteopathe-barral-franconville.com\\\/#website\"},\"datePublished\":\"2022-07-19T09:39:13+00:00\",\"dateModified\":\"2022-08-02T09:33:42+00:00\",\"description\":\"A qui s'adresse l'ost\u00e9opathie? cette pratique s'adresse \u00e0 toute personne, \u00e0 tout \u00e2ge et \u00e0 tout moment de la vie.\",\"breadcrumb\":{\"@id\":\"https:\\\/\\\/osteopathe-barral-franconville.com\\\/index.php\\\/qui-peut-consulter-un-osteopathe\\\/#breadcrumb\"},\"inLanguage\":\"fr-FR\",\"potentialAction\":[{\"@type\":\"ReadAction\",\"target\":[\"https:\\\/\\\/osteopathe-barral-franconville.com\\\/index.php\\\/qui-peut-consulter-un-osteopathe\\\/\"]}]},{\"@type\":\"BreadcrumbList\",\"@id\":\"https:\\\/\\\/osteopathe-barral-franconville.com\\\/index.php\\\/qui-peut-consulter-un-osteopathe\\\/#breadcrumb\",\"itemListElement\":[{\"@type\":\"ListItem\",\"position\":1,\"name\":\"Accueil\",\"item\":\"https:\\\/\\\/osteopathe-barral-franconville.com\\\/\"},{\"@type\":\"ListItem\",\"position\":2,\"name\":\"Pour qui l&rsquo;ost\u00e9opathie peut-elle \u00eatre b\u00e9n\u00e9fique ? Votre ost\u00e9opathe \u00e0 Franconville r\u00e9pond \u00e0 vos questions\"}]},{\"@type\":\"WebSite\",\"@id\":\"https:\\\/\\\/osteopathe-barral-franconville.com\\\/#website\",\"url\":\"https:\\\/\\\/osteopathe-barral-franconville.com\\\/\",\"name\":\"\",\"description\":\"\",\"potentialAction\":[{\"@type\":\"SearchAction\",\"target\":{\"@type\":\"EntryPoint\",\"urlTemplate\":\"https:\\\/\\\/osteopathe-barral-franconville.com\\\/?s={search_term_string}\"},\"query-input\":{\"@type\":\"PropertyValueSpecification\",\"valueRequired\":true,\"valueName\":\"search_term_string\"}}],\"inLanguage\":\"fr-FR\"}]}<\/script>\n<!-- \/ Yoast SEO plugin. -->","yoast_head_json":{"title":"Pour qui l'ost\u00e9opathie peut-elle \u00eatre b\u00e9n\u00e9fique ? Votre ost\u00e9opathe \u00e0 Franconville r\u00e9pond \u00e0 vos questions -","description":"A qui s'adresse l'ost\u00e9opathie? cette pratique s'adresse \u00e0 toute personne, \u00e0 tout \u00e2ge et \u00e0 tout moment de la vie.","robots":{"index":"index","follow":"follow","max-snippet":"max-snippet:-1","max-image-preview":"max-image-preview:large","max-video-preview":"max-video-preview:-1"},"canonical":"https:\/\/osteopathe-barral-franconville.com\/index.php\/qui-peut-consulter-un-osteopathe\/","og_locale":"fr_FR","og_type":"article","og_title":"Pour qui l'ost\u00e9opathie peut-elle \u00eatre b\u00e9n\u00e9fique ? Votre ost\u00e9opathe \u00e0 Franconville r\u00e9pond \u00e0 vos questions -","og_description":"A qui s'adresse l'ost\u00e9opathie? cette pratique s'adresse \u00e0 toute personne, \u00e0 tout \u00e2ge et \u00e0 tout moment de la vie.","og_url":"https:\/\/osteopathe-barral-franconville.com\/index.php\/qui-peut-consulter-un-osteopathe\/","article_modified_time":"2022-08-02T09:33:42+00:00","twitter_card":"summary_large_image","twitter_misc":{"Dur\u00e9e de lecture estim\u00e9e":"2 minutes"},"schema":{"@context":"https:\/\/schema.org","@graph":[{"@type":"WebPage","@id":"https:\/\/osteopathe-barral-franconville.com\/index.php\/qui-peut-consulter-un-osteopathe\/","url":"https:\/\/osteopathe-barral-franconville.com\/index.php\/qui-peut-consulter-un-osteopathe\/","name":"Pour qui l'ost\u00e9opathie peut-elle \u00eatre b\u00e9n\u00e9fique ? Votre ost\u00e9opathe \u00e0 Franconville r\u00e9pond \u00e0 vos questions -","isPartOf":{"@id":"https:\/\/osteopathe-barral-franconville.com\/#website"},"datePublished":"2022-07-19T09:39:13+00:00","dateModified":"2022-08-02T09:33:42+00:00","description":"A qui s'adresse l'ost\u00e9opathie? cette pratique s'adresse \u00e0 toute personne, \u00e0 tout \u00e2ge et \u00e0 tout moment de la vie.","breadcrumb":{"@id":"https:\/\/osteopathe-barral-franconville.com\/index.php\/qui-peut-consulter-un-osteopathe\/#breadcrumb"},"inLanguage":"fr-FR","potentialAction":[{"@type":"ReadAction","target":["https:\/\/osteopathe-barral-franconville.com\/index.php\/qui-peut-consulter-un-osteopathe\/"]}]},{"@type":"BreadcrumbList","@id":"https:\/\/osteopathe-barral-franconville.com\/index.php\/qui-peut-consulter-un-osteopathe\/#breadcrumb","itemListElement":[{"@type":"ListItem","position":1,"name":"Accueil","item":"https:\/\/osteopathe-barral-franconville.com\/"},{"@type":"ListItem","position":2,"name":"Pour qui l&rsquo;ost\u00e9opathie peut-elle \u00eatre b\u00e9n\u00e9fique ? Votre ost\u00e9opathe \u00e0 Franconville r\u00e9pond \u00e0 vos questions"}]},{"@type":"WebSite","@id":"https:\/\/osteopathe-barral-franconville.com\/#website","url":"https:\/\/osteopathe-barral-franconville.com\/","name":"","description":"","potentialAction":[{"@type":"SearchAction","target":{"@type":"EntryPoint","urlTemplate":"https:\/\/osteopathe-barral-franconville.com\/?s={search_term_string}"},"query-input":{"@type":"PropertyValueSpecification","valueRequired":true,"valueName":"search_term_string"}}],"inLanguage":"fr-FR"}]}},"_links":{"self":[{"href":"https:\/\/osteopathe-barral-franconville.com\/index.php\/wp-json\/wp\/v2\/pages\/64","targetHints":{"allow":["GET"]}}],"collection":[{"href":"https:\/\/osteopathe-barral-franconville.com\/index.php\/wp-json\/wp\/v2\/pages"}],"about":[{"href":"https:\/\/osteopathe-barral-franconville.com\/index.php\/wp-json\/wp\/v2\/types\/page"}],"author":[{"embeddable":true,"href":"https:\/\/osteopathe-barral-franconville.com\/index.php\/wp-json\/wp\/v2\/users\/1"}],"replies":[{"embeddable":true,"href":"https:\/\/osteopathe-barral-franconville.com\/index.php\/wp-json\/wp\/v2\/comments?post=64"}],"version-history":[{"count":3,"href":"https:\/\/osteopathe-barral-franconville.com\/index.php\/wp-json\/wp\/v2\/pages\/64\/revisions"}],"predecessor-version":[{"id":269,"href":"https:\/\/osteopathe-barral-franconville.com\/index.php\/wp-json\/wp\/v2\/pages\/64\/revisions\/269"}],"wp:attachment":[{"href":"https:\/\/osteopathe-barral-franconville.com\/index.php\/wp-json\/wp\/v2\/media?parent=64"}],"curies":[{"name":"wp","href":"https:\/\/api.w.org\/{rel}","templated":true}]}}