{"id":65,"date":"2022-07-19T11:39:13","date_gmt":"2022-07-19T09:39:13","guid":{"rendered":"http:\/\/osteopathe-barral-franconville.com\/?page_id=65"},"modified":"2022-08-29T16:36:27","modified_gmt":"2022-08-29T14:36:27","slug":"osteopathie-et-le-travail","status":"publish","type":"page","link":"https:\/\/osteopathe-barral-franconville.com\/index.php\/osteopathie-et-le-travail\/","title":{"rendered":"L\u2019int\u00e9r\u00eat de l&rsquo;ost\u00e9opathie dans le monde du travail (troubles musculo-squelettiques et stress) \u00e0 Franconville."},"content":{"rendered":"\n<div class=\"wp-block-media-text is-stacked-on-mobile\" style=\"grid-template-columns:20% auto\"><figure class=\"wp-block-media-text__media\"><img loading=\"lazy\" decoding=\"async\" width=\"683\" height=\"1024\" src=\"https:\/\/osteopathe-barral-franconville.com\/wp-content\/uploads\/2022\/08\/travail-683x1024.jpg\" alt=\"travail ost\u00e9opathie\" class=\"wp-image-264 size-full\" srcset=\"https:\/\/osteopathe-barral-franconville.com\/wp-content\/uploads\/2022\/08\/travail-683x1024.jpg 683w, https:\/\/osteopathe-barral-franconville.com\/wp-content\/uploads\/2022\/08\/travail-200x300.jpg 200w, https:\/\/osteopathe-barral-franconville.com\/wp-content\/uploads\/2022\/08\/travail-768x1152.jpg 768w, https:\/\/osteopathe-barral-franconville.com\/wp-content\/uploads\/2022\/08\/travail-1024x1536.jpg 1024w, https:\/\/osteopathe-barral-franconville.com\/wp-content\/uploads\/2022\/08\/travail-1365x2048.jpg 1365w, https:\/\/osteopathe-barral-franconville.com\/wp-content\/uploads\/2022\/08\/travail-scaled.jpg 1707w\" sizes=\"auto, (max-width: 683px) 100vw, 683px\" \/><\/figure><div class=\"wp-block-media-text__content\">\n<p>Le travail est de plus en plus exigeant source de g\u00eanes et de douleurs pour certains. Pierre Barral, ost\u00e9opathe \u00e0 Franconville, prend en charge ces troubles. Le monde du travail demande des efforts vari\u00e9s et aux corps de chaque personne. La r\u00e9p\u00e9titivit\u00e9, l&rsquo;agencement du poste de travail ou parfois m\u00eame les ant\u00e9c\u00e9dents m\u00e9dicaux du patient peuvent amener des douleurs. L&rsquo;ost\u00e9opathie peut vous aider \u00e0 traiter ces douleurs li\u00e9 au travail et emp\u00eacher la r\u00e9cidive.<\/p>\n<\/div><\/div>\n\n\n\n<h2 class=\"wp-block-heading\" style=\"font-size:30px\">Qu&rsquo;est-ce qu&rsquo;un TMS (trouble musculo-squelettique)?<\/h2>\n\n\n\n<p>Le trouble musculo-squelettique est un terme englobant de nombreuses pathologies (par exemple, les tendinites). Celles-ci concernent surtout les tissus mous proches des articulations comme les muscles et les ligaments. Ces pathologies se traduisent par des g\u00eanes et\/ou des douleurs dans le mouvement articulaire.<\/p>\n\n\n\n<p>Ces TMS s&rsquo;installent pour diff\u00e9rentes raisons :<\/p>\n\n\n\n<ul class=\"wp-block-list\"><li><strong>L&rsquo;organisation du poste de travail<\/strong><\/li><\/ul>\n\n\n\n<p>Il doit \u00eatre pens\u00e9 de mani\u00e8re optimale afin de ne pas demander d&rsquo;effort constant au corps. Un \u00e9cran d&rsquo;ordinateur trop bas ou trop haut par exemple va solliciter une adaptation de la position des cervicales depuis leur position neutre co\u00fbtant aux muscles un effort important. \u00c0 terme cela se traduit par des tensions dans les \u00e9paules et des douleurs musculaires.<\/p>\n\n\n\n<ul class=\"wp-block-list\"><li><strong>Les efforts excessifs ou la r\u00e9p\u00e9titivit\u00e9 des gestes<\/strong><\/li><\/ul>\n\n\n\n<p>Un geste r\u00e9p\u00e9titif va provoquer une fatigue musculaire. Le corps peut r\u00e9pondre \u00e0 de tr\u00e8s nombreuses demandes de mouvement tant que ceux-ci restent vari\u00e9s. Mais demander un m\u00eame mouvement encore et encore serait comme exiger le travail de toute une entreprise \u00e0 un seul employ\u00e9. Cela ne pourra pas marcher ind\u00e9finiment.<\/p>\n\n\n\n<ul class=\"wp-block-list\"><li><strong>Les facteurs psychiques<\/strong><\/li><\/ul>\n\n\n\n<p>La relation que la personne a par rapport \u00e0 son travail est importante. La place dans une entreprise, les relations entre coll\u00e8gues, la reconnaissance pour le travail accompli, les \u00e9ch\u00e9ances \u00e0 tenir. Tous ces \u00e9l\u00e9ments peuvent \u00eatre \u00e0 l&rsquo;origine d&rsquo;un stress favorisant l&rsquo;apparition de TMS.<\/p>\n\n\n\n<p>La prise en charge en ost\u00e9opathie a donc toute sa place dans le monde du travail pour permettre une bonne sant\u00e9 des employ\u00e9s<\/p>\n\n\n\n<h2 class=\"wp-block-heading\" style=\"font-size:30px\">Le stress au travail et l&rsquo;ost\u00e9opathie.<\/h2>\n\n\n\n<p>Les exigences d&rsquo;un emploi peuvent \u00eatre source de stress. Celui-ci provoque une r\u00e9action du corps comme tout aspect \u00e9motionnel. Le syst\u00e8me nerveux r\u00e9pondre aux diff\u00e9rentes situations que peut rencontrer un individu. Le stress provoque une acc\u00e9l\u00e9ration du rythme cardiaque, de la respiration, et va influer sur le syst\u00e8me digestif et enfin sur le syst\u00e8me musculo-squelettique.<\/p>\n\n\n\n<ul class=\"wp-block-list\"><li><strong>Le syst\u00e8me cardio-respiratoire<\/strong><\/li><\/ul>\n\n\n\n<p>La r\u00e9action physiologique face au stress est une augmentation des rythmes cardiaque et respiratoire. \u00c0 court terme,  le corps le g\u00e8re tr\u00e8s bien. Mais le corps va s&rsquo;adapter plus ou moins bien \u00e0 cette nouvelle condition si le stress se prolonge. L&rsquo;ensemble du thorax va se positionner de fa\u00e7on \u00e0 favoriser l&rsquo;inspiration au d\u00e9triment de l&rsquo;expiration. On obtient \u00e0 terme une tension permanente, avec une incapacit\u00e9 du corps \u00e0 se rel\u00e2cher, de l&rsquo;ensemble du tronc qui se transmet aux \u00e9paules et aux membres sup\u00e9rieurs, ceux-ci \u00e9tant suspendus au thorax.<\/p>\n\n\n\n<ul class=\"wp-block-list\"><li><strong>Le syst\u00e8me digestif<\/strong><\/li><\/ul>\n\n\n\n<p>La partie du syst\u00e8me nerveux contr\u00f4lant le syst\u00e8me digestif fonctionne en synergie avec celle contr\u00f4lant les r\u00e9actions au stress. De ce fait, un fonctionnement excessif d&rsquo;une de ces parties du syst\u00e8me nerveux va se faire au d\u00e9triment de l&rsquo;autre. Ainsi lors de stress prolong\u00e9 des troubles digestifs peuvent appara\u00eetre. Bien entendu, les classiques constipations et diarrh\u00e9es, mais aussi les brulures d&rsquo;estomac et remont\u00e9es acides. L&rsquo;ensemble du syst\u00e8me digestif est rattach\u00e9 au dos. Son dysfonctionnement peut \u00e0 terme emp\u00eacher un bon fonctionnement du dos entra\u00eenant l&rsquo;apparition de douleurs lombaires et\/ou dorsales.<\/p>\n\n\n\n<h2 class=\"wp-block-heading\" style=\"font-size:30px\">Quels m\u00e9tiers\/ travail peuvent b\u00e9n\u00e9ficier de l&rsquo;action d&rsquo;un ost\u00e9opathe ?<\/h2>\n\n\n\n<p>Tous les m\u00e9tiers peuvent b\u00e9n\u00e9ficier de l&rsquo;action d&rsquo;un ost\u00e9opathe. Que vous soyez assis \u00e0 un bureau pour travailler ou bien en ext\u00e9rieur \u00e0 faire de la manutention, votre travail est source d&rsquo;adaptation et de tension.<\/p>\n\n\n\n<p>Le corps peut les g\u00e9rer. Mais il y a un stade de rupture \u00e0 partir duquel le corps n&rsquo;y arrive plus. C&rsquo;est pourquoi il est important de consulter un ost\u00e9opathe au moins une fois par an afin de limiter au maximum l&rsquo;apparition de probl\u00e8mes li\u00e9s \u00e0 votre activit\u00e9 professionnelle.<\/p>\n","protected":false},"excerpt":{"rendered":"<p>Le travail est de plus en plus exigeant source de g\u00eanes et de douleurs pour certains. Pierre Barral, ost\u00e9opathe \u00e0 Franconville, prend en charge ces troubles. Le monde du travail demande des efforts vari\u00e9s et aux corps de chaque personne. La r\u00e9p\u00e9titivit\u00e9, l&rsquo;agencement du poste de travail ou parfois m\u00eame [&hellip;]<\/p>\n","protected":false},"author":1,"featured_media":0,"parent":0,"menu_order":0,"comment_status":"closed","ping_status":"closed","template":"","meta":{"footnotes":""},"class_list":["post-65","page","type-page","status-publish","hentry"],"yoast_head":"<!-- This site is optimized with the Yoast SEO plugin v27.4 - https:\/\/yoast.com\/product\/yoast-seo-wordpress\/ -->\n<title>L\u2019int\u00e9r\u00eat de l&#039;ost\u00e9opathie dans le monde du travail (troubles musculo-squelettiques et stress) \u00e0 Franconville. -<\/title>\n<meta name=\"description\" content=\"Le monde du travail est sources de douleurs pour de plus plus de personnes. Grace \u00e0 l&#039;ost\u00e9opathie peut traiter les douleurs li\u00e9s au travail.\" \/>\n<meta name=\"robots\" content=\"index, follow, max-snippet:-1, max-image-preview:large, max-video-preview:-1\" \/>\n<link rel=\"canonical\" href=\"https:\/\/osteopathe-barral-franconville.com\/index.php\/osteopathie-et-le-travail\/\" \/>\n<meta property=\"og:locale\" content=\"fr_FR\" \/>\n<meta property=\"og:type\" content=\"article\" \/>\n<meta property=\"og:title\" content=\"L\u2019int\u00e9r\u00eat de l&#039;ost\u00e9opathie dans le monde du travail (troubles musculo-squelettiques et stress) \u00e0 Franconville. -\" \/>\n<meta property=\"og:description\" content=\"Le monde du travail est sources de douleurs pour de plus plus de personnes. Grace \u00e0 l&#039;ost\u00e9opathie peut traiter les douleurs li\u00e9s au travail.\" \/>\n<meta property=\"og:url\" content=\"https:\/\/osteopathe-barral-franconville.com\/index.php\/osteopathie-et-le-travail\/\" \/>\n<meta property=\"article:modified_time\" content=\"2022-08-29T14:36:27+00:00\" \/>\n<meta property=\"og:image\" content=\"https:\/\/osteopathe-barral-franconville.com\/wp-content\/uploads\/2022\/08\/travail-683x1024.jpg\" \/>\n<meta name=\"twitter:card\" content=\"summary_large_image\" \/>\n<meta name=\"twitter:label1\" content=\"Dur\u00e9e de lecture estim\u00e9e\" \/>\n\t<meta name=\"twitter:data1\" content=\"4 minutes\" \/>\n<script type=\"application\/ld+json\" class=\"yoast-schema-graph\">{\"@context\":\"https:\\\/\\\/schema.org\",\"@graph\":[{\"@type\":\"WebPage\",\"@id\":\"https:\\\/\\\/osteopathe-barral-franconville.com\\\/index.php\\\/osteopathie-et-le-travail\\\/\",\"url\":\"https:\\\/\\\/osteopathe-barral-franconville.com\\\/index.php\\\/osteopathie-et-le-travail\\\/\",\"name\":\"L\u2019int\u00e9r\u00eat de l'ost\u00e9opathie dans le monde du travail (troubles musculo-squelettiques et stress) \u00e0 Franconville. -\",\"isPartOf\":{\"@id\":\"https:\\\/\\\/osteopathe-barral-franconville.com\\\/#website\"},\"primaryImageOfPage\":{\"@id\":\"https:\\\/\\\/osteopathe-barral-franconville.com\\\/index.php\\\/osteopathie-et-le-travail\\\/#primaryimage\"},\"image\":{\"@id\":\"https:\\\/\\\/osteopathe-barral-franconville.com\\\/index.php\\\/osteopathie-et-le-travail\\\/#primaryimage\"},\"thumbnailUrl\":\"https:\\\/\\\/osteopathe-barral-franconville.com\\\/wp-content\\\/uploads\\\/2022\\\/08\\\/travail-683x1024.jpg\",\"datePublished\":\"2022-07-19T09:39:13+00:00\",\"dateModified\":\"2022-08-29T14:36:27+00:00\",\"description\":\"Le monde du travail est sources de douleurs pour de plus plus de personnes. Grace \u00e0 l'ost\u00e9opathie peut traiter les douleurs li\u00e9s au travail.\",\"breadcrumb\":{\"@id\":\"https:\\\/\\\/osteopathe-barral-franconville.com\\\/index.php\\\/osteopathie-et-le-travail\\\/#breadcrumb\"},\"inLanguage\":\"fr-FR\",\"potentialAction\":[{\"@type\":\"ReadAction\",\"target\":[\"https:\\\/\\\/osteopathe-barral-franconville.com\\\/index.php\\\/osteopathie-et-le-travail\\\/\"]}]},{\"@type\":\"ImageObject\",\"inLanguage\":\"fr-FR\",\"@id\":\"https:\\\/\\\/osteopathe-barral-franconville.com\\\/index.php\\\/osteopathie-et-le-travail\\\/#primaryimage\",\"url\":\"https:\\\/\\\/osteopathe-barral-franconville.com\\\/wp-content\\\/uploads\\\/2022\\\/08\\\/travail-683x1024.jpg\",\"contentUrl\":\"https:\\\/\\\/osteopathe-barral-franconville.com\\\/wp-content\\\/uploads\\\/2022\\\/08\\\/travail-683x1024.jpg\"},{\"@type\":\"BreadcrumbList\",\"@id\":\"https:\\\/\\\/osteopathe-barral-franconville.com\\\/index.php\\\/osteopathie-et-le-travail\\\/#breadcrumb\",\"itemListElement\":[{\"@type\":\"ListItem\",\"position\":1,\"name\":\"Accueil\",\"item\":\"https:\\\/\\\/osteopathe-barral-franconville.com\\\/\"},{\"@type\":\"ListItem\",\"position\":2,\"name\":\"L\u2019int\u00e9r\u00eat de l&rsquo;ost\u00e9opathie dans le monde du travail (troubles musculo-squelettiques et stress) \u00e0 Franconville.\"}]},{\"@type\":\"WebSite\",\"@id\":\"https:\\\/\\\/osteopathe-barral-franconville.com\\\/#website\",\"url\":\"https:\\\/\\\/osteopathe-barral-franconville.com\\\/\",\"name\":\"\",\"description\":\"\",\"potentialAction\":[{\"@type\":\"SearchAction\",\"target\":{\"@type\":\"EntryPoint\",\"urlTemplate\":\"https:\\\/\\\/osteopathe-barral-franconville.com\\\/?s={search_term_string}\"},\"query-input\":{\"@type\":\"PropertyValueSpecification\",\"valueRequired\":true,\"valueName\":\"search_term_string\"}}],\"inLanguage\":\"fr-FR\"}]}<\/script>\n<!-- \/ Yoast SEO plugin. -->","yoast_head_json":{"title":"L\u2019int\u00e9r\u00eat de l'ost\u00e9opathie dans le monde du travail (troubles musculo-squelettiques et stress) \u00e0 Franconville. -","description":"Le monde du travail est sources de douleurs pour de plus plus de personnes. Grace \u00e0 l'ost\u00e9opathie peut traiter les douleurs li\u00e9s au travail.","robots":{"index":"index","follow":"follow","max-snippet":"max-snippet:-1","max-image-preview":"max-image-preview:large","max-video-preview":"max-video-preview:-1"},"canonical":"https:\/\/osteopathe-barral-franconville.com\/index.php\/osteopathie-et-le-travail\/","og_locale":"fr_FR","og_type":"article","og_title":"L\u2019int\u00e9r\u00eat de l'ost\u00e9opathie dans le monde du travail (troubles musculo-squelettiques et stress) \u00e0 Franconville. -","og_description":"Le monde du travail est sources de douleurs pour de plus plus de personnes. Grace \u00e0 l'ost\u00e9opathie peut traiter les douleurs li\u00e9s au travail.","og_url":"https:\/\/osteopathe-barral-franconville.com\/index.php\/osteopathie-et-le-travail\/","article_modified_time":"2022-08-29T14:36:27+00:00","og_image":[{"url":"https:\/\/osteopathe-barral-franconville.com\/wp-content\/uploads\/2022\/08\/travail-683x1024.jpg","type":"","width":"","height":""}],"twitter_card":"summary_large_image","twitter_misc":{"Dur\u00e9e de lecture estim\u00e9e":"4 minutes"},"schema":{"@context":"https:\/\/schema.org","@graph":[{"@type":"WebPage","@id":"https:\/\/osteopathe-barral-franconville.com\/index.php\/osteopathie-et-le-travail\/","url":"https:\/\/osteopathe-barral-franconville.com\/index.php\/osteopathie-et-le-travail\/","name":"L\u2019int\u00e9r\u00eat de l'ost\u00e9opathie dans le monde du travail (troubles musculo-squelettiques et stress) \u00e0 Franconville. -","isPartOf":{"@id":"https:\/\/osteopathe-barral-franconville.com\/#website"},"primaryImageOfPage":{"@id":"https:\/\/osteopathe-barral-franconville.com\/index.php\/osteopathie-et-le-travail\/#primaryimage"},"image":{"@id":"https:\/\/osteopathe-barral-franconville.com\/index.php\/osteopathie-et-le-travail\/#primaryimage"},"thumbnailUrl":"https:\/\/osteopathe-barral-franconville.com\/wp-content\/uploads\/2022\/08\/travail-683x1024.jpg","datePublished":"2022-07-19T09:39:13+00:00","dateModified":"2022-08-29T14:36:27+00:00","description":"Le monde du travail est sources de douleurs pour de plus plus de personnes. Grace \u00e0 l'ost\u00e9opathie peut traiter les douleurs li\u00e9s au travail.","breadcrumb":{"@id":"https:\/\/osteopathe-barral-franconville.com\/index.php\/osteopathie-et-le-travail\/#breadcrumb"},"inLanguage":"fr-FR","potentialAction":[{"@type":"ReadAction","target":["https:\/\/osteopathe-barral-franconville.com\/index.php\/osteopathie-et-le-travail\/"]}]},{"@type":"ImageObject","inLanguage":"fr-FR","@id":"https:\/\/osteopathe-barral-franconville.com\/index.php\/osteopathie-et-le-travail\/#primaryimage","url":"https:\/\/osteopathe-barral-franconville.com\/wp-content\/uploads\/2022\/08\/travail-683x1024.jpg","contentUrl":"https:\/\/osteopathe-barral-franconville.com\/wp-content\/uploads\/2022\/08\/travail-683x1024.jpg"},{"@type":"BreadcrumbList","@id":"https:\/\/osteopathe-barral-franconville.com\/index.php\/osteopathie-et-le-travail\/#breadcrumb","itemListElement":[{"@type":"ListItem","position":1,"name":"Accueil","item":"https:\/\/osteopathe-barral-franconville.com\/"},{"@type":"ListItem","position":2,"name":"L\u2019int\u00e9r\u00eat de l&rsquo;ost\u00e9opathie dans le monde du travail (troubles musculo-squelettiques et stress) \u00e0 Franconville."}]},{"@type":"WebSite","@id":"https:\/\/osteopathe-barral-franconville.com\/#website","url":"https:\/\/osteopathe-barral-franconville.com\/","name":"","description":"","potentialAction":[{"@type":"SearchAction","target":{"@type":"EntryPoint","urlTemplate":"https:\/\/osteopathe-barral-franconville.com\/?s={search_term_string}"},"query-input":{"@type":"PropertyValueSpecification","valueRequired":true,"valueName":"search_term_string"}}],"inLanguage":"fr-FR"}]}},"_links":{"self":[{"href":"https:\/\/osteopathe-barral-franconville.com\/index.php\/wp-json\/wp\/v2\/pages\/65","targetHints":{"allow":["GET"]}}],"collection":[{"href":"https:\/\/osteopathe-barral-franconville.com\/index.php\/wp-json\/wp\/v2\/pages"}],"about":[{"href":"https:\/\/osteopathe-barral-franconville.com\/index.php\/wp-json\/wp\/v2\/types\/page"}],"author":[{"embeddable":true,"href":"https:\/\/osteopathe-barral-franconville.com\/index.php\/wp-json\/wp\/v2\/users\/1"}],"replies":[{"embeddable":true,"href":"https:\/\/osteopathe-barral-franconville.com\/index.php\/wp-json\/wp\/v2\/comments?post=65"}],"version-history":[{"count":5,"href":"https:\/\/osteopathe-barral-franconville.com\/index.php\/wp-json\/wp\/v2\/pages\/65\/revisions"}],"predecessor-version":[{"id":342,"href":"https:\/\/osteopathe-barral-franconville.com\/index.php\/wp-json\/wp\/v2\/pages\/65\/revisions\/342"}],"wp:attachment":[{"href":"https:\/\/osteopathe-barral-franconville.com\/index.php\/wp-json\/wp\/v2\/media?parent=65"}],"curies":[{"name":"wp","href":"https:\/\/api.w.org\/{rel}","templated":true}]}}